{"id":271,"date":"2024-03-13T11:27:54","date_gmt":"2024-03-13T10:27:54","guid":{"rendered":"https:\/\/www.schenk-tanktransport.com\/?page_id=271"},"modified":"2026-03-27T10:56:25","modified_gmt":"2026-03-27T09:56:25","slug":"ueber-uns","status":"publish","type":"page","link":"https:\/\/www.schenk-tanktransport.com\/de\/ueber-uns\/","title":{"rendered":"\u00dcber uns"},"content":{"rendered":"\n<p class=\"col-md-10 offset-md-1\"><strong>Wir sind Schenk. Als ein f\u00fchrendes internationales Tanktransportunternehmen konzentrieren wir uns darauf, Spitzenleistungen zu erbringen, neue M\u00e4rkte zu erschlie\u00dfen und in aufstrebende Nischen zu expandieren. Mit mehr als 2.600 Spezialisten in unseren Betrieben und B\u00fcros in f\u00fcnf L\u00e4ndern meistern wir m\u00fchelos die Herausforderungen der europ\u00e4ischen Industrie.<\/strong><\/p>\n\n\n\n<p class=\"col-md-10 offset-md-1\">Unsere Arbeitsweise basiert auf einem fortschrittlichen Ansatz, bei dem Sicherheit an erster Stelle steht, hervorragende Leistung unser Versprechen an die Kunden ist, eine lernende Organisation die Norm und Nachhaltigkeit unsere Verantwortung ist. Diese Grunds\u00e4tze helfen uns, mit unseren Partnern eine langfristige Zusammenarbeit aufzubauen, die sich \u00fcber viele Jahrzehnte erstreckt und die hohe Qualit\u00e4t unserer Dienstleistungen gew\u00e4hrleistet.<\/p>\n\n\n\n<div style=\"height:66px\" aria-hidden=\"true\" class=\"wp-block-spacer\"><\/div>\n\n\n\n<div class=\"wp-block-columns col-md-10 offset-md-1 is-layout-flex wp-container-core-columns-is-layout-9d6595d7 wp-block-columns-is-layout-flex\">\n<div class=\"wp-block-column is-layout-flow wp-block-column-is-layout-flow\">\n<figure class=\"wp-block-image size-large\"><img loading=\"lazy\" decoding=\"async\" width=\"1024\" height=\"683\" src=\"https:\/\/www.schenk-tanktransport.com\/wp-content\/uploads\/sites\/8\/2024\/03\/Afbeelding-Gasses-1024x683.jpg\" alt=\"\" class=\"wp-image-1577\" srcset=\"https:\/\/www.schenk-tanktransport.com\/de\/wp-content\/uploads\/sites\/8\/2024\/03\/Afbeelding-Gasses-1024x683.jpg 1024w, https:\/\/www.schenk-tanktransport.com\/de\/wp-content\/uploads\/sites\/8\/2024\/03\/Afbeelding-Gasses-300x200.jpg 300w, https:\/\/www.schenk-tanktransport.com\/de\/wp-content\/uploads\/sites\/8\/2024\/03\/Afbeelding-Gasses-768x512.jpg 768w, https:\/\/www.schenk-tanktransport.com\/de\/wp-content\/uploads\/sites\/8\/2024\/03\/Afbeelding-Gasses-1536x1024.jpg 1536w, https:\/\/www.schenk-tanktransport.com\/de\/wp-content\/uploads\/sites\/8\/2024\/03\/Afbeelding-Gasses-2048x1365.jpg 2048w\" sizes=\"auto, (max-width: 1024px) 100vw, 1024px\" \/><\/figure>\n<\/div>\n\n\n\n<div class=\"wp-block-column is-layout-flow wp-block-column-is-layout-flow\">\n<p><strong>Unser Engagement f\u00fcr die Sicherheit<\/strong><\/p>\n\n\n\n<p>Bei allem was wir tun, steht die \u00dcbernahme von Verantwortung im Mittelpunkt &#8211; Tag und Nacht und \u00fcberall. Sicherheit hat f\u00fcr uns oberste Priorit\u00e4t, und wenn wir nicht sicher arbeiten k\u00f6nnen, stellen wir die Arbeit ein. Unser Engagement f\u00fcr Sicherheit gilt nicht nur f\u00fcr unser Team und die Menschen, mit denen wir zusammenarbeiten, sondern auch f\u00fcr unsere gesamte Flotte.<\/p>\n<\/div>\n<\/div>\n\n\n\n<div style=\"height:100px\" aria-hidden=\"true\" class=\"wp-block-spacer\"><\/div>\n\n\n\n<div class=\"wp-block-columns col-md-10 offset-md-1 is-layout-flex wp-container-core-columns-is-layout-9d6595d7 wp-block-columns-is-layout-flex\">\n<div class=\"wp-block-column is-layout-flow wp-block-column-is-layout-flow\">\n<figure class=\"wp-block-image size-full\"><img loading=\"lazy\" decoding=\"async\" width=\"2560\" height=\"1919\" src=\"https:\/\/www.schenk-tanktransport.com\/wp-content\/uploads\/sites\/8\/2024\/05\/2021_06_LNG_Bernard-Riphagen_B0010030_LQ-scaled.jpg\" alt=\"\" class=\"wp-image-1334\" style=\"aspect-ratio:3\/2;object-fit:cover\" srcset=\"https:\/\/www.schenk-tanktransport.com\/de\/wp-content\/uploads\/sites\/8\/2024\/05\/2021_06_LNG_Bernard-Riphagen_B0010030_LQ-scaled.jpg 2560w, https:\/\/www.schenk-tanktransport.com\/de\/wp-content\/uploads\/sites\/8\/2024\/05\/2021_06_LNG_Bernard-Riphagen_B0010030_LQ-300x225.jpg 300w, https:\/\/www.schenk-tanktransport.com\/de\/wp-content\/uploads\/sites\/8\/2024\/05\/2021_06_LNG_Bernard-Riphagen_B0010030_LQ-1024x767.jpg 1024w, https:\/\/www.schenk-tanktransport.com\/de\/wp-content\/uploads\/sites\/8\/2024\/05\/2021_06_LNG_Bernard-Riphagen_B0010030_LQ-768x576.jpg 768w, https:\/\/www.schenk-tanktransport.com\/de\/wp-content\/uploads\/sites\/8\/2024\/05\/2021_06_LNG_Bernard-Riphagen_B0010030_LQ-1536x1151.jpg 1536w, https:\/\/www.schenk-tanktransport.com\/de\/wp-content\/uploads\/sites\/8\/2024\/05\/2021_06_LNG_Bernard-Riphagen_B0010030_LQ-2048x1535.jpg 2048w\" sizes=\"auto, (max-width: 2560px) 100vw, 2560px\" \/><\/figure>\n<\/div>\n\n\n\n<div class=\"wp-block-column is-layout-flow wp-block-column-is-layout-flow\">\n<p><strong>Umfassendes Wissen<\/strong><\/p>\n\n\n\n<p>Wir verf\u00fcgen \u00fcber einen modernen Fuhrpark, der mit den neuesten Technologien ausgestattet ist, um sicherzustellen, dass jede Fahrt den h\u00f6chsten Sicherheitsstandards entspricht und die besten L\u00f6sungen f\u00fcr unsere Kunden bietet. Durch unser fundiertes Wissen, den Austausch von Erfahrungen, kontinuierliches Lernen und den Einsatz modernster Ausr\u00fcstung arbeiten wir auf eine Zukunft hin, in der sichere Transporte zum Standard geh\u00f6ren.<\/p>\n<\/div>\n<\/div>\n\n\n\n<div style=\"height:100px\" aria-hidden=\"true\" class=\"wp-block-spacer\"><\/div>\n\n\n\n<div class=\"wp-block-columns col-md-10 offset-md-1 is-layout-flex wp-container-core-columns-is-layout-9d6595d7 wp-block-columns-is-layout-flex\">\n<div class=\"wp-block-column is-layout-flow wp-block-column-is-layout-flow\">\n<figure class=\"wp-block-image size-large\"><img loading=\"lazy\" decoding=\"async\" width=\"1024\" height=\"597\" src=\"https:\/\/www.schenk-tanktransport.com\/wp-content\/uploads\/sites\/8\/2024\/09\/slide-4-1024x597.jpg\" alt=\"\" class=\"wp-image-3102\" style=\"aspect-ratio:3\/2;object-fit:cover\" srcset=\"https:\/\/www.schenk-tanktransport.com\/de\/wp-content\/uploads\/sites\/8\/2024\/09\/slide-4-1024x597.jpg 1024w, https:\/\/www.schenk-tanktransport.com\/de\/wp-content\/uploads\/sites\/8\/2024\/09\/slide-4-300x175.jpg 300w, https:\/\/www.schenk-tanktransport.com\/de\/wp-content\/uploads\/sites\/8\/2024\/09\/slide-4-768x448.jpg 768w, https:\/\/www.schenk-tanktransport.com\/de\/wp-content\/uploads\/sites\/8\/2024\/09\/slide-4.jpg 1200w\" sizes=\"auto, (max-width: 1024px) 100vw, 1024px\" \/><\/figure>\n<\/div>\n\n\n\n<div class=\"wp-block-column is-layout-flow wp-block-column-is-layout-flow\">\n<p><strong>Die Geschichte von Schenk Tanktransport<\/strong><\/p>\n\n\n\n<p>Schenk ist ein stolzes Familienunternehmen, das 1925 gegr\u00fcndet wurde und sich zun\u00e4chst auf den Transport von Sand und Kies spezialisierte. Unter der Leitung von Harry und Arjan Schenk verlagerte sich der Schwerpunkt 1980 vollst\u00e4ndig auf den Tanktransport, wodurch sich das Unternehmen als zuverl\u00e4ssiger Akteur in diesem Sektor etablierte. Im Jahr 2024 wurde mit Blick auf die Zukunft und in Ermangelung eines Nachfolgers innerhalb der Familie beschlossen, eine neue F\u00fchrung zu suchen. Mit der Ankunft des neuen CEO, Marcel Claessen, beginnt f\u00fcr Schenk ein neues Kapitel, in dem die Kernwerte beibehalten und gleichzeitig neue Marktchancen ergriffen werden.<\/p>\n<\/div>\n<\/div>\n\n\n\n<div style=\"height:19px\" aria-hidden=\"true\" class=\"wp-block-spacer\"><\/div>\n\n\n\n<div id=\"know-more\" class=\"wp-block-group col-md-10 offset-md-1\"><div class=\"wp-block-group__inner-container is-layout-constrained wp-block-group-is-layout-constrained\">\n<hr class=\"wp-block-separator has-alpha-channel-opacity\" \/>\n\n\n\n<h2 class=\"wp-block-heading\"><strong>Kontakt zu Schenk<\/strong><\/h2>\n\n\n\n<p>Haben Sie Fragen zu Schenk oder sind Sie an Karrierem\u00f6glichkeiten interessiert? Nehmen Sie Kontakt mit uns auf! Wir nehmen uns gerne Zeit f\u00fcr Sie.<\/p>\n\n\n\n<div class=\"wp-block-buttons is-layout-flex wp-block-buttons-is-layout-flex\">\n<div class=\"wp-block-button\"><a class=\"wp-block-button__link wp-element-button\" href=\"https:\/\/www.schenk-tanktransport.com\/de\/contact\/\">Nehmen Sie Kontakt auf<\/a><\/div>\n<\/div>\n<\/div><\/div>\n\n\n\n<div style=\"height:100px\" aria-hidden=\"true\" class=\"wp-block-spacer\"><\/div>\n","protected":false},"excerpt":{"rendered":"<p>Wir sind Schenk. Als ein f\u00fchrendes internationales Tanktransportunternehmen konzentrieren wir uns darauf, Spitzenleistungen zu erbringen, [&hellip;]<\/p>\n","protected":false},"author":26,"featured_media":0,"parent":0,"menu_order":0,"comment_status":"closed","ping_status":"closed","template":"","meta":{"_acf_changed":false,"editor_notices":[],"footnotes":""},"class_list":["post-271","page","type-page","status-publish","hentry"],"acf":{"contactpersoon_related_titel":"","contactpersoon_related_content":"","contactpersoon_related":""},"yoast_head":"<!-- This site is optimized with the Yoast SEO plugin v27.3 - https:\/\/yoast.com\/product\/yoast-seo-wordpress\/ -->\n<title>\u00dcber uns - Schenk Tanktransport (de)<\/title>\n<meta name=\"description\" content=\"Schenk Tanktransport ist ein f\u00fchrendes internationales Tanktransportunternehmen mit \u00fcber 2.600 Spezialisten in Europa. Sicherheit und Nachhaltigkeit stehen an erster Stelle.\" \/>\n<meta name=\"robots\" content=\"index, follow, max-snippet:-1, max-image-preview:large, max-video-preview:-1\" \/>\n<link rel=\"canonical\" href=\"https:\/\/www.schenk-tanktransport.com\/de\/ueber-uns\/\" \/>\n<meta property=\"og:locale\" content=\"de_DE\" \/>\n<meta property=\"og:type\" content=\"article\" \/>\n<meta property=\"og:title\" content=\"\u00dcber uns - Schenk Tanktransport (de)\" \/>\n<meta property=\"og:description\" content=\"Schenk Tanktransport ist ein f\u00fchrendes internationales Tanktransportunternehmen mit \u00fcber 2.600 Spezialisten in Europa. Sicherheit und Nachhaltigkeit stehen an erster Stelle.\" \/>\n<meta property=\"og:url\" content=\"https:\/\/www.schenk-tanktransport.com\/de\/ueber-uns\/\" \/>\n<meta property=\"og:site_name\" content=\"Schenk Tanktransport (de)\" \/>\n<meta property=\"article:modified_time\" content=\"2026-03-27T09:56:25+00:00\" \/>\n<meta property=\"og:image\" content=\"\/wp-content\/themes\/buro26\/assets\/images\/og-schenk-tankstransport.jpg\" \/>\n\t<meta property=\"og:image:width\" content=\"2560\" \/>\n\t<meta property=\"og:image:height\" content=\"1707\" \/>\n\t<meta property=\"og:image:type\" content=\"image\/jpeg\" \/>\n<meta name=\"twitter:card\" content=\"summary_large_image\" \/>\n<meta name=\"twitter:label1\" content=\"Gesch\u00e4tzte Lesezeit\" \/>\n\t<meta name=\"twitter:data1\" content=\"3\u00a0Minuten\" \/>\n<script type=\"application\/ld+json\" class=\"yoast-schema-graph\">{\"@context\":\"https:\\\/\\\/schema.org\",\"@graph\":[{\"@type\":\"WebPage\",\"@id\":\"https:\\\/\\\/www.schenk-tanktransport.com\\\/de\\\/ueber-uns\\\/\",\"url\":\"https:\\\/\\\/www.schenk-tanktransport.com\\\/de\\\/ueber-uns\\\/\",\"name\":\"\u00dcber uns - Schenk Tanktransport (de)\",\"isPartOf\":{\"@id\":\"https:\\\/\\\/www.schenk-tanktransport.com\\\/de\\\/#website\"},\"primaryImageOfPage\":{\"@id\":\"https:\\\/\\\/www.schenk-tanktransport.com\\\/de\\\/ueber-uns\\\/#primaryimage\"},\"image\":{\"@id\":\"https:\\\/\\\/www.schenk-tanktransport.com\\\/de\\\/ueber-uns\\\/#primaryimage\"},\"thumbnailUrl\":\"https:\\\/\\\/www.schenk-tanktransport.com\\\/wp-content\\\/uploads\\\/sites\\\/8\\\/2024\\\/03\\\/Afbeelding-Gasses-1024x683.jpg\",\"datePublished\":\"2024-03-13T10:27:54+00:00\",\"dateModified\":\"2026-03-27T09:56:25+00:00\",\"description\":\"Schenk Tanktransport ist ein f\u00fchrendes internationales Tanktransportunternehmen mit \u00fcber 2.600 Spezialisten in Europa. Sicherheit und Nachhaltigkeit stehen an erster Stelle.\",\"inLanguage\":\"de\",\"potentialAction\":[{\"@type\":\"ReadAction\",\"target\":[\"https:\\\/\\\/www.schenk-tanktransport.com\\\/de\\\/ueber-uns\\\/\"]}]},{\"@type\":\"ImageObject\",\"inLanguage\":\"de\",\"@id\":\"https:\\\/\\\/www.schenk-tanktransport.com\\\/de\\\/ueber-uns\\\/#primaryimage\",\"url\":\"https:\\\/\\\/www.schenk-tanktransport.com\\\/wp-content\\\/uploads\\\/sites\\\/8\\\/2024\\\/03\\\/Afbeelding-Gasses-1024x683.jpg\",\"contentUrl\":\"https:\\\/\\\/www.schenk-tanktransport.com\\\/wp-content\\\/uploads\\\/sites\\\/8\\\/2024\\\/03\\\/Afbeelding-Gasses-1024x683.jpg\"},{\"@type\":\"WebSite\",\"@id\":\"https:\\\/\\\/www.schenk-tanktransport.com\\\/de\\\/#website\",\"url\":\"https:\\\/\\\/www.schenk-tanktransport.com\\\/de\\\/\",\"name\":\"Schenk Tanktransport (de)\",\"description\":\"transport van brandstoffen, smeeroli\u00ebn, LPG, industri\u00eble gassen, LNG, bitumen en chemicali\u00ebn\",\"potentialAction\":[{\"@type\":\"SearchAction\",\"target\":{\"@type\":\"EntryPoint\",\"urlTemplate\":\"https:\\\/\\\/www.schenk-tanktransport.com\\\/de\\\/?s={search_term_string}\"},\"query-input\":{\"@type\":\"PropertyValueSpecification\",\"valueRequired\":true,\"valueName\":\"search_term_string\"}}],\"inLanguage\":\"de\"}]}<\/script>\n<!-- \/ Yoast SEO plugin. -->","yoast_head_json":{"title":"\u00dcber uns - Schenk Tanktransport (de)","description":"Schenk Tanktransport ist ein f\u00fchrendes internationales Tanktransportunternehmen mit \u00fcber 2.600 Spezialisten in Europa. Sicherheit und Nachhaltigkeit stehen an erster Stelle.","robots":{"index":"index","follow":"follow","max-snippet":"max-snippet:-1","max-image-preview":"max-image-preview:large","max-video-preview":"max-video-preview:-1"},"canonical":"https:\/\/www.schenk-tanktransport.com\/de\/ueber-uns\/","og_locale":"de_DE","og_type":"article","og_title":"\u00dcber uns - Schenk Tanktransport (de)","og_description":"Schenk Tanktransport ist ein f\u00fchrendes internationales Tanktransportunternehmen mit \u00fcber 2.600 Spezialisten in Europa. Sicherheit und Nachhaltigkeit stehen an erster Stelle.","og_url":"https:\/\/www.schenk-tanktransport.com\/de\/ueber-uns\/","og_site_name":"Schenk Tanktransport (de)","article_modified_time":"2026-03-27T09:56:25+00:00","og_image":[{"width":2560,"height":1707,"url":"\/wp-content\/themes\/buro26\/assets\/images\/og-schenk-tankstransport.jpg","type":"image\/jpeg"}],"twitter_card":"summary_large_image","twitter_misc":{"Gesch\u00e4tzte Lesezeit":"3\u00a0Minuten"},"schema":{"@context":"https:\/\/schema.org","@graph":[{"@type":"WebPage","@id":"https:\/\/www.schenk-tanktransport.com\/de\/ueber-uns\/","url":"https:\/\/www.schenk-tanktransport.com\/de\/ueber-uns\/","name":"\u00dcber uns - Schenk Tanktransport (de)","isPartOf":{"@id":"https:\/\/www.schenk-tanktransport.com\/de\/#website"},"primaryImageOfPage":{"@id":"https:\/\/www.schenk-tanktransport.com\/de\/ueber-uns\/#primaryimage"},"image":{"@id":"https:\/\/www.schenk-tanktransport.com\/de\/ueber-uns\/#primaryimage"},"thumbnailUrl":"https:\/\/www.schenk-tanktransport.com\/wp-content\/uploads\/sites\/8\/2024\/03\/Afbeelding-Gasses-1024x683.jpg","datePublished":"2024-03-13T10:27:54+00:00","dateModified":"2026-03-27T09:56:25+00:00","description":"Schenk Tanktransport ist ein f\u00fchrendes internationales Tanktransportunternehmen mit \u00fcber 2.600 Spezialisten in Europa. Sicherheit und Nachhaltigkeit stehen an erster Stelle.","inLanguage":"de","potentialAction":[{"@type":"ReadAction","target":["https:\/\/www.schenk-tanktransport.com\/de\/ueber-uns\/"]}]},{"@type":"ImageObject","inLanguage":"de","@id":"https:\/\/www.schenk-tanktransport.com\/de\/ueber-uns\/#primaryimage","url":"https:\/\/www.schenk-tanktransport.com\/wp-content\/uploads\/sites\/8\/2024\/03\/Afbeelding-Gasses-1024x683.jpg","contentUrl":"https:\/\/www.schenk-tanktransport.com\/wp-content\/uploads\/sites\/8\/2024\/03\/Afbeelding-Gasses-1024x683.jpg"},{"@type":"WebSite","@id":"https:\/\/www.schenk-tanktransport.com\/de\/#website","url":"https:\/\/www.schenk-tanktransport.com\/de\/","name":"Schenk Tanktransport (de)","description":"transport van brandstoffen, smeeroli\u00ebn, LPG, industri\u00eble gassen, LNG, bitumen en chemicali\u00ebn","potentialAction":[{"@type":"SearchAction","target":{"@type":"EntryPoint","urlTemplate":"https:\/\/www.schenk-tanktransport.com\/de\/?s={search_term_string}"},"query-input":{"@type":"PropertyValueSpecification","valueRequired":true,"valueName":"search_term_string"}}],"inLanguage":"de"}]}},"_links":{"self":[{"href":"https:\/\/www.schenk-tanktransport.com\/de\/wp-json\/wp\/v2\/pages\/271","targetHints":{"allow":["GET"]}}],"collection":[{"href":"https:\/\/www.schenk-tanktransport.com\/de\/wp-json\/wp\/v2\/pages"}],"about":[{"href":"https:\/\/www.schenk-tanktransport.com\/de\/wp-json\/wp\/v2\/types\/page"}],"author":[{"embeddable":true,"href":"https:\/\/www.schenk-tanktransport.com\/de\/wp-json\/wp\/v2\/users\/26"}],"replies":[{"embeddable":true,"href":"https:\/\/www.schenk-tanktransport.com\/de\/wp-json\/wp\/v2\/comments?post=271"}],"version-history":[{"count":109,"href":"https:\/\/www.schenk-tanktransport.com\/de\/wp-json\/wp\/v2\/pages\/271\/revisions"}],"predecessor-version":[{"id":3935,"href":"https:\/\/www.schenk-tanktransport.com\/de\/wp-json\/wp\/v2\/pages\/271\/revisions\/3935"}],"wp:attachment":[{"href":"https:\/\/www.schenk-tanktransport.com\/de\/wp-json\/wp\/v2\/media?parent=271"}],"curies":[{"name":"wp","href":"https:\/\/api.w.org\/{rel}","templated":true}]}}