{"id":2809,"date":"2019-06-21T14:41:00","date_gmt":"2019-06-21T12:41:00","guid":{"rendered":"https:\/\/www.schenk-tanktransport.com\/?page_id=2809"},"modified":"2024-08-21T14:41:36","modified_gmt":"2024-08-21T12:41:36","slug":"nice-working-climate-in-new-workshop","status":"publish","type":"page","link":"https:\/\/www.schenk-tanktransport.com\/de\/nice-working-climate-in-new-workshop\/","title":{"rendered":"Nice working climate in new workshop"},"content":{"rendered":"\n<p><br><strong>June 2019: &#8222;Our fleet is growing, as well as the number of external repair customers, so extra square meters were welcome,&#8220; said Edwin Breeman (Manager Workshop Netherlands). In early June 2019, the Automotive workshop moved to a new building.<\/strong><\/p>\n\n\n\n<p>This new building is located at Nieuwland Parc (P2) in Alblasserdam (NL) opposite Schenk Cryolution (P3). The move went smoothly thanks to a tight schedule.\u00a0After working in the new workshop for a few months, the experiences are positive.\u00a0The working climate in the workshop is good and the work floor is nice and light. The workshop reception and workshop manager are happy with a more spacious workplace. And for the drivers a nice waiting area has been created. In addition, the warehouse is a huge relief; it is four to five times the size of the old one. The technicians have arranged the warehouse according to their own insight, resulting in a clear whole where the technicians can find everything logical.<\/p>\n\n\n\n<h2 class=\"wp-block-heading\">I<strong>mproved cooperation P2 and P3<\/strong><\/h2>\n\n\n\n<p>The improved cooperation with Schenk Cryolution also ensures satisfaction. A cut has been made in the fence from the old P2 to P4, together it is now called P2; now it is one beautiful location that facilitates the exchange of technicians. From January 2020, Schenk will also be doing something new at the new location: RDW inspections of our ADR vehicles. There was no room for this in the old workshop.<\/p>\n\n\n\n<h2 class=\"wp-block-heading\"><strong>Additional technicians welcome<\/strong><\/h2>\n\n\n\n<p>Two or three additional technicians can be accommodated in these spacious and modern conditions. \u201c: Schenk is an attractive employer,&#8220; says Edwin. &#8222;We have a lot of interesting things to offer in the field of tank technology! For example activities in the field of hydraulics, construction, RDW inspections, etc.<\/p>\n","protected":false},"excerpt":{"rendered":"<p>June 2019: &#8222;Our fleet is growing, as well as the number of external repair customers, [&hellip;]<\/p>\n","protected":false},"author":30,"featured_media":0,"parent":0,"menu_order":0,"comment_status":"closed","ping_status":"closed","template":"","meta":{"_acf_changed":false,"editor_notices":[],"footnotes":""},"class_list":["post-2809","page","type-page","status-publish","hentry"],"acf":{"contactpersoon_related_titel":"","contactpersoon_related_content":"","contactpersoon_related":""},"yoast_head":"<!-- This site is optimized with the Yoast SEO plugin v27.3 - https:\/\/yoast.com\/product\/yoast-seo-wordpress\/ -->\n<title>Nice working climate in new workshop - Schenk Tanktransport (de)<\/title>\n<meta name=\"robots\" content=\"index, follow, max-snippet:-1, max-image-preview:large, max-video-preview:-1\" \/>\n<link rel=\"canonical\" href=\"https:\/\/www.schenk-tanktransport.com\/de\/nice-working-climate-in-new-workshop\/\" \/>\n<meta property=\"og:locale\" content=\"de_DE\" \/>\n<meta property=\"og:type\" content=\"article\" \/>\n<meta property=\"og:title\" content=\"Nice working climate in new workshop - Schenk Tanktransport (de)\" \/>\n<meta property=\"og:description\" content=\"June 2019: &#8222;Our fleet is growing, as well as the number of external repair customers, [&hellip;]\" \/>\n<meta property=\"og:url\" content=\"https:\/\/www.schenk-tanktransport.com\/de\/nice-working-climate-in-new-workshop\/\" \/>\n<meta property=\"og:site_name\" content=\"Schenk Tanktransport (de)\" \/>\n<meta property=\"article:modified_time\" content=\"2024-08-21T12:41:36+00:00\" \/>\n<meta name=\"twitter:card\" content=\"summary_large_image\" \/>\n<meta name=\"twitter:label1\" content=\"Gesch\u00e4tzte Lesezeit\" \/>\n\t<meta name=\"twitter:data1\" content=\"2\u00a0Minuten\" \/>\n<script type=\"application\/ld+json\" class=\"yoast-schema-graph\">{\"@context\":\"https:\\\/\\\/schema.org\",\"@graph\":[{\"@type\":\"WebPage\",\"@id\":\"https:\\\/\\\/www.schenk-tanktransport.com\\\/de\\\/nice-working-climate-in-new-workshop\\\/\",\"url\":\"https:\\\/\\\/www.schenk-tanktransport.com\\\/de\\\/nice-working-climate-in-new-workshop\\\/\",\"name\":\"Nice working climate in new workshop - Schenk Tanktransport (de)\",\"isPartOf\":{\"@id\":\"https:\\\/\\\/www.schenk-tanktransport.com\\\/de\\\/#website\"},\"datePublished\":\"2019-06-21T12:41:00+00:00\",\"dateModified\":\"2024-08-21T12:41:36+00:00\",\"inLanguage\":\"de\",\"potentialAction\":[{\"@type\":\"ReadAction\",\"target\":[\"https:\\\/\\\/www.schenk-tanktransport.com\\\/de\\\/nice-working-climate-in-new-workshop\\\/\"]}]},{\"@type\":\"WebSite\",\"@id\":\"https:\\\/\\\/www.schenk-tanktransport.com\\\/de\\\/#website\",\"url\":\"https:\\\/\\\/www.schenk-tanktransport.com\\\/de\\\/\",\"name\":\"Schenk Tanktransport (de)\",\"description\":\"transport van brandstoffen, smeeroli\u00ebn, LPG, industri\u00eble gassen, LNG, bitumen en chemicali\u00ebn\",\"potentialAction\":[{\"@type\":\"SearchAction\",\"target\":{\"@type\":\"EntryPoint\",\"urlTemplate\":\"https:\\\/\\\/www.schenk-tanktransport.com\\\/de\\\/?s={search_term_string}\"},\"query-input\":{\"@type\":\"PropertyValueSpecification\",\"valueRequired\":true,\"valueName\":\"search_term_string\"}}],\"inLanguage\":\"de\"}]}<\/script>\n<!-- \/ Yoast SEO plugin. -->","yoast_head_json":{"title":"Nice working climate in new workshop - Schenk Tanktransport (de)","robots":{"index":"index","follow":"follow","max-snippet":"max-snippet:-1","max-image-preview":"max-image-preview:large","max-video-preview":"max-video-preview:-1"},"canonical":"https:\/\/www.schenk-tanktransport.com\/de\/nice-working-climate-in-new-workshop\/","og_locale":"de_DE","og_type":"article","og_title":"Nice working climate in new workshop - Schenk Tanktransport (de)","og_description":"June 2019: &#8222;Our fleet is growing, as well as the number of external repair customers, [&hellip;]","og_url":"https:\/\/www.schenk-tanktransport.com\/de\/nice-working-climate-in-new-workshop\/","og_site_name":"Schenk Tanktransport (de)","article_modified_time":"2024-08-21T12:41:36+00:00","twitter_card":"summary_large_image","twitter_misc":{"Gesch\u00e4tzte Lesezeit":"2\u00a0Minuten"},"schema":{"@context":"https:\/\/schema.org","@graph":[{"@type":"WebPage","@id":"https:\/\/www.schenk-tanktransport.com\/de\/nice-working-climate-in-new-workshop\/","url":"https:\/\/www.schenk-tanktransport.com\/de\/nice-working-climate-in-new-workshop\/","name":"Nice working climate in new workshop - Schenk Tanktransport (de)","isPartOf":{"@id":"https:\/\/www.schenk-tanktransport.com\/de\/#website"},"datePublished":"2019-06-21T12:41:00+00:00","dateModified":"2024-08-21T12:41:36+00:00","inLanguage":"de","potentialAction":[{"@type":"ReadAction","target":["https:\/\/www.schenk-tanktransport.com\/de\/nice-working-climate-in-new-workshop\/"]}]},{"@type":"WebSite","@id":"https:\/\/www.schenk-tanktransport.com\/de\/#website","url":"https:\/\/www.schenk-tanktransport.com\/de\/","name":"Schenk Tanktransport (de)","description":"transport van brandstoffen, smeeroli\u00ebn, LPG, industri\u00eble gassen, LNG, bitumen en chemicali\u00ebn","potentialAction":[{"@type":"SearchAction","target":{"@type":"EntryPoint","urlTemplate":"https:\/\/www.schenk-tanktransport.com\/de\/?s={search_term_string}"},"query-input":{"@type":"PropertyValueSpecification","valueRequired":true,"valueName":"search_term_string"}}],"inLanguage":"de"}]}},"_links":{"self":[{"href":"https:\/\/www.schenk-tanktransport.com\/de\/wp-json\/wp\/v2\/pages\/2809","targetHints":{"allow":["GET"]}}],"collection":[{"href":"https:\/\/www.schenk-tanktransport.com\/de\/wp-json\/wp\/v2\/pages"}],"about":[{"href":"https:\/\/www.schenk-tanktransport.com\/de\/wp-json\/wp\/v2\/types\/page"}],"author":[{"embeddable":true,"href":"https:\/\/www.schenk-tanktransport.com\/de\/wp-json\/wp\/v2\/users\/30"}],"replies":[{"embeddable":true,"href":"https:\/\/www.schenk-tanktransport.com\/de\/wp-json\/wp\/v2\/comments?post=2809"}],"version-history":[{"count":1,"href":"https:\/\/www.schenk-tanktransport.com\/de\/wp-json\/wp\/v2\/pages\/2809\/revisions"}],"predecessor-version":[{"id":2811,"href":"https:\/\/www.schenk-tanktransport.com\/de\/wp-json\/wp\/v2\/pages\/2809\/revisions\/2811"}],"wp:attachment":[{"href":"https:\/\/www.schenk-tanktransport.com\/de\/wp-json\/wp\/v2\/media?parent=2809"}],"curies":[{"name":"wp","href":"https:\/\/api.w.org\/{rel}","templated":true}]}}