{"id":2988,"date":"2024-09-13T10:02:12","date_gmt":"2024-09-13T08:02:12","guid":{"rendered":"https:\/\/www.schenk-tanktransport.com\/?page_id=2988"},"modified":"2025-08-27T10:38:06","modified_gmt":"2025-08-27T08:38:06","slug":"esg-reports","status":"publish","type":"page","link":"https:\/\/www.schenk-tanktransport.com\/de\/esg-reports\/","title":{"rendered":"ESG Reports"},"content":{"rendered":"\n<div id=\"cta-download\" class=\"wp-block-group buro26-block col-md-10 offset-md-1\"><div class=\"wp-block-group__inner-container is-layout-constrained wp-block-group-is-layout-constrained\">\n<div class=\"wp-block-columns has-pale-cyan-blue-background-color has-background is-layout-flex wp-container-core-columns-is-layout-9d6595d7 wp-block-columns-is-layout-flex\">\n<div class=\"wp-block-column is-layout-flow wp-block-column-is-layout-flow\">\n<p class=\"title\"><strong>ESG Report 2024<\/strong><\/p>\n<\/div>\n\n\n\n<div class=\"wp-block-column is-layout-flow wp-block-column-is-layout-flow\">\n<div class=\"wp-block-buttons is-content-justification-right is-layout-flex wp-container-core-buttons-is-layout-765c4724 wp-block-buttons-is-layout-flex\">\n<div class=\"wp-block-button btn-download\"><a class=\"wp-block-button__link has-vivid-cyan-blue-background-color has-background wp-element-button\" href=\"https:\/\/www.schenk-tanktransport.com\/wp-content\/uploads\/2025\/06\/14910-Schenk-ESG-Report-2024.pdf\" target=\"_blank\" rel=\"noreferrer noopener\">Download ESG Report 2024<\/a><\/div>\n<\/div>\n<\/div>\n<\/div>\n\n\n\n<div class=\"wp-block-columns has-pale-cyan-blue-background-color has-background is-layout-flex wp-container-core-columns-is-layout-9d6595d7 wp-block-columns-is-layout-flex\">\n<div class=\"wp-block-column is-layout-flow wp-block-column-is-layout-flow\">\n<p class=\"title\"><strong>ESG Report 2023<\/strong><\/p>\n<\/div>\n\n\n\n<div class=\"wp-block-column is-layout-flow wp-block-column-is-layout-flow\">\n<div class=\"wp-block-buttons is-content-justification-right is-layout-flex wp-container-core-buttons-is-layout-765c4724 wp-block-buttons-is-layout-flex\">\n<div class=\"wp-block-button btn-download\"><a class=\"wp-block-button__link has-vivid-cyan-blue-background-color has-background wp-element-button\" href=\"https:\/\/www.schenk-tanktransport.com\/wp-content\/uploads\/sites\/8\/2024\/08\/schenkesgreport2023.pdf\">Download ESG Report 2023<\/a><\/div>\n<\/div>\n<\/div>\n<\/div>\n\n\n\n<div class=\"wp-block-columns has-pale-cyan-blue-background-color has-background is-layout-flex wp-container-core-columns-is-layout-9d6595d7 wp-block-columns-is-layout-flex\">\n<div class=\"wp-block-column is-layout-flow wp-block-column-is-layout-flow\">\n<p class=\"title\"><strong>ESG Report 2022<\/strong><\/p>\n<\/div>\n\n\n\n<div class=\"wp-block-column is-layout-flow wp-block-column-is-layout-flow\">\n<div class=\"wp-block-buttons is-content-justification-right is-layout-flex wp-container-core-buttons-is-layout-765c4724 wp-block-buttons-is-layout-flex\">\n<div class=\"wp-block-button btn-download\"><a class=\"wp-block-button__link has-vivid-cyan-blue-background-color has-background wp-element-button\" href=\"https:\/\/www.schenk-tanktransport.com\/wp-content\/uploads\/sites\/8\/2024\/08\/schenkesgreport2022.pdf\">Download ESG Report 2022<\/a><\/div>\n<\/div>\n<\/div>\n<\/div>\n<\/div><\/div>\n","protected":false},"excerpt":{"rendered":"<p>ESG Report 2024 ESG Report 2023 ESG Report 2022<\/p>\n","protected":false},"author":30,"featured_media":0,"parent":0,"menu_order":0,"comment_status":"closed","ping_status":"closed","template":"","meta":{"_acf_changed":false,"editor_notices":[],"footnotes":""},"class_list":["post-2988","page","type-page","status-publish","hentry"],"acf":{"contactpersoon_related_titel":"","contactpersoon_related_content":"","contactpersoon_related":""},"yoast_head":"<!-- This site is optimized with the Yoast SEO plugin v27.3 - https:\/\/yoast.com\/product\/yoast-seo-wordpress\/ -->\n<title>ESG Reports - Schenk Tanktransport (de)<\/title>\n<meta name=\"description\" content=\"Laden Sie die aktuellen ESG reports von Schenk Tanktransport herunter f\u00fcr Nachhaltigkeit, Dekarbonisierung, soziale Verantwortung und Governance.\" \/>\n<meta name=\"robots\" content=\"index, follow, max-snippet:-1, max-image-preview:large, max-video-preview:-1\" \/>\n<link rel=\"canonical\" href=\"https:\/\/www.schenk-tanktransport.com\/de\/esg-reports\/\" \/>\n<meta property=\"og:locale\" content=\"de_DE\" \/>\n<meta property=\"og:type\" content=\"article\" \/>\n<meta property=\"og:title\" content=\"ESG Reports - Schenk Tanktransport (de)\" \/>\n<meta property=\"og:description\" content=\"Laden Sie die aktuellen ESG reports von Schenk Tanktransport herunter f\u00fcr Nachhaltigkeit, Dekarbonisierung, soziale Verantwortung und Governance.\" \/>\n<meta property=\"og:url\" content=\"https:\/\/www.schenk-tanktransport.com\/de\/esg-reports\/\" \/>\n<meta property=\"og:site_name\" content=\"Schenk Tanktransport (de)\" \/>\n<meta property=\"article:modified_time\" content=\"2025-08-27T08:38:06+00:00\" \/>\n<meta name=\"twitter:card\" content=\"summary_large_image\" \/>\n<meta name=\"twitter:label1\" content=\"Gesch\u00e4tzte Lesezeit\" \/>\n\t<meta name=\"twitter:data1\" content=\"1\u00a0Minute\" \/>\n<script type=\"application\/ld+json\" class=\"yoast-schema-graph\">{\"@context\":\"https:\\\/\\\/schema.org\",\"@graph\":[{\"@type\":\"WebPage\",\"@id\":\"https:\\\/\\\/www.schenk-tanktransport.com\\\/de\\\/esg-reports\\\/\",\"url\":\"https:\\\/\\\/www.schenk-tanktransport.com\\\/de\\\/esg-reports\\\/\",\"name\":\"ESG Reports - Schenk Tanktransport (de)\",\"isPartOf\":{\"@id\":\"https:\\\/\\\/www.schenk-tanktransport.com\\\/de\\\/#website\"},\"datePublished\":\"2024-09-13T08:02:12+00:00\",\"dateModified\":\"2025-08-27T08:38:06+00:00\",\"description\":\"Laden Sie die aktuellen ESG reports von Schenk Tanktransport herunter f\u00fcr Nachhaltigkeit, Dekarbonisierung, soziale Verantwortung und Governance.\",\"inLanguage\":\"de\",\"potentialAction\":[{\"@type\":\"ReadAction\",\"target\":[\"https:\\\/\\\/www.schenk-tanktransport.com\\\/de\\\/esg-reports\\\/\"]}]},{\"@type\":\"WebSite\",\"@id\":\"https:\\\/\\\/www.schenk-tanktransport.com\\\/de\\\/#website\",\"url\":\"https:\\\/\\\/www.schenk-tanktransport.com\\\/de\\\/\",\"name\":\"Schenk Tanktransport (de)\",\"description\":\"transport van brandstoffen, smeeroli\u00ebn, LPG, industri\u00eble gassen, LNG, bitumen en chemicali\u00ebn\",\"potentialAction\":[{\"@type\":\"SearchAction\",\"target\":{\"@type\":\"EntryPoint\",\"urlTemplate\":\"https:\\\/\\\/www.schenk-tanktransport.com\\\/de\\\/?s={search_term_string}\"},\"query-input\":{\"@type\":\"PropertyValueSpecification\",\"valueRequired\":true,\"valueName\":\"search_term_string\"}}],\"inLanguage\":\"de\"}]}<\/script>\n<!-- \/ Yoast SEO plugin. -->","yoast_head_json":{"title":"ESG Reports - Schenk Tanktransport (de)","description":"Laden Sie die aktuellen ESG reports von Schenk Tanktransport herunter f\u00fcr Nachhaltigkeit, Dekarbonisierung, soziale Verantwortung und Governance.","robots":{"index":"index","follow":"follow","max-snippet":"max-snippet:-1","max-image-preview":"max-image-preview:large","max-video-preview":"max-video-preview:-1"},"canonical":"https:\/\/www.schenk-tanktransport.com\/de\/esg-reports\/","og_locale":"de_DE","og_type":"article","og_title":"ESG Reports - Schenk Tanktransport (de)","og_description":"Laden Sie die aktuellen ESG reports von Schenk Tanktransport herunter f\u00fcr Nachhaltigkeit, Dekarbonisierung, soziale Verantwortung und Governance.","og_url":"https:\/\/www.schenk-tanktransport.com\/de\/esg-reports\/","og_site_name":"Schenk Tanktransport (de)","article_modified_time":"2025-08-27T08:38:06+00:00","twitter_card":"summary_large_image","twitter_misc":{"Gesch\u00e4tzte Lesezeit":"1\u00a0Minute"},"schema":{"@context":"https:\/\/schema.org","@graph":[{"@type":"WebPage","@id":"https:\/\/www.schenk-tanktransport.com\/de\/esg-reports\/","url":"https:\/\/www.schenk-tanktransport.com\/de\/esg-reports\/","name":"ESG Reports - Schenk Tanktransport (de)","isPartOf":{"@id":"https:\/\/www.schenk-tanktransport.com\/de\/#website"},"datePublished":"2024-09-13T08:02:12+00:00","dateModified":"2025-08-27T08:38:06+00:00","description":"Laden Sie die aktuellen ESG reports von Schenk Tanktransport herunter f\u00fcr Nachhaltigkeit, Dekarbonisierung, soziale Verantwortung und Governance.","inLanguage":"de","potentialAction":[{"@type":"ReadAction","target":["https:\/\/www.schenk-tanktransport.com\/de\/esg-reports\/"]}]},{"@type":"WebSite","@id":"https:\/\/www.schenk-tanktransport.com\/de\/#website","url":"https:\/\/www.schenk-tanktransport.com\/de\/","name":"Schenk Tanktransport (de)","description":"transport van brandstoffen, smeeroli\u00ebn, LPG, industri\u00eble gassen, LNG, bitumen en chemicali\u00ebn","potentialAction":[{"@type":"SearchAction","target":{"@type":"EntryPoint","urlTemplate":"https:\/\/www.schenk-tanktransport.com\/de\/?s={search_term_string}"},"query-input":{"@type":"PropertyValueSpecification","valueRequired":true,"valueName":"search_term_string"}}],"inLanguage":"de"}]}},"_links":{"self":[{"href":"https:\/\/www.schenk-tanktransport.com\/de\/wp-json\/wp\/v2\/pages\/2988","targetHints":{"allow":["GET"]}}],"collection":[{"href":"https:\/\/www.schenk-tanktransport.com\/de\/wp-json\/wp\/v2\/pages"}],"about":[{"href":"https:\/\/www.schenk-tanktransport.com\/de\/wp-json\/wp\/v2\/types\/page"}],"author":[{"embeddable":true,"href":"https:\/\/www.schenk-tanktransport.com\/de\/wp-json\/wp\/v2\/users\/30"}],"replies":[{"embeddable":true,"href":"https:\/\/www.schenk-tanktransport.com\/de\/wp-json\/wp\/v2\/comments?post=2988"}],"version-history":[{"count":3,"href":"https:\/\/www.schenk-tanktransport.com\/de\/wp-json\/wp\/v2\/pages\/2988\/revisions"}],"predecessor-version":[{"id":3617,"href":"https:\/\/www.schenk-tanktransport.com\/de\/wp-json\/wp\/v2\/pages\/2988\/revisions\/3617"}],"wp:attachment":[{"href":"https:\/\/www.schenk-tanktransport.com\/de\/wp-json\/wp\/v2\/media?parent=2988"}],"curies":[{"name":"wp","href":"https:\/\/api.w.org\/{rel}","templated":true}]}}