{"id":3092,"date":"2024-09-24T15:12:40","date_gmt":"2024-09-24T13:12:40","guid":{"rendered":"https:\/\/www.schenk-tanktransport.com\/?page_id=3092"},"modified":"2025-08-26T15:45:54","modified_gmt":"2025-08-26T13:45:54","slug":"schenk-recruitment-team","status":"publish","type":"page","link":"https:\/\/www.schenk-tanktransport.com\/de\/schenk-recruitment-team\/","title":{"rendered":"Schenk Rekrutierungsteam"},"content":{"rendered":"","protected":false},"excerpt":{"rendered":"","protected":false},"author":30,"featured_media":0,"parent":0,"menu_order":0,"comment_status":"closed","ping_status":"closed","template":"","meta":{"_acf_changed":false,"editor_notices":[],"footnotes":""},"class_list":["post-3092","page","type-page","status-publish","hentry"],"acf":{"contactpersoon_related_titel":"Nehmen Sie kontakt mit dem Rekrutierungsteam auf.","contactpersoon_related_content":"","contactpersoon_related":[3050]},"yoast_head":"<!-- This site is optimized with the Yoast SEO plugin v27.3 - https:\/\/yoast.com\/product\/yoast-seo-wordpress\/ -->\n<title>Schenk Rekrutierungsteam - Schenk Tanktransport (de)<\/title>\n<meta name=\"description\" content=\"Kontaktieren Sie das Rekrutierungsteam von Schenk Tanktransport f\u00fcr Karrierechancen in Transportplanung, Personalmanagement und Logistik.\" \/>\n<meta name=\"robots\" content=\"index, follow, max-snippet:-1, max-image-preview:large, max-video-preview:-1\" \/>\n<link rel=\"canonical\" href=\"https:\/\/www.schenk-tanktransport.com\/de\/schenk-recruitment-team\/\" \/>\n<meta property=\"og:locale\" content=\"de_DE\" \/>\n<meta property=\"og:type\" content=\"article\" \/>\n<meta property=\"og:title\" content=\"Schenk Rekrutierungsteam - Schenk Tanktransport (de)\" \/>\n<meta property=\"og:description\" content=\"Kontaktieren Sie das Rekrutierungsteam von Schenk Tanktransport f\u00fcr Karrierechancen in Transportplanung, Personalmanagement und Logistik.\" \/>\n<meta property=\"og:url\" content=\"https:\/\/www.schenk-tanktransport.com\/de\/schenk-recruitment-team\/\" \/>\n<meta property=\"og:site_name\" content=\"Schenk Tanktransport (de)\" \/>\n<meta property=\"article:modified_time\" content=\"2025-08-26T13:45:54+00:00\" \/>\n<meta name=\"twitter:card\" content=\"summary_large_image\" \/>\n<script type=\"application\/ld+json\" class=\"yoast-schema-graph\">{\"@context\":\"https:\\\/\\\/schema.org\",\"@graph\":[{\"@type\":\"WebPage\",\"@id\":\"https:\\\/\\\/www.schenk-tanktransport.com\\\/de\\\/schenk-recruitment-team\\\/\",\"url\":\"https:\\\/\\\/www.schenk-tanktransport.com\\\/de\\\/schenk-recruitment-team\\\/\",\"name\":\"Schenk Rekrutierungsteam - Schenk Tanktransport (de)\",\"isPartOf\":{\"@id\":\"https:\\\/\\\/www.schenk-tanktransport.com\\\/de\\\/#website\"},\"datePublished\":\"2024-09-24T13:12:40+00:00\",\"dateModified\":\"2025-08-26T13:45:54+00:00\",\"description\":\"Kontaktieren Sie das Rekrutierungsteam von Schenk Tanktransport f\u00fcr Karrierechancen in Transportplanung, Personalmanagement und Logistik.\",\"inLanguage\":\"de\",\"potentialAction\":[{\"@type\":\"ReadAction\",\"target\":[\"https:\\\/\\\/www.schenk-tanktransport.com\\\/de\\\/schenk-recruitment-team\\\/\"]}]},{\"@type\":\"WebSite\",\"@id\":\"https:\\\/\\\/www.schenk-tanktransport.com\\\/de\\\/#website\",\"url\":\"https:\\\/\\\/www.schenk-tanktransport.com\\\/de\\\/\",\"name\":\"Schenk Tanktransport (de)\",\"description\":\"transport van brandstoffen, smeeroli\u00ebn, LPG, industri\u00eble gassen, LNG, bitumen en chemicali\u00ebn\",\"potentialAction\":[{\"@type\":\"SearchAction\",\"target\":{\"@type\":\"EntryPoint\",\"urlTemplate\":\"https:\\\/\\\/www.schenk-tanktransport.com\\\/de\\\/?s={search_term_string}\"},\"query-input\":{\"@type\":\"PropertyValueSpecification\",\"valueRequired\":true,\"valueName\":\"search_term_string\"}}],\"inLanguage\":\"de\"}]}<\/script>\n<!-- \/ Yoast SEO plugin. -->","yoast_head_json":{"title":"Schenk Rekrutierungsteam - Schenk Tanktransport (de)","description":"Kontaktieren Sie das Rekrutierungsteam von Schenk Tanktransport f\u00fcr Karrierechancen in Transportplanung, Personalmanagement und Logistik.","robots":{"index":"index","follow":"follow","max-snippet":"max-snippet:-1","max-image-preview":"max-image-preview:large","max-video-preview":"max-video-preview:-1"},"canonical":"https:\/\/www.schenk-tanktransport.com\/de\/schenk-recruitment-team\/","og_locale":"de_DE","og_type":"article","og_title":"Schenk Rekrutierungsteam - Schenk Tanktransport (de)","og_description":"Kontaktieren Sie das Rekrutierungsteam von Schenk Tanktransport f\u00fcr Karrierechancen in Transportplanung, Personalmanagement und Logistik.","og_url":"https:\/\/www.schenk-tanktransport.com\/de\/schenk-recruitment-team\/","og_site_name":"Schenk Tanktransport (de)","article_modified_time":"2025-08-26T13:45:54+00:00","twitter_card":"summary_large_image","schema":{"@context":"https:\/\/schema.org","@graph":[{"@type":"WebPage","@id":"https:\/\/www.schenk-tanktransport.com\/de\/schenk-recruitment-team\/","url":"https:\/\/www.schenk-tanktransport.com\/de\/schenk-recruitment-team\/","name":"Schenk Rekrutierungsteam - Schenk Tanktransport (de)","isPartOf":{"@id":"https:\/\/www.schenk-tanktransport.com\/de\/#website"},"datePublished":"2024-09-24T13:12:40+00:00","dateModified":"2025-08-26T13:45:54+00:00","description":"Kontaktieren Sie das Rekrutierungsteam von Schenk Tanktransport f\u00fcr Karrierechancen in Transportplanung, Personalmanagement und Logistik.","inLanguage":"de","potentialAction":[{"@type":"ReadAction","target":["https:\/\/www.schenk-tanktransport.com\/de\/schenk-recruitment-team\/"]}]},{"@type":"WebSite","@id":"https:\/\/www.schenk-tanktransport.com\/de\/#website","url":"https:\/\/www.schenk-tanktransport.com\/de\/","name":"Schenk Tanktransport (de)","description":"transport van brandstoffen, smeeroli\u00ebn, LPG, industri\u00eble gassen, LNG, bitumen en chemicali\u00ebn","potentialAction":[{"@type":"SearchAction","target":{"@type":"EntryPoint","urlTemplate":"https:\/\/www.schenk-tanktransport.com\/de\/?s={search_term_string}"},"query-input":{"@type":"PropertyValueSpecification","valueRequired":true,"valueName":"search_term_string"}}],"inLanguage":"de"}]}},"_links":{"self":[{"href":"https:\/\/www.schenk-tanktransport.com\/de\/wp-json\/wp\/v2\/pages\/3092","targetHints":{"allow":["GET"]}}],"collection":[{"href":"https:\/\/www.schenk-tanktransport.com\/de\/wp-json\/wp\/v2\/pages"}],"about":[{"href":"https:\/\/www.schenk-tanktransport.com\/de\/wp-json\/wp\/v2\/types\/page"}],"author":[{"embeddable":true,"href":"https:\/\/www.schenk-tanktransport.com\/de\/wp-json\/wp\/v2\/users\/30"}],"replies":[{"embeddable":true,"href":"https:\/\/www.schenk-tanktransport.com\/de\/wp-json\/wp\/v2\/comments?post=3092"}],"version-history":[{"count":8,"href":"https:\/\/www.schenk-tanktransport.com\/de\/wp-json\/wp\/v2\/pages\/3092\/revisions"}],"predecessor-version":[{"id":3397,"href":"https:\/\/www.schenk-tanktransport.com\/de\/wp-json\/wp\/v2\/pages\/3092\/revisions\/3397"}],"acf:post":[{"embeddable":true,"href":"https:\/\/www.schenk-tanktransport.com\/de\/wp-json\/wp\/v2\/contactpersonen\/3050"}],"wp:attachment":[{"href":"https:\/\/www.schenk-tanktransport.com\/de\/wp-json\/wp\/v2\/media?parent=3092"}],"curies":[{"name":"wp","href":"https:\/\/api.w.org\/{rel}","templated":true}]}}