{"id":3343,"date":"2024-10-30T10:53:37","date_gmt":"2024-10-30T09:53:37","guid":{"rendered":"https:\/\/www.schenk-tanktransport.com\/de\/?page_id=3343"},"modified":"2026-03-30T09:21:59","modified_gmt":"2026-03-30T07:21:59","slug":"privacy-2","status":"publish","type":"page","link":"https:\/\/www.schenk-tanktransport.com\/de\/privacy-2\/","title":{"rendered":"Hinweisgeberschutz"},"content":{"rendered":"\n<h3 class=\"wp-block-heading col-md-10 offset-md-1\">Sie m\u00f6chten Bedenken oder einen konkreten Versto\u00df hinsichtlich der Rechtm\u00e4\u00dfigkeit bestimmter Gesch\u00e4ftsvorg\u00e4nge oder Verhaltensweisen \u00e4u\u00dfern? Nutzen Sie gerne unsere interne Meldestelle, welche Ihnen einen sicheren, vertraulichen \u2013 oder auch anonymen &#8211; Weg zur Kommunikation bietet.&nbsp;<\/h3>\n\n\n\n<h4 class=\"wp-block-heading col-md-10 offset-md-1\">Sie brauchen keine Nachteile zu bef\u00fcrchten, wenn Sie eine Meldung abgeben:<\/h4>\n\n\n\n<div class=\"wp-block-group col-md-10 offset-md-1\"><div class=\"wp-block-group__inner-container is-layout-constrained wp-block-group-is-layout-constrained\">\n<ul class=\"wp-block-list\">\n<li>Abgegebene Hinweise werden vertraulich behandelt. Dies geschieht im Rahmen gesetzlicher Bestimmungen. Wir tolerieren keine Repressalien oder Vergeltungsma\u00dfnahmen gegen hinweisgebende Personen.<\/li>\n\n\n\n<li>Personen, die vors\u00e4tzlich oder grob fahrl\u00e4ssig unrichtige Meldungen abgeben unterliegen allerdings nicht dem Hinweisgeberschutz.<\/li>\n\n\n\n<li>Alle Meldungen werden vertraulich behandelt und sorgf\u00e4ltig gepr\u00fcft. Soweit erforderlich werden korrektive Ma\u00dfnahmen eingeleitet. Es kann notwendig sein, R\u00fcckfragen zu stellen.<\/li>\n<\/ul>\n\n\n\n<h2 class=\"wp-block-heading\">ABGABE VON HINWEISEN\/MELDUNGEN<\/h2>\n\n\n\n<p>Bitte geben Sie Ihre Meldung so konkret wie m\u00f6glich an, damit diese angemessen bearbeitet und untersucht werden kann.<\/p>\n\n\n\n<p>Sie k\u00f6nnen sich hierbei an den W-Fragen orientieren: Wer? Was? Wann? Wo? Wie?<\/p>\n\n\n\n<p>Wer? Wer ist involviert? Wer hat m\u00f6glicherweise einen Versto\u00df begangen? Wer ist betroffen? Sie m\u00fcssen Ihre Identit\u00e4t nicht preisgeben \u2013 allerdings kann dies die Bearbeitung erleichtern.<\/p>\n\n\n\n<p>Was? Was ist passiert? Welchen Versto\u00df gegen Rechtm\u00e4\u00dfigkeit vermuten Sie? Hier k\u00f6nnten im Verlauf auch weitere Informationen erforderlich sein. Die interne Meldestelle gew\u00e4hrleistet eine Kommunikation im Anschluss, die anonym oder vertraulich stattfindet.<\/p>\n\n\n\n<p>Wann? Wann haben die geschilderten Ereignisse stattgefunden. M\u00f6glichst Datum und Uhrzeit.<\/p>\n\n\n\n<p>Wo? Land, Standort, Werk, Abteilung, Dienststelle, Ort des Fehlverhaltens.<\/p>\n\n\n\n<p>Wie? Beschreiben Sie das Beobachtete m\u00f6glichst genau. Wie haben sich involvierte Personen verhalten?<\/p>\n<\/div><\/div>\n\n\n\n<div class=\"wp-block-group col-md-10 offset-md-1\"><div class=\"wp-block-group__inner-container is-layout-constrained wp-block-group-is-layout-constrained\">\n<h2 class=\"wp-block-heading\"><strong>ALLGEMEINES ZUR DATENVERARBEITUNG<\/strong><\/h2>\n\n\n\n<p>Bitte geben Sie Ihre Meldung so konkret wie m\u00f6glich an, damit diese angemessen bearbeitet und untersucht werden kann.<\/p>\n\n\n\n<p>Sie k\u00f6nnen sich hierbei an den W-Fragen orientieren: Wer? Was? Wann? Wo? Wie?<\/p>\n\n\n\n<p>Wer? Wer ist involviert? Wer hat m\u00f6glicherweise einen Versto\u00df begangen? Wer ist betroffen? Sie m\u00fcssen Ihre Identit\u00e4t nicht preisgeben \u2013 allerdings kann dies die Bearbeitung erleichtern.<\/p>\n\n\n\n<p>Was? Was ist passiert? Welchen Versto\u00df gegen Rechtm\u00e4\u00dfigkeit vermuten Sie? Hier k\u00f6nnten im Verlauf auch weitere Informationen erforderlich sein. Die interne Meldestelle gew\u00e4hrleistet eine Kommunikation im Anschluss, die anonym oder vertraulich stattfindet.<\/p>\n\n\n\n<p>Wann? Wann haben die geschilderten Ereignisse stattgefunden. M\u00f6glichst Datum und Uhrzeit.<\/p>\n\n\n\n<p>Wo? Land, Standort, Werk, Abteilung, Dienststelle, Ort des Fehlverhaltens.<\/p>\n\n\n\n<p>Wie? Beschreiben Sie das Beobachtete m\u00f6glichst genau. Wie haben sich involvierte Personen verhalten?<\/p>\n<\/div><\/div>\n\n\n\n<div class=\"wp-block-group col-md-10 offset-md-1\"><div class=\"wp-block-group__inner-container is-layout-constrained wp-block-group-is-layout-constrained\">\n<div class=\"wp-block-group\"><div class=\"wp-block-group__inner-container is-layout-constrained wp-block-group-is-layout-constrained\">\n<h2 class=\"wp-block-heading\">KAN\u00c4LE DER INTERNEN MELDESTELLE <\/h2>\n\n\n\n<p>Wir bieten einen Online-Meldekanal an, \u00fcber den Hinweise auch anonym abgegeben werden k\u00f6nnen.<br>Online-Meldekanal:\u00a0<a href=\"https:\/\/hgs.white-sparrow.net\/publicweb\/MKM.schenk\">https:\/\/hgs.white-sparrow.net\/publicweb\/MKM.schenk<\/a><\/p>\n\n\n\n<p><strong>Passwort:<\/strong>&nbsp;Sie erhalten ein Zugangspasswort, welches einmalig nur an Sie vergeben wird. Bei weiterer Kommunikation werden Sie gebeten dieses stets anzugeben, um sich so zu identifizieren. Bitte geben Sie dieses Passwort an keine weiteren Personen \/ Mitarbeiter weiter.<\/p>\n\n\n\n<p>Au\u00dferdem bieten wir eine Telefon-Hotline an, \u00fcber die Hinweise auch anonym abgegeben werden k\u00f6nnen.<\/p>\n\n\n\n<p><strong>Telefon-Hotline:<\/strong>&nbsp;<strong>0800 988 60 65&nbsp;<\/strong>(Kostenfrei aus dem deutschen Festnetz, Mobilfunk ggf. abweichend)&nbsp;<br>(Montag \u2013 Freitag (au\u00dfer an Feiertagen) von 9:00 \u2013 12:00 Uhr sowie 13:00 \u2013 16:00 Uhr)<\/p>\n\n\n\n<p><strong>Telefonkanal-Passwort:&nbsp;<\/strong>Bitte halten Sie hierbei Stift und Papier bereit. Ihr Zugangspasswort erhalten Sie m\u00fcndlich.<\/p>\n\n\n\n<p>Auf Verlangen (\u00fcber den Online- oder den Telefon-Kanal) kann Hinweisgebern auch eine pers\u00f6nliche Zusammenkunft mit einem Ombudsmann erm\u00f6glicht werden.<\/p>\n\n\n\n<p>Die oben genannten Meldekan\u00e4le werden durch einen Drittanbieter zur Verf\u00fcgung gestellt.<\/p>\n<\/div><\/div>\n<\/div><\/div>\n\n\n\n<div class=\"wp-block-group col-md-10 offset-md-1\"><div class=\"wp-block-group__inner-container is-layout-constrained wp-block-group-is-layout-constrained\">\n<h2 class=\"wp-block-heading\">WIE GEHT ES NACH IHRER MITTEILUNG WEITER? <\/h2>\n\n\n\n<p>Innerhalb einer Frist von 7 Tagen erhalten Sie eine Eingangsbest\u00e4tigung Ihrer Meldung. Die Meldung wird gepr\u00fcft, entsprechende Folgema\u00dfnahmen werden in die Wege geleitet und innerhalb von 3 Monaten werden Sie \u00fcber den Bearbeitungsstand sowie die ergriffenen Folgema\u00dfnahmen informiert.<\/p>\n\n\n\n<p>Alle personenbezogenen Daten werden im Einklang mit der EU-Datenschutzverordnung sowie des Bundesdatenschutzgesetzes verarbeitet.<\/p>\n<\/div><\/div>\n","protected":false},"excerpt":{"rendered":"<p>Sie m\u00f6chten Bedenken oder einen konkreten Versto\u00df hinsichtlich der Rechtm\u00e4\u00dfigkeit bestimmter Gesch\u00e4ftsvorg\u00e4nge oder Verhaltensweisen \u00e4u\u00dfern? [&hellip;]<\/p>\n","protected":false},"author":26,"featured_media":0,"parent":0,"menu_order":0,"comment_status":"closed","ping_status":"closed","template":"","meta":{"_acf_changed":false,"editor_notices":[],"footnotes":""},"class_list":["post-3343","page","type-page","status-publish","hentry"],"acf":{"contactpersoon_related_titel":"","contactpersoon_related_content":"","contactpersoon_related":""},"yoast_head":"<!-- This site is optimized with the Yoast SEO plugin v27.3 - https:\/\/yoast.com\/product\/yoast-seo-wordpress\/ -->\n<title>Hinweisgeberschutz - Schenk Tanktransport (de)<\/title>\n<meta name=\"robots\" content=\"index, follow, max-snippet:-1, max-image-preview:large, max-video-preview:-1\" \/>\n<link rel=\"canonical\" href=\"https:\/\/www.schenk-tanktransport.com\/de\/privacy-2\/\" \/>\n<meta property=\"og:locale\" content=\"de_DE\" \/>\n<meta property=\"og:type\" content=\"article\" \/>\n<meta property=\"og:title\" content=\"Hinweisgeberschutz - Schenk Tanktransport (de)\" \/>\n<meta property=\"og:description\" content=\"Sie m\u00f6chten Bedenken oder einen konkreten Versto\u00df hinsichtlich der Rechtm\u00e4\u00dfigkeit bestimmter Gesch\u00e4ftsvorg\u00e4nge oder Verhaltensweisen \u00e4u\u00dfern? [&hellip;]\" \/>\n<meta property=\"og:url\" content=\"https:\/\/www.schenk-tanktransport.com\/de\/privacy-2\/\" \/>\n<meta property=\"og:site_name\" content=\"Schenk Tanktransport (de)\" \/>\n<meta property=\"article:modified_time\" content=\"2026-03-30T07:21:59+00:00\" \/>\n<meta name=\"twitter:card\" content=\"summary_large_image\" \/>\n<meta name=\"twitter:label1\" content=\"Gesch\u00e4tzte Lesezeit\" \/>\n\t<meta name=\"twitter:data1\" content=\"4\u00a0Minuten\" \/>\n<script type=\"application\/ld+json\" class=\"yoast-schema-graph\">{\"@context\":\"https:\\\/\\\/schema.org\",\"@graph\":[{\"@type\":\"WebPage\",\"@id\":\"https:\\\/\\\/www.schenk-tanktransport.com\\\/de\\\/privacy-2\\\/\",\"url\":\"https:\\\/\\\/www.schenk-tanktransport.com\\\/de\\\/privacy-2\\\/\",\"name\":\"Hinweisgeberschutz - Schenk Tanktransport (de)\",\"isPartOf\":{\"@id\":\"https:\\\/\\\/www.schenk-tanktransport.com\\\/de\\\/#website\"},\"datePublished\":\"2024-10-30T09:53:37+00:00\",\"dateModified\":\"2026-03-30T07:21:59+00:00\",\"inLanguage\":\"de\",\"potentialAction\":[{\"@type\":\"ReadAction\",\"target\":[\"https:\\\/\\\/www.schenk-tanktransport.com\\\/de\\\/privacy-2\\\/\"]}]},{\"@type\":\"WebSite\",\"@id\":\"https:\\\/\\\/www.schenk-tanktransport.com\\\/de\\\/#website\",\"url\":\"https:\\\/\\\/www.schenk-tanktransport.com\\\/de\\\/\",\"name\":\"Schenk Tanktransport (de)\",\"description\":\"transport van brandstoffen, smeeroli\u00ebn, LPG, industri\u00eble gassen, LNG, bitumen en chemicali\u00ebn\",\"potentialAction\":[{\"@type\":\"SearchAction\",\"target\":{\"@type\":\"EntryPoint\",\"urlTemplate\":\"https:\\\/\\\/www.schenk-tanktransport.com\\\/de\\\/?s={search_term_string}\"},\"query-input\":{\"@type\":\"PropertyValueSpecification\",\"valueRequired\":true,\"valueName\":\"search_term_string\"}}],\"inLanguage\":\"de\"}]}<\/script>\n<!-- \/ Yoast SEO plugin. -->","yoast_head_json":{"title":"Hinweisgeberschutz - Schenk Tanktransport (de)","robots":{"index":"index","follow":"follow","max-snippet":"max-snippet:-1","max-image-preview":"max-image-preview:large","max-video-preview":"max-video-preview:-1"},"canonical":"https:\/\/www.schenk-tanktransport.com\/de\/privacy-2\/","og_locale":"de_DE","og_type":"article","og_title":"Hinweisgeberschutz - Schenk Tanktransport (de)","og_description":"Sie m\u00f6chten Bedenken oder einen konkreten Versto\u00df hinsichtlich der Rechtm\u00e4\u00dfigkeit bestimmter Gesch\u00e4ftsvorg\u00e4nge oder Verhaltensweisen \u00e4u\u00dfern? [&hellip;]","og_url":"https:\/\/www.schenk-tanktransport.com\/de\/privacy-2\/","og_site_name":"Schenk Tanktransport (de)","article_modified_time":"2026-03-30T07:21:59+00:00","twitter_card":"summary_large_image","twitter_misc":{"Gesch\u00e4tzte Lesezeit":"4\u00a0Minuten"},"schema":{"@context":"https:\/\/schema.org","@graph":[{"@type":"WebPage","@id":"https:\/\/www.schenk-tanktransport.com\/de\/privacy-2\/","url":"https:\/\/www.schenk-tanktransport.com\/de\/privacy-2\/","name":"Hinweisgeberschutz - Schenk Tanktransport (de)","isPartOf":{"@id":"https:\/\/www.schenk-tanktransport.com\/de\/#website"},"datePublished":"2024-10-30T09:53:37+00:00","dateModified":"2026-03-30T07:21:59+00:00","inLanguage":"de","potentialAction":[{"@type":"ReadAction","target":["https:\/\/www.schenk-tanktransport.com\/de\/privacy-2\/"]}]},{"@type":"WebSite","@id":"https:\/\/www.schenk-tanktransport.com\/de\/#website","url":"https:\/\/www.schenk-tanktransport.com\/de\/","name":"Schenk Tanktransport (de)","description":"transport van brandstoffen, smeeroli\u00ebn, LPG, industri\u00eble gassen, LNG, bitumen en chemicali\u00ebn","potentialAction":[{"@type":"SearchAction","target":{"@type":"EntryPoint","urlTemplate":"https:\/\/www.schenk-tanktransport.com\/de\/?s={search_term_string}"},"query-input":{"@type":"PropertyValueSpecification","valueRequired":true,"valueName":"search_term_string"}}],"inLanguage":"de"}]}},"_links":{"self":[{"href":"https:\/\/www.schenk-tanktransport.com\/de\/wp-json\/wp\/v2\/pages\/3343","targetHints":{"allow":["GET"]}}],"collection":[{"href":"https:\/\/www.schenk-tanktransport.com\/de\/wp-json\/wp\/v2\/pages"}],"about":[{"href":"https:\/\/www.schenk-tanktransport.com\/de\/wp-json\/wp\/v2\/types\/page"}],"author":[{"embeddable":true,"href":"https:\/\/www.schenk-tanktransport.com\/de\/wp-json\/wp\/v2\/users\/26"}],"replies":[{"embeddable":true,"href":"https:\/\/www.schenk-tanktransport.com\/de\/wp-json\/wp\/v2\/comments?post=3343"}],"version-history":[{"count":3,"href":"https:\/\/www.schenk-tanktransport.com\/de\/wp-json\/wp\/v2\/pages\/3343\/revisions"}],"predecessor-version":[{"id":3939,"href":"https:\/\/www.schenk-tanktransport.com\/de\/wp-json\/wp\/v2\/pages\/3343\/revisions\/3939"}],"wp:attachment":[{"href":"https:\/\/www.schenk-tanktransport.com\/de\/wp-json\/wp\/v2\/media?parent=3343"}],"curies":[{"name":"wp","href":"https:\/\/api.w.org\/{rel}","templated":true}]}}