{"id":363,"date":"2024-03-14T09:19:47","date_gmt":"2024-03-14T08:19:47","guid":{"rendered":"https:\/\/www.schenk-tanktransport.com\/?page_id=363"},"modified":"2024-05-08T12:01:01","modified_gmt":"2024-05-08T10:01:01","slug":"intermodaal-transport","status":"publish","type":"page","link":"https:\/\/www.schenk-tanktransport.com\/de\/intermodaal-transport\/","title":{"rendered":"Intermodal transport"},"content":{"rendered":"\n\n\n<p><\/p>\n\n\n\n<div id=\"cta-download\" class=\"wp-block-group buro26-block col-md-10 offset-md-1\"><div class=\"wp-block-group__inner-container is-layout-constrained wp-block-group-is-layout-constrained\"><\/div><\/div>\n\n\n\n<div id=\"cta-info-blue\" class=\"wp-block-group buro26-block col-md-10 offset-md-1\"><div class=\"wp-block-group__inner-container is-layout-constrained wp-block-group-is-layout-constrained\">\n<div class=\"wp-block-columns has-vivid-cyan-blue-background-color has-background is-layout-flex wp-container-core-columns-is-layout-9d6595d7 wp-block-columns-is-layout-flex\">\n<div class=\"wp-block-column is-layout-flow wp-block-column-is-layout-flow\">\n<p class=\"title has-white-color has-text-color has-link-color wp-elements-34b4a4e2b8c08791741b297fdcc22088\"><strong><strong>Intermodal ships highly flammable gas to India<\/strong><\/strong><\/p>\n\n\n\n<p class=\"has-white-color has-text-color has-link-color wp-elements-a68d00649d3d59a428322cbf428cf629\">As some gases are not available in Asia, our customer asked us to transport these gases from Europe to India. The challenge, however, is to transport this highly flammable product, safely to a country where conditions are completely different. This requires specialized materials and expert knowledge.<\/p>\n\n\n\n<div class=\"wp-block-buttons is-layout-flex wp-block-buttons-is-layout-flex\">\n<div class=\"wp-block-button is-style-outline is-style-outline--1\"><a class=\"wp-block-button__link has-white-color has-text-color has-link-color wp-element-button\" href=\"https:\/\/www.schenk-tanktransport.com\/cases\/intermodal-ships-highly-flammable-gas-to-india\/\">Read more<\/a><\/div>\n<\/div>\n<\/div>\n<\/div>\n<\/div><\/div>\n\n\n\n<div class=\"wp-block-columns is-layout-flex wp-container-core-columns-is-layout-9d6595d7 wp-block-columns-is-layout-flex\"><\/div>\n\n\n\n<p>.&nbsp;<\/p>\n","protected":false},"excerpt":{"rendered":"<p>Intermodal ships highly flammable gas to India As some gases are not available in Asia, [&hellip;]<\/p>\n","protected":false},"author":26,"featured_media":987,"parent":0,"menu_order":0,"comment_status":"closed","ping_status":"closed","template":"","meta":{"_acf_changed":false,"editor_notices":[],"footnotes":""},"class_list":["post-363","page","type-page","status-publish","has-post-thumbnail","hentry"],"acf":{"contactpersoon_related_titel":"Get in contact","contactpersoon_related_content":"","contactpersoon_related":[928]},"yoast_head":"<!-- This site is optimized with the Yoast SEO plugin v27.3 - https:\/\/yoast.com\/product\/yoast-seo-wordpress\/ -->\n<title>Intermodal transport - Schenk Tanktransport (de)<\/title>\n<meta name=\"description\" content=\"Intermodal Transport\" \/>\n<meta name=\"robots\" content=\"index, follow, max-snippet:-1, max-image-preview:large, max-video-preview:-1\" \/>\n<link rel=\"canonical\" href=\"https:\/\/www.schenk-tanktransport.com\/de\/intermodaal-transport\/\" \/>\n<meta property=\"og:locale\" content=\"de_DE\" \/>\n<meta property=\"og:type\" content=\"article\" \/>\n<meta property=\"og:title\" content=\"Intermodal transport - Schenk Tanktransport (de)\" \/>\n<meta property=\"og:description\" content=\"Intermodal Transport\" \/>\n<meta property=\"og:url\" content=\"https:\/\/www.schenk-tanktransport.com\/de\/intermodaal-transport\/\" \/>\n<meta property=\"og:site_name\" content=\"Schenk Tanktransport (de)\" \/>\n<meta property=\"article:modified_time\" content=\"2024-05-08T10:01:01+00:00\" \/>\n<meta property=\"og:image\" content=\"\/wp-content\/themes\/buro26\/assets\/images\/og-schenk-tankstransport.jpg\" \/>\n\t<meta property=\"og:image:width\" content=\"1205\" \/>\n\t<meta property=\"og:image:height\" content=\"690\" \/>\n\t<meta property=\"og:image:type\" content=\"image\/jpeg\" \/>\n<meta name=\"twitter:card\" content=\"summary_large_image\" \/>\n<meta name=\"twitter:label1\" content=\"Gesch\u00e4tzte Lesezeit\" \/>\n\t<meta name=\"twitter:data1\" content=\"1\u00a0Minute\" \/>\n<script type=\"application\/ld+json\" class=\"yoast-schema-graph\">{\"@context\":\"https:\\\/\\\/schema.org\",\"@graph\":[{\"@type\":\"WebPage\",\"@id\":\"https:\\\/\\\/www.schenk-tanktransport.com\\\/de\\\/intermodaal-transport\\\/\",\"url\":\"https:\\\/\\\/www.schenk-tanktransport.com\\\/de\\\/intermodaal-transport\\\/\",\"name\":\"Intermodal transport - Schenk Tanktransport (de)\",\"isPartOf\":{\"@id\":\"https:\\\/\\\/www.schenk-tanktransport.com\\\/de\\\/#website\"},\"primaryImageOfPage\":{\"@id\":\"https:\\\/\\\/www.schenk-tanktransport.com\\\/de\\\/intermodaal-transport\\\/#primaryimage\"},\"image\":{\"@id\":\"https:\\\/\\\/www.schenk-tanktransport.com\\\/de\\\/intermodaal-transport\\\/#primaryimage\"},\"thumbnailUrl\":\"https:\\\/\\\/www.schenk-tanktransport.com\\\/de\\\/wp-content\\\/uploads\\\/sites\\\/8\\\/2024\\\/05\\\/Intermodal_Header-e1715166867870.jpg\",\"datePublished\":\"2024-03-14T08:19:47+00:00\",\"dateModified\":\"2024-05-08T10:01:01+00:00\",\"description\":\"Intermodal Transport\",\"inLanguage\":\"de\",\"potentialAction\":[{\"@type\":\"ReadAction\",\"target\":[\"https:\\\/\\\/www.schenk-tanktransport.com\\\/de\\\/intermodaal-transport\\\/\"]}]},{\"@type\":\"ImageObject\",\"inLanguage\":\"de\",\"@id\":\"https:\\\/\\\/www.schenk-tanktransport.com\\\/de\\\/intermodaal-transport\\\/#primaryimage\",\"url\":\"https:\\\/\\\/www.schenk-tanktransport.com\\\/de\\\/wp-content\\\/uploads\\\/sites\\\/8\\\/2024\\\/05\\\/Intermodal_Header-e1715166867870.jpg\",\"contentUrl\":\"https:\\\/\\\/www.schenk-tanktransport.com\\\/de\\\/wp-content\\\/uploads\\\/sites\\\/8\\\/2024\\\/05\\\/Intermodal_Header-e1715166867870.jpg\",\"width\":1205,\"height\":690},{\"@type\":\"WebSite\",\"@id\":\"https:\\\/\\\/www.schenk-tanktransport.com\\\/de\\\/#website\",\"url\":\"https:\\\/\\\/www.schenk-tanktransport.com\\\/de\\\/\",\"name\":\"Schenk Tanktransport (de)\",\"description\":\"transport van brandstoffen, smeeroli\u00ebn, LPG, industri\u00eble gassen, LNG, bitumen en chemicali\u00ebn\",\"potentialAction\":[{\"@type\":\"SearchAction\",\"target\":{\"@type\":\"EntryPoint\",\"urlTemplate\":\"https:\\\/\\\/www.schenk-tanktransport.com\\\/de\\\/?s={search_term_string}\"},\"query-input\":{\"@type\":\"PropertyValueSpecification\",\"valueRequired\":true,\"valueName\":\"search_term_string\"}}],\"inLanguage\":\"de\"}]}<\/script>\n<!-- \/ Yoast SEO plugin. -->","yoast_head_json":{"title":"Intermodal transport - Schenk Tanktransport (de)","description":"Intermodal Transport","robots":{"index":"index","follow":"follow","max-snippet":"max-snippet:-1","max-image-preview":"max-image-preview:large","max-video-preview":"max-video-preview:-1"},"canonical":"https:\/\/www.schenk-tanktransport.com\/de\/intermodaal-transport\/","og_locale":"de_DE","og_type":"article","og_title":"Intermodal transport - Schenk Tanktransport (de)","og_description":"Intermodal Transport","og_url":"https:\/\/www.schenk-tanktransport.com\/de\/intermodaal-transport\/","og_site_name":"Schenk Tanktransport (de)","article_modified_time":"2024-05-08T10:01:01+00:00","og_image":[{"width":1205,"height":690,"url":"\/wp-content\/themes\/buro26\/assets\/images\/og-schenk-tankstransport.jpg","type":"image\/jpeg"}],"twitter_card":"summary_large_image","twitter_misc":{"Gesch\u00e4tzte Lesezeit":"1\u00a0Minute"},"schema":{"@context":"https:\/\/schema.org","@graph":[{"@type":"WebPage","@id":"https:\/\/www.schenk-tanktransport.com\/de\/intermodaal-transport\/","url":"https:\/\/www.schenk-tanktransport.com\/de\/intermodaal-transport\/","name":"Intermodal transport - Schenk Tanktransport (de)","isPartOf":{"@id":"https:\/\/www.schenk-tanktransport.com\/de\/#website"},"primaryImageOfPage":{"@id":"https:\/\/www.schenk-tanktransport.com\/de\/intermodaal-transport\/#primaryimage"},"image":{"@id":"https:\/\/www.schenk-tanktransport.com\/de\/intermodaal-transport\/#primaryimage"},"thumbnailUrl":"https:\/\/www.schenk-tanktransport.com\/de\/wp-content\/uploads\/sites\/8\/2024\/05\/Intermodal_Header-e1715166867870.jpg","datePublished":"2024-03-14T08:19:47+00:00","dateModified":"2024-05-08T10:01:01+00:00","description":"Intermodal Transport","inLanguage":"de","potentialAction":[{"@type":"ReadAction","target":["https:\/\/www.schenk-tanktransport.com\/de\/intermodaal-transport\/"]}]},{"@type":"ImageObject","inLanguage":"de","@id":"https:\/\/www.schenk-tanktransport.com\/de\/intermodaal-transport\/#primaryimage","url":"https:\/\/www.schenk-tanktransport.com\/de\/wp-content\/uploads\/sites\/8\/2024\/05\/Intermodal_Header-e1715166867870.jpg","contentUrl":"https:\/\/www.schenk-tanktransport.com\/de\/wp-content\/uploads\/sites\/8\/2024\/05\/Intermodal_Header-e1715166867870.jpg","width":1205,"height":690},{"@type":"WebSite","@id":"https:\/\/www.schenk-tanktransport.com\/de\/#website","url":"https:\/\/www.schenk-tanktransport.com\/de\/","name":"Schenk Tanktransport (de)","description":"transport van brandstoffen, smeeroli\u00ebn, LPG, industri\u00eble gassen, LNG, bitumen en chemicali\u00ebn","potentialAction":[{"@type":"SearchAction","target":{"@type":"EntryPoint","urlTemplate":"https:\/\/www.schenk-tanktransport.com\/de\/?s={search_term_string}"},"query-input":{"@type":"PropertyValueSpecification","valueRequired":true,"valueName":"search_term_string"}}],"inLanguage":"de"}]}},"_links":{"self":[{"href":"https:\/\/www.schenk-tanktransport.com\/de\/wp-json\/wp\/v2\/pages\/363","targetHints":{"allow":["GET"]}}],"collection":[{"href":"https:\/\/www.schenk-tanktransport.com\/de\/wp-json\/wp\/v2\/pages"}],"about":[{"href":"https:\/\/www.schenk-tanktransport.com\/de\/wp-json\/wp\/v2\/types\/page"}],"author":[{"embeddable":true,"href":"https:\/\/www.schenk-tanktransport.com\/de\/wp-json\/wp\/v2\/users\/26"}],"replies":[{"embeddable":true,"href":"https:\/\/www.schenk-tanktransport.com\/de\/wp-json\/wp\/v2\/comments?post=363"}],"version-history":[{"count":42,"href":"https:\/\/www.schenk-tanktransport.com\/de\/wp-json\/wp\/v2\/pages\/363\/revisions"}],"predecessor-version":[{"id":1041,"href":"https:\/\/www.schenk-tanktransport.com\/de\/wp-json\/wp\/v2\/pages\/363\/revisions\/1041"}],"acf:post":[{"embeddable":true,"href":"https:\/\/www.schenk-tanktransport.com\/de\/wp-json\/wp\/v2\/contactpersonen\/928"}],"wp:featuredmedia":[{"embeddable":true,"href":"https:\/\/www.schenk-tanktransport.com\/de\/wp-json\/wp\/v2\/media\/987"}],"wp:attachment":[{"href":"https:\/\/www.schenk-tanktransport.com\/de\/wp-json\/wp\/v2\/media?parent=363"}],"curies":[{"name":"wp","href":"https:\/\/api.w.org\/{rel}","templated":true}]}}