{"id":365,"date":"2024-03-14T09:19:55","date_gmt":"2024-03-14T08:19:55","guid":{"rendered":"https:\/\/www.schenk-tanktransport.com\/?page_id=365"},"modified":"2024-05-02T14:14:59","modified_gmt":"2024-05-02T12:14:59","slug":"cryogeen-transport","status":"publish","type":"page","link":"https:\/\/www.schenk-tanktransport.com\/de\/cryogeen-transport\/","title":{"rendered":"Cryo Equipment Rental"},"content":{"rendered":"\n<p>Schenk has an extensive rental fleet of tankers and tank containers. Our equipment is modern and meets all safety standards. We offer both short and long-term rentals. Schenk also has leases available, allowing you to specify and order equipment that&#8217;s tailored to your specific needs. We offer leases that include options for regular maintenance and inspections.\u00a0 The rental fleet is available with or without Schenk&#8217;s transport services.<\/p>\n","protected":false},"excerpt":{"rendered":"<p>Schenk has an extensive rental fleet of tankers and tank containers. Our equipment is modern [&hellip;]<\/p>\n","protected":false},"author":26,"featured_media":0,"parent":0,"menu_order":0,"comment_status":"closed","ping_status":"closed","template":"","meta":{"_acf_changed":false,"editor_notices":[],"footnotes":""},"class_list":["post-365","page","type-page","status-publish","hentry"],"acf":{"contactpersoon_related_titel":"Meer weten?","contactpersoon_related_content":"","contactpersoon_related":[931]},"yoast_head":"<!-- This site is optimized with the Yoast SEO plugin v27.3 - https:\/\/yoast.com\/product\/yoast-seo-wordpress\/ -->\n<title>Cryo Equipment Rental - Schenk Tanktransport (de)<\/title>\n<meta name=\"robots\" content=\"index, follow, max-snippet:-1, max-image-preview:large, max-video-preview:-1\" \/>\n<link rel=\"canonical\" href=\"https:\/\/www.schenk-tanktransport.com\/de\/cryogeen-transport\/\" \/>\n<meta property=\"og:locale\" content=\"de_DE\" \/>\n<meta property=\"og:type\" content=\"article\" \/>\n<meta property=\"og:title\" content=\"Cryo Equipment Rental - Schenk Tanktransport (de)\" \/>\n<meta property=\"og:description\" content=\"Schenk has an extensive rental fleet of tankers and tank containers. Our equipment is modern [&hellip;]\" \/>\n<meta property=\"og:url\" content=\"https:\/\/www.schenk-tanktransport.com\/de\/cryogeen-transport\/\" \/>\n<meta property=\"og:site_name\" content=\"Schenk Tanktransport (de)\" \/>\n<meta property=\"article:modified_time\" content=\"2024-05-02T12:14:59+00:00\" \/>\n<meta name=\"twitter:card\" content=\"summary_large_image\" \/>\n<meta name=\"twitter:label1\" content=\"Gesch\u00e4tzte Lesezeit\" \/>\n\t<meta name=\"twitter:data1\" content=\"1\u00a0Minute\" \/>\n<script type=\"application\/ld+json\" class=\"yoast-schema-graph\">{\"@context\":\"https:\\\/\\\/schema.org\",\"@graph\":[{\"@type\":\"WebPage\",\"@id\":\"https:\\\/\\\/www.schenk-tanktransport.com\\\/de\\\/cryogeen-transport\\\/\",\"url\":\"https:\\\/\\\/www.schenk-tanktransport.com\\\/de\\\/cryogeen-transport\\\/\",\"name\":\"Cryo Equipment Rental - Schenk Tanktransport (de)\",\"isPartOf\":{\"@id\":\"https:\\\/\\\/www.schenk-tanktransport.com\\\/de\\\/#website\"},\"datePublished\":\"2024-03-14T08:19:55+00:00\",\"dateModified\":\"2024-05-02T12:14:59+00:00\",\"inLanguage\":\"de\",\"potentialAction\":[{\"@type\":\"ReadAction\",\"target\":[\"https:\\\/\\\/www.schenk-tanktransport.com\\\/de\\\/cryogeen-transport\\\/\"]}]},{\"@type\":\"WebSite\",\"@id\":\"https:\\\/\\\/www.schenk-tanktransport.com\\\/de\\\/#website\",\"url\":\"https:\\\/\\\/www.schenk-tanktransport.com\\\/de\\\/\",\"name\":\"Schenk Tanktransport (de)\",\"description\":\"transport van brandstoffen, smeeroli\u00ebn, LPG, industri\u00eble gassen, LNG, bitumen en chemicali\u00ebn\",\"potentialAction\":[{\"@type\":\"SearchAction\",\"target\":{\"@type\":\"EntryPoint\",\"urlTemplate\":\"https:\\\/\\\/www.schenk-tanktransport.com\\\/de\\\/?s={search_term_string}\"},\"query-input\":{\"@type\":\"PropertyValueSpecification\",\"valueRequired\":true,\"valueName\":\"search_term_string\"}}],\"inLanguage\":\"de\"}]}<\/script>\n<!-- \/ Yoast SEO plugin. -->","yoast_head_json":{"title":"Cryo Equipment Rental - Schenk Tanktransport (de)","robots":{"index":"index","follow":"follow","max-snippet":"max-snippet:-1","max-image-preview":"max-image-preview:large","max-video-preview":"max-video-preview:-1"},"canonical":"https:\/\/www.schenk-tanktransport.com\/de\/cryogeen-transport\/","og_locale":"de_DE","og_type":"article","og_title":"Cryo Equipment Rental - Schenk Tanktransport (de)","og_description":"Schenk has an extensive rental fleet of tankers and tank containers. Our equipment is modern [&hellip;]","og_url":"https:\/\/www.schenk-tanktransport.com\/de\/cryogeen-transport\/","og_site_name":"Schenk Tanktransport (de)","article_modified_time":"2024-05-02T12:14:59+00:00","twitter_card":"summary_large_image","twitter_misc":{"Gesch\u00e4tzte Lesezeit":"1\u00a0Minute"},"schema":{"@context":"https:\/\/schema.org","@graph":[{"@type":"WebPage","@id":"https:\/\/www.schenk-tanktransport.com\/de\/cryogeen-transport\/","url":"https:\/\/www.schenk-tanktransport.com\/de\/cryogeen-transport\/","name":"Cryo Equipment Rental - Schenk Tanktransport (de)","isPartOf":{"@id":"https:\/\/www.schenk-tanktransport.com\/de\/#website"},"datePublished":"2024-03-14T08:19:55+00:00","dateModified":"2024-05-02T12:14:59+00:00","inLanguage":"de","potentialAction":[{"@type":"ReadAction","target":["https:\/\/www.schenk-tanktransport.com\/de\/cryogeen-transport\/"]}]},{"@type":"WebSite","@id":"https:\/\/www.schenk-tanktransport.com\/de\/#website","url":"https:\/\/www.schenk-tanktransport.com\/de\/","name":"Schenk Tanktransport (de)","description":"transport van brandstoffen, smeeroli\u00ebn, LPG, industri\u00eble gassen, LNG, bitumen en chemicali\u00ebn","potentialAction":[{"@type":"SearchAction","target":{"@type":"EntryPoint","urlTemplate":"https:\/\/www.schenk-tanktransport.com\/de\/?s={search_term_string}"},"query-input":{"@type":"PropertyValueSpecification","valueRequired":true,"valueName":"search_term_string"}}],"inLanguage":"de"}]}},"_links":{"self":[{"href":"https:\/\/www.schenk-tanktransport.com\/de\/wp-json\/wp\/v2\/pages\/365","targetHints":{"allow":["GET"]}}],"collection":[{"href":"https:\/\/www.schenk-tanktransport.com\/de\/wp-json\/wp\/v2\/pages"}],"about":[{"href":"https:\/\/www.schenk-tanktransport.com\/de\/wp-json\/wp\/v2\/types\/page"}],"author":[{"embeddable":true,"href":"https:\/\/www.schenk-tanktransport.com\/de\/wp-json\/wp\/v2\/users\/26"}],"replies":[{"embeddable":true,"href":"https:\/\/www.schenk-tanktransport.com\/de\/wp-json\/wp\/v2\/comments?post=365"}],"version-history":[{"count":3,"href":"https:\/\/www.schenk-tanktransport.com\/de\/wp-json\/wp\/v2\/pages\/365\/revisions"}],"predecessor-version":[{"id":933,"href":"https:\/\/www.schenk-tanktransport.com\/de\/wp-json\/wp\/v2\/pages\/365\/revisions\/933"}],"wp:attachment":[{"href":"https:\/\/www.schenk-tanktransport.com\/de\/wp-json\/wp\/v2\/media?parent=365"}],"curies":[{"name":"wp","href":"https:\/\/api.w.org\/{rel}","templated":true}]}}