{"id":38,"date":"2023-12-01T10:57:05","date_gmt":"2023-12-01T10:57:05","guid":{"rendered":"https:\/\/www.schenk-tanktransport.com\/?page_id=38"},"modified":"2024-03-26T10:54:36","modified_gmt":"2024-03-26T09:54:36","slug":"standaard-tekstpagina","status":"publish","type":"page","link":"https:\/\/www.schenk-tanktransport.com\/de\/standaard-tekstpagina\/","title":{"rendered":"Standaard landingspagina (H1)"},"content":{"rendered":"\n<p>Lorem ipsum dolor sit amet, consectetur adipiscing elit. Phasellus vel nulla id nulla sodales eleifend quis vel mauris. Nulla hendrerit tincidunt ultrices. Quisque scelerisque tempus ligula, et facilisis augue luctus id.<\/p>\n\n\n\n<p>Sodales eleifend quis vel mauris. Nulla hendrerit tincidunt ultrices. Quisque scelerisque tempus ligula, et facilisis augue luctus id. em quam semper libero, sit amet adipiscing sem neque sed ipsum. Nam quam nunc, blandit vel, luctus pulvinar. Lorem ipsum dolor sit amet, consectetur adipiscing elit.<\/p>\n\n\n\n<h2 class=\"wp-block-heading\">Subtitel (H2)<\/h2>\n\n\n\n<p>Cras dui ipsum, vestibulum sit amet tellus in, pharetra pulvinar felis. Pellentesque habitant morbi tristique senectus et netus et malesuada fames ac turpis egestas. Sed euismod, risus a porta laoreet, nibh felis tempus neque, in fermentum risus nisi vel augue.<\/p>\n\n\n\n<h3 class=\"wp-block-heading\">Subtitel (H3)<\/h3>\n\n\n\n<p>Nunc sit amet diam eget nunc gravida lacinia non vitae nulla. Sed posuere gravida nibh, a commodo ante ornare sit amet.<\/p>\n\n\n\n<p>Ongenummerd lijstje<\/p>\n\n\n\n<ul class=\"wp-block-list\">\n<li>Item 1<\/li>\n\n\n\n<li>Item 2<\/li>\n\n\n\n<li>Item 3<\/li>\n<\/ul>\n\n\n\n<p>Genummerd lijstje<\/p>\n\n\n\n<ol class=\"wp-block-list\">\n<li>Item 1<\/li>\n\n\n\n<li>Item 2<\/li>\n\n\n\n<li>Item 3<\/li>\n<\/ol>\n\n\n\n<h4 class=\"wp-block-heading\">Subtitel (H4)<\/h4>\n\n\n\n<p>Phasellus vel nulla id nulla&nbsp;<a href=\"https:\/\/www.buro26.digital\/\" target=\"_blank\" rel=\"noreferrer noopener\">Extern linkje<\/a>&nbsp;Etiam rhoncus. Maecenas tempus, tellus eget condimentum rhoncus,&nbsp;<a href=\"https:\/\/demo.buro26.digital\/landingspagina\/#\">Intern linkje<\/a>&nbsp;sodales eleifend quis vel mauris. Nulla hendrerit tincidunt ultrices. Quisque scelerisque tempus ligula, et facilisis augue luctus id.&nbsp;<strong>Dik gedrukte tekst<\/strong>&nbsp;Cras dui ipsum, vestibulum sit amet tellus in, pharetra pulvinar felis.&nbsp;<em>Cursieve tekst<\/em>&nbsp;Pellentesque habitant morbi tristique senectus et netus et malesuada fames ac turpis egestas.<\/p>\n\n\n\n<p><a href=\"https:\/\/demo.buro26.digital\/landingspagina\/#\">Lees meer<\/a><\/p>\n\n\n\n<figure class=\"wp-block-image\"><img decoding=\"async\" src=\"https:\/\/img.buro26.nl\/1920x1080\/ccc\/999\/1920x1080.png\" alt=\"Buro26 img\"\/><\/figure>\n\n\n\n<p>Cras dui ipsum, vestibulum sit amet tellus in, pharetra pulvinar felis. Pellentesque habitant morbi tristique senectus et netus et malesuada fames ac turpis egestas. Sed euismod, risus a porta laoreet, nibh felis tempus neque, in fermentum risus nisi vel augue.<\/p>\n\n\n\n<h2 class=\"wp-block-heading\">Buttons<\/h2>\n\n\n\n<p class=\"btn btn-primary\"><a href=\"#\">Button primary<\/a><\/p>\n\n\n\n<p class=\"btn btn-secondary\"><a href=\"#\">Button secondary<\/a><\/p>\n\n\n\n<p class=\"btn btn-primary arrow\"><a href=\"#\">Button-with-arrow<\/a><\/p>\n\n\n\n<p class=\"btn btn-secondary arrow\"><a href=\"#\">Button-secondary-with-arrow<\/a><\/p>\n\n\n\n<p class=\"btn btn-download\"><a href=\"#\">Button-download<\/a><\/p>\n\n\n\n<p class=\"btn btn-no-background\"><a href=\"#\">Button-arrow-without-background<\/a><\/p>\n\n\n\n<p class=\"btn btn-big\"><a href=\"#\">button-big<\/a><\/p>\n","protected":false},"excerpt":{"rendered":"<p>Lorem ipsum dolor sit amet, consectetur adipiscing elit. Phasellus vel nulla id nulla sodales eleifend [&hellip;]<\/p>\n","protected":false},"author":26,"featured_media":0,"parent":0,"menu_order":0,"comment_status":"closed","ping_status":"closed","template":"","meta":{"_acf_changed":false,"editor_notices":[],"footnotes":""},"class_list":["post-38","page","type-page","status-publish","hentry"],"acf":{"contactpersoon_related_titel":"","contactpersoon_related_content":"","contactpersoon_related":""},"yoast_head":"<!-- This site is optimized with the Yoast SEO plugin v27.3 - https:\/\/yoast.com\/product\/yoast-seo-wordpress\/ -->\n<title>Standaard landingspagina (H1) - Schenk Tanktransport (de)<\/title>\n<meta name=\"robots\" content=\"index, follow, max-snippet:-1, max-image-preview:large, max-video-preview:-1\" \/>\n<link rel=\"canonical\" href=\"https:\/\/www.schenk-tanktransport.com\/de\/standaard-tekstpagina\/\" \/>\n<meta property=\"og:locale\" content=\"de_DE\" \/>\n<meta property=\"og:type\" content=\"article\" \/>\n<meta property=\"og:title\" content=\"Standaard landingspagina (H1) - Schenk Tanktransport (de)\" \/>\n<meta property=\"og:description\" content=\"Lorem ipsum dolor sit amet, consectetur adipiscing elit. Phasellus vel nulla id nulla sodales eleifend [&hellip;]\" \/>\n<meta property=\"og:url\" content=\"https:\/\/www.schenk-tanktransport.com\/de\/standaard-tekstpagina\/\" \/>\n<meta property=\"og:site_name\" content=\"Schenk Tanktransport (de)\" \/>\n<meta property=\"article:modified_time\" content=\"2024-03-26T09:54:36+00:00\" \/>\n<meta property=\"og:image\" content=\"\/wp-content\/themes\/buro26\/assets\/images\/og-schenk-tankstransport.jpg\" \/>\n<meta name=\"twitter:card\" content=\"summary_large_image\" \/>\n<meta name=\"twitter:label1\" content=\"Gesch\u00e4tzte Lesezeit\" \/>\n\t<meta name=\"twitter:data1\" content=\"2\u00a0Minuten\" \/>\n<script type=\"application\/ld+json\" class=\"yoast-schema-graph\">{\"@context\":\"https:\\\/\\\/schema.org\",\"@graph\":[{\"@type\":\"WebPage\",\"@id\":\"https:\\\/\\\/www.schenk-tanktransport.com\\\/de\\\/standaard-tekstpagina\\\/\",\"url\":\"https:\\\/\\\/www.schenk-tanktransport.com\\\/de\\\/standaard-tekstpagina\\\/\",\"name\":\"Standaard landingspagina (H1) - Schenk Tanktransport (de)\",\"isPartOf\":{\"@id\":\"https:\\\/\\\/www.schenk-tanktransport.com\\\/de\\\/#website\"},\"primaryImageOfPage\":{\"@id\":\"https:\\\/\\\/www.schenk-tanktransport.com\\\/de\\\/standaard-tekstpagina\\\/#primaryimage\"},\"image\":{\"@id\":\"https:\\\/\\\/www.schenk-tanktransport.com\\\/de\\\/standaard-tekstpagina\\\/#primaryimage\"},\"thumbnailUrl\":\"https:\\\/\\\/img.buro26.nl\\\/1920x1080\\\/ccc\\\/999\\\/1920x1080.png\",\"datePublished\":\"2023-12-01T10:57:05+00:00\",\"dateModified\":\"2024-03-26T09:54:36+00:00\",\"inLanguage\":\"de\",\"potentialAction\":[{\"@type\":\"ReadAction\",\"target\":[\"https:\\\/\\\/www.schenk-tanktransport.com\\\/de\\\/standaard-tekstpagina\\\/\"]}]},{\"@type\":\"ImageObject\",\"inLanguage\":\"de\",\"@id\":\"https:\\\/\\\/www.schenk-tanktransport.com\\\/de\\\/standaard-tekstpagina\\\/#primaryimage\",\"url\":\"https:\\\/\\\/img.buro26.nl\\\/1920x1080\\\/ccc\\\/999\\\/1920x1080.png\",\"contentUrl\":\"https:\\\/\\\/img.buro26.nl\\\/1920x1080\\\/ccc\\\/999\\\/1920x1080.png\"},{\"@type\":\"WebSite\",\"@id\":\"https:\\\/\\\/www.schenk-tanktransport.com\\\/de\\\/#website\",\"url\":\"https:\\\/\\\/www.schenk-tanktransport.com\\\/de\\\/\",\"name\":\"Schenk Tanktransport (de)\",\"description\":\"transport van brandstoffen, smeeroli\u00ebn, LPG, industri\u00eble gassen, LNG, bitumen en chemicali\u00ebn\",\"potentialAction\":[{\"@type\":\"SearchAction\",\"target\":{\"@type\":\"EntryPoint\",\"urlTemplate\":\"https:\\\/\\\/www.schenk-tanktransport.com\\\/de\\\/?s={search_term_string}\"},\"query-input\":{\"@type\":\"PropertyValueSpecification\",\"valueRequired\":true,\"valueName\":\"search_term_string\"}}],\"inLanguage\":\"de\"}]}<\/script>\n<!-- \/ Yoast SEO plugin. -->","yoast_head_json":{"title":"Standaard landingspagina (H1) - Schenk Tanktransport (de)","robots":{"index":"index","follow":"follow","max-snippet":"max-snippet:-1","max-image-preview":"max-image-preview:large","max-video-preview":"max-video-preview:-1"},"canonical":"https:\/\/www.schenk-tanktransport.com\/de\/standaard-tekstpagina\/","og_locale":"de_DE","og_type":"article","og_title":"Standaard landingspagina (H1) - Schenk Tanktransport (de)","og_description":"Lorem ipsum dolor sit amet, consectetur adipiscing elit. Phasellus vel nulla id nulla sodales eleifend [&hellip;]","og_url":"https:\/\/www.schenk-tanktransport.com\/de\/standaard-tekstpagina\/","og_site_name":"Schenk Tanktransport (de)","article_modified_time":"2024-03-26T09:54:36+00:00","og_image":[{"url":"\/wp-content\/themes\/buro26\/assets\/images\/og-schenk-tankstransport.jpg","type":"","width":"","height":""}],"twitter_card":"summary_large_image","twitter_misc":{"Gesch\u00e4tzte Lesezeit":"2\u00a0Minuten"},"schema":{"@context":"https:\/\/schema.org","@graph":[{"@type":"WebPage","@id":"https:\/\/www.schenk-tanktransport.com\/de\/standaard-tekstpagina\/","url":"https:\/\/www.schenk-tanktransport.com\/de\/standaard-tekstpagina\/","name":"Standaard landingspagina (H1) - Schenk Tanktransport (de)","isPartOf":{"@id":"https:\/\/www.schenk-tanktransport.com\/de\/#website"},"primaryImageOfPage":{"@id":"https:\/\/www.schenk-tanktransport.com\/de\/standaard-tekstpagina\/#primaryimage"},"image":{"@id":"https:\/\/www.schenk-tanktransport.com\/de\/standaard-tekstpagina\/#primaryimage"},"thumbnailUrl":"https:\/\/img.buro26.nl\/1920x1080\/ccc\/999\/1920x1080.png","datePublished":"2023-12-01T10:57:05+00:00","dateModified":"2024-03-26T09:54:36+00:00","inLanguage":"de","potentialAction":[{"@type":"ReadAction","target":["https:\/\/www.schenk-tanktransport.com\/de\/standaard-tekstpagina\/"]}]},{"@type":"ImageObject","inLanguage":"de","@id":"https:\/\/www.schenk-tanktransport.com\/de\/standaard-tekstpagina\/#primaryimage","url":"https:\/\/img.buro26.nl\/1920x1080\/ccc\/999\/1920x1080.png","contentUrl":"https:\/\/img.buro26.nl\/1920x1080\/ccc\/999\/1920x1080.png"},{"@type":"WebSite","@id":"https:\/\/www.schenk-tanktransport.com\/de\/#website","url":"https:\/\/www.schenk-tanktransport.com\/de\/","name":"Schenk Tanktransport (de)","description":"transport van brandstoffen, smeeroli\u00ebn, LPG, industri\u00eble gassen, LNG, bitumen en chemicali\u00ebn","potentialAction":[{"@type":"SearchAction","target":{"@type":"EntryPoint","urlTemplate":"https:\/\/www.schenk-tanktransport.com\/de\/?s={search_term_string}"},"query-input":{"@type":"PropertyValueSpecification","valueRequired":true,"valueName":"search_term_string"}}],"inLanguage":"de"}]}},"_links":{"self":[{"href":"https:\/\/www.schenk-tanktransport.com\/de\/wp-json\/wp\/v2\/pages\/38","targetHints":{"allow":["GET"]}}],"collection":[{"href":"https:\/\/www.schenk-tanktransport.com\/de\/wp-json\/wp\/v2\/pages"}],"about":[{"href":"https:\/\/www.schenk-tanktransport.com\/de\/wp-json\/wp\/v2\/types\/page"}],"author":[{"embeddable":true,"href":"https:\/\/www.schenk-tanktransport.com\/de\/wp-json\/wp\/v2\/users\/26"}],"replies":[{"embeddable":true,"href":"https:\/\/www.schenk-tanktransport.com\/de\/wp-json\/wp\/v2\/comments?post=38"}],"version-history":[{"count":12,"href":"https:\/\/www.schenk-tanktransport.com\/de\/wp-json\/wp\/v2\/pages\/38\/revisions"}],"predecessor-version":[{"id":722,"href":"https:\/\/www.schenk-tanktransport.com\/de\/wp-json\/wp\/v2\/pages\/38\/revisions\/722"}],"wp:attachment":[{"href":"https:\/\/www.schenk-tanktransport.com\/de\/wp-json\/wp\/v2\/media?parent=38"}],"curies":[{"name":"wp","href":"https:\/\/api.w.org\/{rel}","templated":true}]}}