{"id":271,"date":"2024-03-13T11:27:54","date_gmt":"2024-03-13T10:27:54","guid":{"rendered":"https:\/\/www.schenk-tanktransport.com\/?page_id=271"},"modified":"2026-03-27T10:55:07","modified_gmt":"2026-03-27T09:55:07","slug":"a-propos-de-schenk","status":"publish","type":"page","link":"https:\/\/www.schenk-tanktransport.com\/fr\/a-propos-de-schenk\/","title":{"rendered":"\u00c0 propos de Schenk"},"content":{"rendered":"\n<p class=\"col-md-10 offset-md-1\"><strong>Nous sommes Schenk. En tant qu&rsquo;entreprise internationale de premier plan dans le domaine du transport de citernes, nous nous concentrons sur la fourniture d\u2019une qualit\u00e9 sup\u00e9rieure, l&rsquo;exploration de nouveaux march\u00e9s et l&rsquo;expansion dans des cr\u00e9neaux \u00e9mergents. Avec plus de 2 600 sp\u00e9cialistes dans nos op\u00e9rations et nos bureaux r\u00e9partis dans cinq pays, nous relevons sans difficult\u00e9 les d\u00e9fis de l&rsquo;industrie europ\u00e9enne.<\/strong><\/p>\n\n\n\n<p class=\"col-md-10 offset-md-1\">Notre m\u00e9thode de travail repose sur une approche progressive dans laquelle la s\u00e9curit\u00e9 est primordiale, l&rsquo;excellence des performances est notre promesse aux clients, une organisation apprenante est la norme et la durabilit\u00e9 est notre responsabilit\u00e9. Ces principes nous aident \u00e0 \u00e9tablir des collaborations \u00e0 long terme avec nos partenaires, qui s&rsquo;\u00e9tendent sur plusieurs d\u00e9cennies et garantissent la haute qualit\u00e9 de nos services.<\/p>\n\n\n\n<div style=\"height:66px\" aria-hidden=\"true\" class=\"wp-block-spacer\"><\/div>\n\n\n\n<div class=\"wp-block-columns col-md-10 offset-md-1 is-layout-flex wp-container-core-columns-is-layout-9d6595d7 wp-block-columns-is-layout-flex\">\n<div class=\"wp-block-column is-layout-flow wp-block-column-is-layout-flow\">\n<figure class=\"wp-block-image size-large\"><img loading=\"lazy\" decoding=\"async\" width=\"1024\" height=\"683\" src=\"https:\/\/www.schenk-tanktransport.com\/wp-content\/uploads\/sites\/7\/2024\/03\/Afbeelding-Gasses-1024x683.jpg\" alt=\"\" class=\"wp-image-1577\" srcset=\"https:\/\/www.schenk-tanktransport.com\/fr\/wp-content\/uploads\/sites\/7\/2024\/03\/Afbeelding-Gasses-1024x683.jpg 1024w, https:\/\/www.schenk-tanktransport.com\/fr\/wp-content\/uploads\/sites\/7\/2024\/03\/Afbeelding-Gasses-300x200.jpg 300w, https:\/\/www.schenk-tanktransport.com\/fr\/wp-content\/uploads\/sites\/7\/2024\/03\/Afbeelding-Gasses-768x512.jpg 768w, https:\/\/www.schenk-tanktransport.com\/fr\/wp-content\/uploads\/sites\/7\/2024\/03\/Afbeelding-Gasses-1536x1024.jpg 1536w, https:\/\/www.schenk-tanktransport.com\/fr\/wp-content\/uploads\/sites\/7\/2024\/03\/Afbeelding-Gasses-2048x1365.jpg 2048w\" sizes=\"auto, (max-width: 1024px) 100vw, 1024px\" \/><\/figure>\n<\/div>\n\n\n\n<div class=\"wp-block-column is-layout-flow wp-block-column-is-layout-flow\">\n<p><strong><strong>Notre engagement en faveur de la s\u00e9curit\u00e9<\/strong><\/strong><\/p>\n\n\n\n<p>La prise de responsabilit\u00e9 est au c\u0153ur de tout ce que nous faisons, jour et nuit, partout. La s\u00e9curit\u00e9 est une priorit\u00e9 absolue pour nous, et si nous ne pouvons pas travailler en toute s\u00e9curit\u00e9, nous arr\u00eatons le travail. Notre engagement en mati\u00e8re de s\u00e9curit\u00e9 s&rsquo;applique non seulement \u00e0 notre \u00e9quipe et aux personnes avec lesquelles nous travaillons, mais aussi \u00e0 l&rsquo;ensemble de notre flotte.<\/p>\n<\/div>\n<\/div>\n\n\n\n<div style=\"height:100px\" aria-hidden=\"true\" class=\"wp-block-spacer\"><\/div>\n\n\n\n<div class=\"wp-block-columns col-md-10 offset-md-1 is-layout-flex wp-container-core-columns-is-layout-9d6595d7 wp-block-columns-is-layout-flex\">\n<div class=\"wp-block-column is-layout-flow wp-block-column-is-layout-flow\">\n<figure class=\"wp-block-image size-full\"><img loading=\"lazy\" decoding=\"async\" width=\"2560\" height=\"1919\" src=\"https:\/\/www.schenk-tanktransport.com\/wp-content\/uploads\/sites\/7\/2024\/05\/2021_06_LNG_Bernard-Riphagen_B0010030_LQ-scaled.jpg\" alt=\"\" class=\"wp-image-1334\" style=\"aspect-ratio:3\/2;object-fit:cover\" srcset=\"https:\/\/www.schenk-tanktransport.com\/fr\/wp-content\/uploads\/sites\/7\/2024\/05\/2021_06_LNG_Bernard-Riphagen_B0010030_LQ-scaled.jpg 2560w, https:\/\/www.schenk-tanktransport.com\/fr\/wp-content\/uploads\/sites\/7\/2024\/05\/2021_06_LNG_Bernard-Riphagen_B0010030_LQ-300x225.jpg 300w, https:\/\/www.schenk-tanktransport.com\/fr\/wp-content\/uploads\/sites\/7\/2024\/05\/2021_06_LNG_Bernard-Riphagen_B0010030_LQ-1024x767.jpg 1024w, https:\/\/www.schenk-tanktransport.com\/fr\/wp-content\/uploads\/sites\/7\/2024\/05\/2021_06_LNG_Bernard-Riphagen_B0010030_LQ-768x576.jpg 768w, https:\/\/www.schenk-tanktransport.com\/fr\/wp-content\/uploads\/sites\/7\/2024\/05\/2021_06_LNG_Bernard-Riphagen_B0010030_LQ-1536x1151.jpg 1536w, https:\/\/www.schenk-tanktransport.com\/fr\/wp-content\/uploads\/sites\/7\/2024\/05\/2021_06_LNG_Bernard-Riphagen_B0010030_LQ-2048x1535.jpg 2048w\" sizes=\"auto, (max-width: 2560px) 100vw, 2560px\" \/><\/figure>\n<\/div>\n\n\n\n<div class=\"wp-block-column is-layout-flow wp-block-column-is-layout-flow\">\n<p><strong>Une Connaissance approfondie<\/strong><\/p>\n\n\n\n<p>Nous exploitons une flotte moderne \u00e9quip\u00e9e des technologies les plus r\u00e9centes afin de garantir que chaque voyage respecte les normes de s\u00e9curit\u00e9 les plus strictes et offre les meilleures solutions \u00e0 nos clients. Gr\u00e2ce \u00e0 nos connaissances approfondies, au partage de notre exp\u00e9rience, \u00e0 l&rsquo;apprentissage continu et \u00e0 l&rsquo;utilisation d&rsquo;\u00e9quipements de pointe, nous \u0153uvrons pour un avenir o\u00f9 la s\u00e9curit\u00e9 du transport est la norme.<\/p>\n<\/div>\n<\/div>\n\n\n\n<div style=\"height:100px\" aria-hidden=\"true\" class=\"wp-block-spacer\"><\/div>\n\n\n\n<div class=\"wp-block-columns col-md-10 offset-md-1 is-layout-flex wp-container-core-columns-is-layout-9d6595d7 wp-block-columns-is-layout-flex\">\n<div class=\"wp-block-column is-layout-flow wp-block-column-is-layout-flow\">\n<figure class=\"wp-block-image size-large\"><img loading=\"lazy\" decoding=\"async\" width=\"1024\" height=\"597\" src=\"https:\/\/www.schenk-tanktransport.com\/wp-content\/uploads\/sites\/7\/2024\/09\/slide-4-1024x597.jpg\" alt=\"\" class=\"wp-image-3102\" style=\"aspect-ratio:3\/2;object-fit:cover\" srcset=\"https:\/\/www.schenk-tanktransport.com\/fr\/wp-content\/uploads\/sites\/7\/2024\/09\/slide-4-1024x597.jpg 1024w, https:\/\/www.schenk-tanktransport.com\/fr\/wp-content\/uploads\/sites\/7\/2024\/09\/slide-4-300x175.jpg 300w, https:\/\/www.schenk-tanktransport.com\/fr\/wp-content\/uploads\/sites\/7\/2024\/09\/slide-4-768x448.jpg 768w, https:\/\/www.schenk-tanktransport.com\/fr\/wp-content\/uploads\/sites\/7\/2024\/09\/slide-4.jpg 1200w\" sizes=\"auto, (max-width: 1024px) 100vw, 1024px\" \/><\/figure>\n<\/div>\n\n\n\n<div class=\"wp-block-column is-layout-flow wp-block-column-is-layout-flow\">\n<p><strong>L&rsquo;histoire de Schenk Tanktransport<\/strong><\/p>\n\n\n\n<p>Schenk est une entreprise familiale fi\u00e8re, fond\u00e9e en 1925, qui s&rsquo;est d&rsquo;abord sp\u00e9cialis\u00e9e dans le transport de sable et de gravier. Sous la direction de Harry et Arjan Schenk, l&rsquo;entreprise s&rsquo;est enti\u00e8rement tourn\u00e9e vers le transport de citernes en 1980, s&rsquo;imposant ainsi comme un acteur fiable dans ce secteur. En 2024, la d\u00e9cision a \u00e9t\u00e9 prise de chercher une nouvelle direction en raison de l&rsquo;absence de successeur au sein de la famille. Avec l&rsquo;arriv\u00e9e du nouveau PDG, Marcel Claessen, un nouveau chapitre s&rsquo;ouvre pour Schenk, qui conserve ses valeurs fondamentales tout en saisissant de nouvelles opportunit\u00e9s sur le march\u00e9.<\/p>\n<\/div>\n<\/div>\n\n\n\n<div style=\"height:19px\" aria-hidden=\"true\" class=\"wp-block-spacer\"><\/div>\n\n\n\n<div id=\"know-more\" class=\"wp-block-group col-md-10 offset-md-1\"><div class=\"wp-block-group__inner-container is-layout-constrained wp-block-group-is-layout-constrained\">\n<hr class=\"wp-block-separator has-alpha-channel-opacity\" \/>\n\n\n\n<h2 class=\"wp-block-heading\">Contacter Schenk<\/h2>\n\n\n\n<p>Vous avez des questions sur Schenk ou vous \u00eates int\u00e9ress\u00e9 par des opportunit\u00e9s de carri\u00e8re ? N&rsquo;h\u00e9sitez pas \u00e0 nous contacter ! Nous nous ferons un plaisir de vous consacrer du temps.<\/p>\n\n\n\n<div class=\"wp-block-buttons is-layout-flex wp-block-buttons-is-layout-flex\">\n<div class=\"wp-block-button\"><a class=\"wp-block-button__link wp-element-button\" href=\"https:\/\/www.schenk-tanktransport.com\/fr\/contact\/\">Contactez-nous<\/a><\/div>\n<\/div>\n<\/div><\/div>\n\n\n\n<div style=\"height:100px\" aria-hidden=\"true\" class=\"wp-block-spacer\"><\/div>\n","protected":false},"excerpt":{"rendered":"<p>Nous sommes Schenk. En tant qu&rsquo;entreprise internationale de premier plan dans le domaine du transport [&hellip;]<\/p>\n","protected":false},"author":26,"featured_media":0,"parent":0,"menu_order":0,"comment_status":"closed","ping_status":"closed","template":"","meta":{"_acf_changed":false,"editor_notices":[],"footnotes":""},"class_list":["post-271","page","type-page","status-publish","hentry"],"acf":[],"yoast_head":"<!-- This site is optimized with the Yoast SEO plugin v27.3 - https:\/\/yoast.com\/product\/yoast-seo-wordpress\/ -->\n<title>\u00c0 propos de Schenk - Schenk Tanktransport (fr)<\/title>\n<meta name=\"description\" content=\"D\u00e9couvrez Schenk : entreprise de transport par citernes, engag\u00e9e pour la s\u00e9curit\u00e9, l&#039;excellence et la durabilit\u00e9, avec 2.600 experts.\" \/>\n<meta name=\"robots\" content=\"index, follow, max-snippet:-1, max-image-preview:large, max-video-preview:-1\" \/>\n<link rel=\"canonical\" href=\"https:\/\/www.schenk-tanktransport.com\/fr\/a-propos-de-schenk\/\" \/>\n<meta property=\"og:locale\" content=\"fr_FR\" \/>\n<meta property=\"og:type\" content=\"article\" \/>\n<meta property=\"og:title\" content=\"\u00c0 propos de Schenk - Schenk Tanktransport (fr)\" \/>\n<meta property=\"og:description\" content=\"D\u00e9couvrez Schenk : entreprise de transport par citernes, engag\u00e9e pour la s\u00e9curit\u00e9, l&#039;excellence et la durabilit\u00e9, avec 2.600 experts.\" \/>\n<meta property=\"og:url\" content=\"https:\/\/www.schenk-tanktransport.com\/fr\/a-propos-de-schenk\/\" \/>\n<meta property=\"og:site_name\" content=\"Schenk Tanktransport (fr)\" \/>\n<meta property=\"article:modified_time\" content=\"2026-03-27T09:55:07+00:00\" \/>\n<meta property=\"og:image\" content=\"\/wp-content\/themes\/buro26\/assets\/images\/og-schenk-tankstransport.jpg\" \/>\n\t<meta property=\"og:image:width\" content=\"2560\" \/>\n\t<meta property=\"og:image:height\" content=\"1707\" \/>\n\t<meta property=\"og:image:type\" content=\"image\/jpeg\" \/>\n<meta name=\"twitter:card\" content=\"summary_large_image\" \/>\n<meta name=\"twitter:label1\" content=\"Dur\u00e9e de lecture estim\u00e9e\" \/>\n\t<meta name=\"twitter:data1\" content=\"3 minutes\" \/>\n<script type=\"application\/ld+json\" class=\"yoast-schema-graph\">{\"@context\":\"https:\\\/\\\/schema.org\",\"@graph\":[{\"@type\":\"WebPage\",\"@id\":\"https:\\\/\\\/www.schenk-tanktransport.com\\\/fr\\\/a-propos-de-schenk\\\/\",\"url\":\"https:\\\/\\\/www.schenk-tanktransport.com\\\/fr\\\/a-propos-de-schenk\\\/\",\"name\":\"\u00c0 propos de Schenk - Schenk Tanktransport (fr)\",\"isPartOf\":{\"@id\":\"https:\\\/\\\/www.schenk-tanktransport.com\\\/fr\\\/#website\"},\"primaryImageOfPage\":{\"@id\":\"https:\\\/\\\/www.schenk-tanktransport.com\\\/fr\\\/a-propos-de-schenk\\\/#primaryimage\"},\"image\":{\"@id\":\"https:\\\/\\\/www.schenk-tanktransport.com\\\/fr\\\/a-propos-de-schenk\\\/#primaryimage\"},\"thumbnailUrl\":\"https:\\\/\\\/www.schenk-tanktransport.com\\\/wp-content\\\/uploads\\\/sites\\\/7\\\/2024\\\/03\\\/Afbeelding-Gasses-1024x683.jpg\",\"datePublished\":\"2024-03-13T10:27:54+00:00\",\"dateModified\":\"2026-03-27T09:55:07+00:00\",\"description\":\"D\u00e9couvrez Schenk : entreprise de transport par citernes, engag\u00e9e pour la s\u00e9curit\u00e9, l'excellence et la durabilit\u00e9, avec 2.600 experts.\",\"inLanguage\":\"fr-FR\",\"potentialAction\":[{\"@type\":\"ReadAction\",\"target\":[\"https:\\\/\\\/www.schenk-tanktransport.com\\\/fr\\\/a-propos-de-schenk\\\/\"]}]},{\"@type\":\"ImageObject\",\"inLanguage\":\"fr-FR\",\"@id\":\"https:\\\/\\\/www.schenk-tanktransport.com\\\/fr\\\/a-propos-de-schenk\\\/#primaryimage\",\"url\":\"https:\\\/\\\/www.schenk-tanktransport.com\\\/wp-content\\\/uploads\\\/sites\\\/7\\\/2024\\\/03\\\/Afbeelding-Gasses-1024x683.jpg\",\"contentUrl\":\"https:\\\/\\\/www.schenk-tanktransport.com\\\/wp-content\\\/uploads\\\/sites\\\/7\\\/2024\\\/03\\\/Afbeelding-Gasses-1024x683.jpg\"},{\"@type\":\"WebSite\",\"@id\":\"https:\\\/\\\/www.schenk-tanktransport.com\\\/fr\\\/#website\",\"url\":\"https:\\\/\\\/www.schenk-tanktransport.com\\\/fr\\\/\",\"name\":\"Schenk Tanktransport (fr)\",\"description\":\"transport van brandstoffen, smeeroli\u00ebn, LPG, industri\u00eble gassen, LNG, bitumen en chemicali\u00ebn\",\"potentialAction\":[{\"@type\":\"SearchAction\",\"target\":{\"@type\":\"EntryPoint\",\"urlTemplate\":\"https:\\\/\\\/www.schenk-tanktransport.com\\\/fr\\\/?s={search_term_string}\"},\"query-input\":{\"@type\":\"PropertyValueSpecification\",\"valueRequired\":true,\"valueName\":\"search_term_string\"}}],\"inLanguage\":\"fr-FR\"}]}<\/script>\n<!-- \/ Yoast SEO plugin. -->","yoast_head_json":{"title":"\u00c0 propos de Schenk - Schenk Tanktransport (fr)","description":"D\u00e9couvrez Schenk : entreprise de transport par citernes, engag\u00e9e pour la s\u00e9curit\u00e9, l'excellence et la durabilit\u00e9, avec 2.600 experts.","robots":{"index":"index","follow":"follow","max-snippet":"max-snippet:-1","max-image-preview":"max-image-preview:large","max-video-preview":"max-video-preview:-1"},"canonical":"https:\/\/www.schenk-tanktransport.com\/fr\/a-propos-de-schenk\/","og_locale":"fr_FR","og_type":"article","og_title":"\u00c0 propos de Schenk - Schenk Tanktransport (fr)","og_description":"D\u00e9couvrez Schenk : entreprise de transport par citernes, engag\u00e9e pour la s\u00e9curit\u00e9, l'excellence et la durabilit\u00e9, avec 2.600 experts.","og_url":"https:\/\/www.schenk-tanktransport.com\/fr\/a-propos-de-schenk\/","og_site_name":"Schenk Tanktransport (fr)","article_modified_time":"2026-03-27T09:55:07+00:00","og_image":[{"width":2560,"height":1707,"url":"\/wp-content\/themes\/buro26\/assets\/images\/og-schenk-tankstransport.jpg","type":"image\/jpeg"}],"twitter_card":"summary_large_image","twitter_misc":{"Dur\u00e9e de lecture estim\u00e9e":"3 minutes"},"schema":{"@context":"https:\/\/schema.org","@graph":[{"@type":"WebPage","@id":"https:\/\/www.schenk-tanktransport.com\/fr\/a-propos-de-schenk\/","url":"https:\/\/www.schenk-tanktransport.com\/fr\/a-propos-de-schenk\/","name":"\u00c0 propos de Schenk - Schenk Tanktransport (fr)","isPartOf":{"@id":"https:\/\/www.schenk-tanktransport.com\/fr\/#website"},"primaryImageOfPage":{"@id":"https:\/\/www.schenk-tanktransport.com\/fr\/a-propos-de-schenk\/#primaryimage"},"image":{"@id":"https:\/\/www.schenk-tanktransport.com\/fr\/a-propos-de-schenk\/#primaryimage"},"thumbnailUrl":"https:\/\/www.schenk-tanktransport.com\/wp-content\/uploads\/sites\/7\/2024\/03\/Afbeelding-Gasses-1024x683.jpg","datePublished":"2024-03-13T10:27:54+00:00","dateModified":"2026-03-27T09:55:07+00:00","description":"D\u00e9couvrez Schenk : entreprise de transport par citernes, engag\u00e9e pour la s\u00e9curit\u00e9, l'excellence et la durabilit\u00e9, avec 2.600 experts.","inLanguage":"fr-FR","potentialAction":[{"@type":"ReadAction","target":["https:\/\/www.schenk-tanktransport.com\/fr\/a-propos-de-schenk\/"]}]},{"@type":"ImageObject","inLanguage":"fr-FR","@id":"https:\/\/www.schenk-tanktransport.com\/fr\/a-propos-de-schenk\/#primaryimage","url":"https:\/\/www.schenk-tanktransport.com\/wp-content\/uploads\/sites\/7\/2024\/03\/Afbeelding-Gasses-1024x683.jpg","contentUrl":"https:\/\/www.schenk-tanktransport.com\/wp-content\/uploads\/sites\/7\/2024\/03\/Afbeelding-Gasses-1024x683.jpg"},{"@type":"WebSite","@id":"https:\/\/www.schenk-tanktransport.com\/fr\/#website","url":"https:\/\/www.schenk-tanktransport.com\/fr\/","name":"Schenk Tanktransport (fr)","description":"transport van brandstoffen, smeeroli\u00ebn, LPG, industri\u00eble gassen, LNG, bitumen en chemicali\u00ebn","potentialAction":[{"@type":"SearchAction","target":{"@type":"EntryPoint","urlTemplate":"https:\/\/www.schenk-tanktransport.com\/fr\/?s={search_term_string}"},"query-input":{"@type":"PropertyValueSpecification","valueRequired":true,"valueName":"search_term_string"}}],"inLanguage":"fr-FR"}]}},"_links":{"self":[{"href":"https:\/\/www.schenk-tanktransport.com\/fr\/wp-json\/wp\/v2\/pages\/271","targetHints":{"allow":["GET"]}}],"collection":[{"href":"https:\/\/www.schenk-tanktransport.com\/fr\/wp-json\/wp\/v2\/pages"}],"about":[{"href":"https:\/\/www.schenk-tanktransport.com\/fr\/wp-json\/wp\/v2\/types\/page"}],"author":[{"embeddable":true,"href":"https:\/\/www.schenk-tanktransport.com\/fr\/wp-json\/wp\/v2\/users\/26"}],"replies":[{"embeddable":true,"href":"https:\/\/www.schenk-tanktransport.com\/fr\/wp-json\/wp\/v2\/comments?post=271"}],"version-history":[{"count":109,"href":"https:\/\/www.schenk-tanktransport.com\/fr\/wp-json\/wp\/v2\/pages\/271\/revisions"}],"predecessor-version":[{"id":3643,"href":"https:\/\/www.schenk-tanktransport.com\/fr\/wp-json\/wp\/v2\/pages\/271\/revisions\/3643"}],"wp:attachment":[{"href":"https:\/\/www.schenk-tanktransport.com\/fr\/wp-json\/wp\/v2\/media?parent=271"}],"curies":[{"name":"wp","href":"https:\/\/api.w.org\/{rel}","templated":true}]}}