{"id":301,"date":"2024-03-13T12:32:49","date_gmt":"2024-03-13T11:32:49","guid":{"rendered":"https:\/\/www.schenk-tanktransport.com\/?page_id=301"},"modified":"2024-08-21T14:35:49","modified_gmt":"2024-08-21T12:35:49","slug":"innovation","status":"publish","type":"page","link":"https:\/\/www.schenk-tanktransport.com\/fr\/innovation\/","title":{"rendered":"Innovation"},"content":{"rendered":"\n<p><br><strong>If you want to be market leader, you need to have a clear focus. One of the key points that sets Schenk apart is the continuous search for new innovations. Whether these contribute to lower fuel consumption, safer working conditions or more efficient planning, we take an active interest in new developments.<\/strong><\/p>\n\n\n\n<p>New markets and new products require new techniques for safe and efficient transport.\u00a0A good example is the development of cryogenic tank trailers for the transport of LNG.\u00a0Existing cryogenic techniques that have been used for a long time in the transport and storage of air gases have been further developed for the safe loading and unloading of LNG.\u00a0The specific properties of LNG in relation to regular air gases, such as nitrogen and argon, need other safety requirements in the tankers, adapted loading and unloading procedures and adapted pump systems.\u00a0Schenk made a significant contribution to these adjustments.\u00a0Now,\u00a0Schenk has a large LNG trailer fleet and a group of drivers who are used every day to supply both LNG filling stations and ship bunkers.<\/p>\n","protected":false},"excerpt":{"rendered":"<p>If you want to be market leader, you need to have a clear focus. One [&hellip;]<\/p>\n","protected":false},"author":26,"featured_media":0,"parent":0,"menu_order":0,"comment_status":"closed","ping_status":"closed","template":"","meta":{"_acf_changed":false,"editor_notices":[],"footnotes":""},"class_list":["post-301","page","type-page","status-publish","hentry"],"acf":[],"yoast_head":"<!-- This site is optimized with the Yoast SEO plugin v27.3 - https:\/\/yoast.com\/product\/yoast-seo-wordpress\/ -->\n<title>Innovation - Schenk Tanktransport (fr)<\/title>\n<meta name=\"robots\" content=\"index, follow, max-snippet:-1, max-image-preview:large, max-video-preview:-1\" \/>\n<link rel=\"canonical\" href=\"https:\/\/www.schenk-tanktransport.com\/fr\/innovation\/\" \/>\n<meta property=\"og:locale\" content=\"fr_FR\" \/>\n<meta property=\"og:type\" content=\"article\" \/>\n<meta property=\"og:title\" content=\"Innovation - Schenk Tanktransport (fr)\" \/>\n<meta property=\"og:description\" content=\"If you want to be market leader, you need to have a clear focus. One [&hellip;]\" \/>\n<meta property=\"og:url\" content=\"https:\/\/www.schenk-tanktransport.com\/fr\/innovation\/\" \/>\n<meta property=\"og:site_name\" content=\"Schenk Tanktransport (fr)\" \/>\n<meta property=\"article:modified_time\" content=\"2024-08-21T12:35:49+00:00\" \/>\n<meta name=\"twitter:card\" content=\"summary_large_image\" \/>\n<meta name=\"twitter:label1\" content=\"Dur\u00e9e de lecture estim\u00e9e\" \/>\n\t<meta name=\"twitter:data1\" content=\"1 minute\" \/>\n<script type=\"application\/ld+json\" class=\"yoast-schema-graph\">{\"@context\":\"https:\\\/\\\/schema.org\",\"@graph\":[{\"@type\":\"WebPage\",\"@id\":\"https:\\\/\\\/www.schenk-tanktransport.com\\\/fr\\\/innovation\\\/\",\"url\":\"https:\\\/\\\/www.schenk-tanktransport.com\\\/fr\\\/innovation\\\/\",\"name\":\"Innovation - Schenk Tanktransport (fr)\",\"isPartOf\":{\"@id\":\"https:\\\/\\\/www.schenk-tanktransport.com\\\/fr\\\/#website\"},\"datePublished\":\"2024-03-13T11:32:49+00:00\",\"dateModified\":\"2024-08-21T12:35:49+00:00\",\"inLanguage\":\"fr-FR\",\"potentialAction\":[{\"@type\":\"ReadAction\",\"target\":[\"https:\\\/\\\/www.schenk-tanktransport.com\\\/fr\\\/innovation\\\/\"]}]},{\"@type\":\"WebSite\",\"@id\":\"https:\\\/\\\/www.schenk-tanktransport.com\\\/fr\\\/#website\",\"url\":\"https:\\\/\\\/www.schenk-tanktransport.com\\\/fr\\\/\",\"name\":\"Schenk Tanktransport (fr)\",\"description\":\"transport van brandstoffen, smeeroli\u00ebn, LPG, industri\u00eble gassen, LNG, bitumen en chemicali\u00ebn\",\"potentialAction\":[{\"@type\":\"SearchAction\",\"target\":{\"@type\":\"EntryPoint\",\"urlTemplate\":\"https:\\\/\\\/www.schenk-tanktransport.com\\\/fr\\\/?s={search_term_string}\"},\"query-input\":{\"@type\":\"PropertyValueSpecification\",\"valueRequired\":true,\"valueName\":\"search_term_string\"}}],\"inLanguage\":\"fr-FR\"}]}<\/script>\n<!-- \/ Yoast SEO plugin. -->","yoast_head_json":{"title":"Innovation - Schenk Tanktransport (fr)","robots":{"index":"index","follow":"follow","max-snippet":"max-snippet:-1","max-image-preview":"max-image-preview:large","max-video-preview":"max-video-preview:-1"},"canonical":"https:\/\/www.schenk-tanktransport.com\/fr\/innovation\/","og_locale":"fr_FR","og_type":"article","og_title":"Innovation - Schenk Tanktransport (fr)","og_description":"If you want to be market leader, you need to have a clear focus. One [&hellip;]","og_url":"https:\/\/www.schenk-tanktransport.com\/fr\/innovation\/","og_site_name":"Schenk Tanktransport (fr)","article_modified_time":"2024-08-21T12:35:49+00:00","twitter_card":"summary_large_image","twitter_misc":{"Dur\u00e9e de lecture estim\u00e9e":"1 minute"},"schema":{"@context":"https:\/\/schema.org","@graph":[{"@type":"WebPage","@id":"https:\/\/www.schenk-tanktransport.com\/fr\/innovation\/","url":"https:\/\/www.schenk-tanktransport.com\/fr\/innovation\/","name":"Innovation - Schenk Tanktransport (fr)","isPartOf":{"@id":"https:\/\/www.schenk-tanktransport.com\/fr\/#website"},"datePublished":"2024-03-13T11:32:49+00:00","dateModified":"2024-08-21T12:35:49+00:00","inLanguage":"fr-FR","potentialAction":[{"@type":"ReadAction","target":["https:\/\/www.schenk-tanktransport.com\/fr\/innovation\/"]}]},{"@type":"WebSite","@id":"https:\/\/www.schenk-tanktransport.com\/fr\/#website","url":"https:\/\/www.schenk-tanktransport.com\/fr\/","name":"Schenk Tanktransport (fr)","description":"transport van brandstoffen, smeeroli\u00ebn, LPG, industri\u00eble gassen, LNG, bitumen en chemicali\u00ebn","potentialAction":[{"@type":"SearchAction","target":{"@type":"EntryPoint","urlTemplate":"https:\/\/www.schenk-tanktransport.com\/fr\/?s={search_term_string}"},"query-input":{"@type":"PropertyValueSpecification","valueRequired":true,"valueName":"search_term_string"}}],"inLanguage":"fr-FR"}]}},"_links":{"self":[{"href":"https:\/\/www.schenk-tanktransport.com\/fr\/wp-json\/wp\/v2\/pages\/301","targetHints":{"allow":["GET"]}}],"collection":[{"href":"https:\/\/www.schenk-tanktransport.com\/fr\/wp-json\/wp\/v2\/pages"}],"about":[{"href":"https:\/\/www.schenk-tanktransport.com\/fr\/wp-json\/wp\/v2\/types\/page"}],"author":[{"embeddable":true,"href":"https:\/\/www.schenk-tanktransport.com\/fr\/wp-json\/wp\/v2\/users\/26"}],"replies":[{"embeddable":true,"href":"https:\/\/www.schenk-tanktransport.com\/fr\/wp-json\/wp\/v2\/comments?post=301"}],"version-history":[{"count":2,"href":"https:\/\/www.schenk-tanktransport.com\/fr\/wp-json\/wp\/v2\/pages\/301\/revisions"}],"predecessor-version":[{"id":2806,"href":"https:\/\/www.schenk-tanktransport.com\/fr\/wp-json\/wp\/v2\/pages\/301\/revisions\/2806"}],"wp:attachment":[{"href":"https:\/\/www.schenk-tanktransport.com\/fr\/wp-json\/wp\/v2\/media?parent=301"}],"curies":[{"name":"wp","href":"https:\/\/api.w.org\/{rel}","templated":true}]}}