{"id":303,"date":"2024-03-13T12:32:56","date_gmt":"2024-03-13T11:32:56","guid":{"rendered":"https:\/\/www.schenk-tanktransport.com\/?page_id=303"},"modified":"2024-08-21T14:37:48","modified_gmt":"2024-08-21T12:37:48","slug":"our-culture","status":"publish","type":"page","link":"https:\/\/www.schenk-tanktransport.com\/fr\/our-culture\/","title":{"rendered":"Our culture"},"content":{"rendered":"\n<div class=\"wp-block-columns col-md-10 offset-md-1 is-layout-flex wp-container-core-columns-is-layout-9d6595d7 wp-block-columns-is-layout-flex\">\n<div class=\"wp-block-column is-layout-flow wp-block-column-is-layout-flow\">\n<figure class=\"wp-block-image size-large\"><img loading=\"lazy\" decoding=\"async\" width=\"1024\" height=\"1024\" src=\"https:\/\/www.schenk-tanktransport.com\/wp-content\/uploads\/sites\/7\/2024\/05\/impressie-14-1-1024x1024.jpg\" alt=\"\" class=\"wp-image-1452\" srcset=\"https:\/\/www.schenk-tanktransport.com\/fr\/wp-content\/uploads\/sites\/7\/2024\/05\/impressie-14-1-1024x1024.jpg 1024w, https:\/\/www.schenk-tanktransport.com\/fr\/wp-content\/uploads\/sites\/7\/2024\/05\/impressie-14-1-300x300.jpg 300w, https:\/\/www.schenk-tanktransport.com\/fr\/wp-content\/uploads\/sites\/7\/2024\/05\/impressie-14-1-150x150.jpg 150w, https:\/\/www.schenk-tanktransport.com\/fr\/wp-content\/uploads\/sites\/7\/2024\/05\/impressie-14-1-768x768.jpg 768w, https:\/\/www.schenk-tanktransport.com\/fr\/wp-content\/uploads\/sites\/7\/2024\/05\/impressie-14-1.jpg 1080w\" sizes=\"auto, (max-width: 1024px) 100vw, 1024px\" \/><\/figure>\n<\/div>\n\n\n\n<div class=\"wp-block-column is-layout-flow wp-block-column-is-layout-flow\">\n<figure class=\"wp-block-image size-large\"><img loading=\"lazy\" decoding=\"async\" width=\"1024\" height=\"1024\" src=\"https:\/\/www.schenk-tanktransport.com\/wp-content\/uploads\/sites\/7\/2024\/05\/nk-veiligste-chauffeur-1-1024x1024.jpg\" alt=\"\" class=\"wp-image-1447\" srcset=\"https:\/\/www.schenk-tanktransport.com\/fr\/wp-content\/uploads\/sites\/7\/2024\/05\/nk-veiligste-chauffeur-1-1024x1024.jpg 1024w, https:\/\/www.schenk-tanktransport.com\/fr\/wp-content\/uploads\/sites\/7\/2024\/05\/nk-veiligste-chauffeur-1-300x300.jpg 300w, https:\/\/www.schenk-tanktransport.com\/fr\/wp-content\/uploads\/sites\/7\/2024\/05\/nk-veiligste-chauffeur-1-150x150.jpg 150w, https:\/\/www.schenk-tanktransport.com\/fr\/wp-content\/uploads\/sites\/7\/2024\/05\/nk-veiligste-chauffeur-1-768x768.jpg 768w, https:\/\/www.schenk-tanktransport.com\/fr\/wp-content\/uploads\/sites\/7\/2024\/05\/nk-veiligste-chauffeur-1.jpg 1080w\" sizes=\"auto, (max-width: 1024px) 100vw, 1024px\" \/><\/figure>\n<\/div>\n\n\n\n<div class=\"wp-block-column is-layout-flow wp-block-column-is-layout-flow\">\n<figure class=\"wp-block-image size-large\"><img loading=\"lazy\" decoding=\"async\" width=\"1024\" height=\"1024\" src=\"https:\/\/www.schenk-tanktransport.com\/wp-content\/uploads\/sites\/7\/2024\/05\/impressie-31-1024x1024.jpg\" alt=\"\" class=\"wp-image-1446\" srcset=\"https:\/\/www.schenk-tanktransport.com\/fr\/wp-content\/uploads\/sites\/7\/2024\/05\/impressie-31-1024x1024.jpg 1024w, https:\/\/www.schenk-tanktransport.com\/fr\/wp-content\/uploads\/sites\/7\/2024\/05\/impressie-31-300x300.jpg 300w, https:\/\/www.schenk-tanktransport.com\/fr\/wp-content\/uploads\/sites\/7\/2024\/05\/impressie-31-150x150.jpg 150w, https:\/\/www.schenk-tanktransport.com\/fr\/wp-content\/uploads\/sites\/7\/2024\/05\/impressie-31-768x768.jpg 768w, https:\/\/www.schenk-tanktransport.com\/fr\/wp-content\/uploads\/sites\/7\/2024\/05\/impressie-31.jpg 1080w\" sizes=\"auto, (max-width: 1024px) 100vw, 1024px\" \/><\/figure>\n<\/div>\n\n\n\n<div class=\"wp-block-column is-layout-flow wp-block-column-is-layout-flow\">\n<figure class=\"wp-block-image size-large\"><img loading=\"lazy\" decoding=\"async\" width=\"1024\" height=\"1024\" src=\"https:\/\/www.schenk-tanktransport.com\/wp-content\/uploads\/sites\/7\/2024\/05\/vitaliteit-4-1-1024x1024.jpg\" alt=\"\" class=\"wp-image-1451\" srcset=\"https:\/\/www.schenk-tanktransport.com\/fr\/wp-content\/uploads\/sites\/7\/2024\/05\/vitaliteit-4-1-1024x1024.jpg 1024w, https:\/\/www.schenk-tanktransport.com\/fr\/wp-content\/uploads\/sites\/7\/2024\/05\/vitaliteit-4-1-300x300.jpg 300w, https:\/\/www.schenk-tanktransport.com\/fr\/wp-content\/uploads\/sites\/7\/2024\/05\/vitaliteit-4-1-150x150.jpg 150w, https:\/\/www.schenk-tanktransport.com\/fr\/wp-content\/uploads\/sites\/7\/2024\/05\/vitaliteit-4-1-768x768.jpg 768w, https:\/\/www.schenk-tanktransport.com\/fr\/wp-content\/uploads\/sites\/7\/2024\/05\/vitaliteit-4-1.jpg 1080w\" sizes=\"auto, (max-width: 1024px) 100vw, 1024px\" \/><\/figure>\n<\/div>\n<\/div>\n\n\n\n<p class=\"col-md-10 offset-md-1\"><strong>Schenk is built on a family culture and therefore we feel a strong urge to take ownership and be engaged in everything we do.<\/strong> <strong>Together we share fun experiences and support each other to become the best version of yourself. <\/strong><\/p>\n\n\n\n<h2 class=\"wp-block-heading has-text-align-center\">Our core values <\/h2>\n\n\n\n<div style=\"height:20px\" aria-hidden=\"true\" class=\"wp-block-spacer\"><\/div>\n\n\n\n<p class=\"has-text-align-center col-md-10 offset-md-1\">At Schenk, our core values drive everything we do. Safety is paramount, excellence is our norm, and sustainability is our commitment. They are our guide in building long-term relationships with all our stakeholders and shape our service-level. <\/p>\n\n\n\n<div style=\"height:20px\" aria-hidden=\"true\" class=\"wp-block-spacer\"><\/div>\n\n\n\n<div class=\"wp-block-buttons is-content-justification-center is-layout-flex wp-container-core-buttons-is-layout-16018d1d wp-block-buttons-is-layout-flex\">\n<div class=\"wp-block-button\"><a class=\"wp-block-button__link wp-element-button\" href=\"https:\/\/www.schenk-tanktransport.com\/jobs\/\">Work at Schenk<\/a><\/div>\n<\/div>\n\n\n\n<p>As an independent family business, Schenk&rsquo;s strategy is long term. Our focus is on sustainable relationships with clients and staff and a responsible investment policy. Our company mentality is all about engagement and dynamism. Employees want to contribute to the success of the company and are happy to take that extra step to optimally carry out the work.<\/p>\n\n\n\n<h4 class=\"wp-block-heading\">DEVELOPMENT<\/h4>\n\n\n\n<p>Schenk Papendrecht B.V. was founded in 1925 as a sand and gravel annex transport company. In the late 1950s, the company branched out into tank transport. We transported primarily Fuel oil, domestic heating oil and petrol\/diesel. As a result of the increasing importance of the tank transport, trade in sand and gravel was discontinued in the 1980s and Schenk turned entirely to tank transport.<\/p>\n\n\n\n<p>The company is now run by the 3rd generation of Schenks, brothers Harry and Arjan Schenk. After 1990, Schenk Tank Transport&rsquo;s growth gained momentum. Taking over the activities of fellow transport companies and taking over own transport from both oil producers and industrial gas producers at home and abroad were important sources of expansion for Schenk Tank Transport. Schenk has now developed into a professional transport company that, in addition to transport by road, also offers intermodal transport solutions. Schenk&rsquo;s sound financial footing, our expertise in the field and the more than 1,700 employees make it possible to further develop our service together with clients.<\/p>\n","protected":false},"excerpt":{"rendered":"<p>Schenk is built on a family culture and therefore we feel a strong urge to [&hellip;]<\/p>\n","protected":false},"author":26,"featured_media":0,"parent":0,"menu_order":0,"comment_status":"closed","ping_status":"closed","template":"","meta":{"_acf_changed":false,"editor_notices":[],"footnotes":""},"class_list":["post-303","page","type-page","status-publish","hentry"],"acf":[],"yoast_head":"<!-- This site is optimized with the Yoast SEO plugin v27.3 - https:\/\/yoast.com\/product\/yoast-seo-wordpress\/ -->\n<title>Our culture - Schenk Tanktransport (fr)<\/title>\n<meta name=\"robots\" content=\"index, follow, max-snippet:-1, max-image-preview:large, max-video-preview:-1\" \/>\n<link rel=\"canonical\" href=\"https:\/\/www.schenk-tanktransport.com\/fr\/our-culture\/\" \/>\n<meta property=\"og:locale\" content=\"fr_FR\" \/>\n<meta property=\"og:type\" content=\"article\" \/>\n<meta property=\"og:title\" content=\"Our culture - Schenk Tanktransport (fr)\" \/>\n<meta property=\"og:description\" content=\"Schenk is built on a family culture and therefore we feel a strong urge to [&hellip;]\" \/>\n<meta property=\"og:url\" content=\"https:\/\/www.schenk-tanktransport.com\/fr\/our-culture\/\" \/>\n<meta property=\"og:site_name\" content=\"Schenk Tanktransport (fr)\" \/>\n<meta property=\"article:modified_time\" content=\"2024-08-21T12:37:48+00:00\" \/>\n<meta name=\"twitter:card\" content=\"summary_large_image\" \/>\n<meta name=\"twitter:label1\" content=\"Dur\u00e9e de lecture estim\u00e9e\" \/>\n\t<meta name=\"twitter:data1\" content=\"1 minute\" \/>\n<script type=\"application\/ld+json\" class=\"yoast-schema-graph\">{\"@context\":\"https:\\\/\\\/schema.org\",\"@graph\":[{\"@type\":\"WebPage\",\"@id\":\"https:\\\/\\\/www.schenk-tanktransport.com\\\/fr\\\/our-culture\\\/\",\"url\":\"https:\\\/\\\/www.schenk-tanktransport.com\\\/fr\\\/our-culture\\\/\",\"name\":\"Our culture - Schenk Tanktransport (fr)\",\"isPartOf\":{\"@id\":\"https:\\\/\\\/www.schenk-tanktransport.com\\\/fr\\\/#website\"},\"datePublished\":\"2024-03-13T11:32:56+00:00\",\"dateModified\":\"2024-08-21T12:37:48+00:00\",\"inLanguage\":\"fr-FR\",\"potentialAction\":[{\"@type\":\"ReadAction\",\"target\":[\"https:\\\/\\\/www.schenk-tanktransport.com\\\/fr\\\/our-culture\\\/\"]}]},{\"@type\":\"WebSite\",\"@id\":\"https:\\\/\\\/www.schenk-tanktransport.com\\\/fr\\\/#website\",\"url\":\"https:\\\/\\\/www.schenk-tanktransport.com\\\/fr\\\/\",\"name\":\"Schenk Tanktransport (fr)\",\"description\":\"transport van brandstoffen, smeeroli\u00ebn, LPG, industri\u00eble gassen, LNG, bitumen en chemicali\u00ebn\",\"potentialAction\":[{\"@type\":\"SearchAction\",\"target\":{\"@type\":\"EntryPoint\",\"urlTemplate\":\"https:\\\/\\\/www.schenk-tanktransport.com\\\/fr\\\/?s={search_term_string}\"},\"query-input\":{\"@type\":\"PropertyValueSpecification\",\"valueRequired\":true,\"valueName\":\"search_term_string\"}}],\"inLanguage\":\"fr-FR\"}]}<\/script>\n<!-- \/ Yoast SEO plugin. -->","yoast_head_json":{"title":"Our culture - Schenk Tanktransport (fr)","robots":{"index":"index","follow":"follow","max-snippet":"max-snippet:-1","max-image-preview":"max-image-preview:large","max-video-preview":"max-video-preview:-1"},"canonical":"https:\/\/www.schenk-tanktransport.com\/fr\/our-culture\/","og_locale":"fr_FR","og_type":"article","og_title":"Our culture - Schenk Tanktransport (fr)","og_description":"Schenk is built on a family culture and therefore we feel a strong urge to [&hellip;]","og_url":"https:\/\/www.schenk-tanktransport.com\/fr\/our-culture\/","og_site_name":"Schenk Tanktransport (fr)","article_modified_time":"2024-08-21T12:37:48+00:00","twitter_card":"summary_large_image","twitter_misc":{"Dur\u00e9e de lecture estim\u00e9e":"1 minute"},"schema":{"@context":"https:\/\/schema.org","@graph":[{"@type":"WebPage","@id":"https:\/\/www.schenk-tanktransport.com\/fr\/our-culture\/","url":"https:\/\/www.schenk-tanktransport.com\/fr\/our-culture\/","name":"Our culture - Schenk Tanktransport (fr)","isPartOf":{"@id":"https:\/\/www.schenk-tanktransport.com\/fr\/#website"},"datePublished":"2024-03-13T11:32:56+00:00","dateModified":"2024-08-21T12:37:48+00:00","inLanguage":"fr-FR","potentialAction":[{"@type":"ReadAction","target":["https:\/\/www.schenk-tanktransport.com\/fr\/our-culture\/"]}]},{"@type":"WebSite","@id":"https:\/\/www.schenk-tanktransport.com\/fr\/#website","url":"https:\/\/www.schenk-tanktransport.com\/fr\/","name":"Schenk Tanktransport (fr)","description":"transport van brandstoffen, smeeroli\u00ebn, LPG, industri\u00eble gassen, LNG, bitumen en chemicali\u00ebn","potentialAction":[{"@type":"SearchAction","target":{"@type":"EntryPoint","urlTemplate":"https:\/\/www.schenk-tanktransport.com\/fr\/?s={search_term_string}"},"query-input":{"@type":"PropertyValueSpecification","valueRequired":true,"valueName":"search_term_string"}}],"inLanguage":"fr-FR"}]}},"_links":{"self":[{"href":"https:\/\/www.schenk-tanktransport.com\/fr\/wp-json\/wp\/v2\/pages\/303","targetHints":{"allow":["GET"]}}],"collection":[{"href":"https:\/\/www.schenk-tanktransport.com\/fr\/wp-json\/wp\/v2\/pages"}],"about":[{"href":"https:\/\/www.schenk-tanktransport.com\/fr\/wp-json\/wp\/v2\/types\/page"}],"author":[{"embeddable":true,"href":"https:\/\/www.schenk-tanktransport.com\/fr\/wp-json\/wp\/v2\/users\/26"}],"replies":[{"embeddable":true,"href":"https:\/\/www.schenk-tanktransport.com\/fr\/wp-json\/wp\/v2\/comments?post=303"}],"version-history":[{"count":15,"href":"https:\/\/www.schenk-tanktransport.com\/fr\/wp-json\/wp\/v2\/pages\/303\/revisions"}],"predecessor-version":[{"id":2808,"href":"https:\/\/www.schenk-tanktransport.com\/fr\/wp-json\/wp\/v2\/pages\/303\/revisions\/2808"}],"wp:attachment":[{"href":"https:\/\/www.schenk-tanktransport.com\/fr\/wp-json\/wp\/v2\/media?parent=303"}],"curies":[{"name":"wp","href":"https:\/\/api.w.org\/{rel}","templated":true}]}}