{"id":355,"date":"2024-03-14T09:19:12","date_gmt":"2024-03-14T08:19:12","guid":{"rendered":"https:\/\/www.schenk-tanktransport.com\/?page_id=355"},"modified":"2026-02-13T16:00:34","modified_gmt":"2026-02-13T15:00:34","slug":"equipe-schenk","status":"publish","type":"page","link":"https:\/\/www.schenk-tanktransport.com\/fr\/equipe-schenk\/","title":{"rendered":"L&rsquo;\u00e9quipe Schenk"},"content":{"rendered":"","protected":false},"excerpt":{"rendered":"","protected":false},"author":26,"featured_media":0,"parent":0,"menu_order":0,"comment_status":"closed","ping_status":"closed","template":"","meta":{"_acf_changed":false,"editor_notices":[],"footnotes":""},"class_list":["post-355","page","type-page","status-publish","hentry"],"acf":[],"yoast_head":"<!-- This site is optimized with the Yoast SEO plugin v27.3 - https:\/\/yoast.com\/product\/yoast-seo-wordpress\/ -->\n<title>L&#039;\u00e9quipe Schenk - Schenk Tanktransport (fr)<\/title>\n<meta name=\"description\" content=\"L\u2019\u00e9quipe Schenk : plus de 2\u202f600 experts d\u00e9di\u00e9s \u00e0 la s\u00e9curit\u00e9, l\u2019efficacit\u00e9 et l\u2019innovation dans le transport par citernes.\" \/>\n<meta name=\"robots\" content=\"index, follow, max-snippet:-1, max-image-preview:large, max-video-preview:-1\" \/>\n<link rel=\"canonical\" href=\"https:\/\/www.schenk-tanktransport.com\/fr\/equipe-schenk\/\" \/>\n<meta property=\"og:locale\" content=\"fr_FR\" \/>\n<meta property=\"og:type\" content=\"article\" \/>\n<meta property=\"og:title\" content=\"L&#039;\u00e9quipe Schenk - Schenk Tanktransport (fr)\" \/>\n<meta property=\"og:description\" content=\"L\u2019\u00e9quipe Schenk : plus de 2\u202f600 experts d\u00e9di\u00e9s \u00e0 la s\u00e9curit\u00e9, l\u2019efficacit\u00e9 et l\u2019innovation dans le transport par citernes.\" \/>\n<meta property=\"og:url\" content=\"https:\/\/www.schenk-tanktransport.com\/fr\/equipe-schenk\/\" \/>\n<meta property=\"og:site_name\" content=\"Schenk Tanktransport (fr)\" \/>\n<meta property=\"article:modified_time\" content=\"2026-02-13T15:00:34+00:00\" \/>\n<meta name=\"twitter:card\" content=\"summary_large_image\" \/>\n<script type=\"application\/ld+json\" class=\"yoast-schema-graph\">{\"@context\":\"https:\\\/\\\/schema.org\",\"@graph\":[{\"@type\":\"WebPage\",\"@id\":\"https:\\\/\\\/www.schenk-tanktransport.com\\\/fr\\\/equipe-schenk\\\/\",\"url\":\"https:\\\/\\\/www.schenk-tanktransport.com\\\/fr\\\/equipe-schenk\\\/\",\"name\":\"L'\u00e9quipe Schenk - Schenk Tanktransport (fr)\",\"isPartOf\":{\"@id\":\"https:\\\/\\\/www.schenk-tanktransport.com\\\/fr\\\/#website\"},\"datePublished\":\"2024-03-14T08:19:12+00:00\",\"dateModified\":\"2026-02-13T15:00:34+00:00\",\"description\":\"L\u2019\u00e9quipe Schenk : plus de 2\u202f600 experts d\u00e9di\u00e9s \u00e0 la s\u00e9curit\u00e9, l\u2019efficacit\u00e9 et l\u2019innovation dans le transport par citernes.\",\"inLanguage\":\"fr-FR\",\"potentialAction\":[{\"@type\":\"ReadAction\",\"target\":[\"https:\\\/\\\/www.schenk-tanktransport.com\\\/fr\\\/equipe-schenk\\\/\"]}]},{\"@type\":\"WebSite\",\"@id\":\"https:\\\/\\\/www.schenk-tanktransport.com\\\/fr\\\/#website\",\"url\":\"https:\\\/\\\/www.schenk-tanktransport.com\\\/fr\\\/\",\"name\":\"Schenk Tanktransport (fr)\",\"description\":\"transport van brandstoffen, smeeroli\u00ebn, LPG, industri\u00eble gassen, LNG, bitumen en chemicali\u00ebn\",\"potentialAction\":[{\"@type\":\"SearchAction\",\"target\":{\"@type\":\"EntryPoint\",\"urlTemplate\":\"https:\\\/\\\/www.schenk-tanktransport.com\\\/fr\\\/?s={search_term_string}\"},\"query-input\":{\"@type\":\"PropertyValueSpecification\",\"valueRequired\":true,\"valueName\":\"search_term_string\"}}],\"inLanguage\":\"fr-FR\"}]}<\/script>\n<!-- \/ Yoast SEO plugin. -->","yoast_head_json":{"title":"L'\u00e9quipe Schenk - Schenk Tanktransport (fr)","description":"L\u2019\u00e9quipe Schenk : plus de 2\u202f600 experts d\u00e9di\u00e9s \u00e0 la s\u00e9curit\u00e9, l\u2019efficacit\u00e9 et l\u2019innovation dans le transport par citernes.","robots":{"index":"index","follow":"follow","max-snippet":"max-snippet:-1","max-image-preview":"max-image-preview:large","max-video-preview":"max-video-preview:-1"},"canonical":"https:\/\/www.schenk-tanktransport.com\/fr\/equipe-schenk\/","og_locale":"fr_FR","og_type":"article","og_title":"L'\u00e9quipe Schenk - Schenk Tanktransport (fr)","og_description":"L\u2019\u00e9quipe Schenk : plus de 2\u202f600 experts d\u00e9di\u00e9s \u00e0 la s\u00e9curit\u00e9, l\u2019efficacit\u00e9 et l\u2019innovation dans le transport par citernes.","og_url":"https:\/\/www.schenk-tanktransport.com\/fr\/equipe-schenk\/","og_site_name":"Schenk Tanktransport (fr)","article_modified_time":"2026-02-13T15:00:34+00:00","twitter_card":"summary_large_image","schema":{"@context":"https:\/\/schema.org","@graph":[{"@type":"WebPage","@id":"https:\/\/www.schenk-tanktransport.com\/fr\/equipe-schenk\/","url":"https:\/\/www.schenk-tanktransport.com\/fr\/equipe-schenk\/","name":"L'\u00e9quipe Schenk - Schenk Tanktransport (fr)","isPartOf":{"@id":"https:\/\/www.schenk-tanktransport.com\/fr\/#website"},"datePublished":"2024-03-14T08:19:12+00:00","dateModified":"2026-02-13T15:00:34+00:00","description":"L\u2019\u00e9quipe Schenk : plus de 2\u202f600 experts d\u00e9di\u00e9s \u00e0 la s\u00e9curit\u00e9, l\u2019efficacit\u00e9 et l\u2019innovation dans le transport par citernes.","inLanguage":"fr-FR","potentialAction":[{"@type":"ReadAction","target":["https:\/\/www.schenk-tanktransport.com\/fr\/equipe-schenk\/"]}]},{"@type":"WebSite","@id":"https:\/\/www.schenk-tanktransport.com\/fr\/#website","url":"https:\/\/www.schenk-tanktransport.com\/fr\/","name":"Schenk Tanktransport (fr)","description":"transport van brandstoffen, smeeroli\u00ebn, LPG, industri\u00eble gassen, LNG, bitumen en chemicali\u00ebn","potentialAction":[{"@type":"SearchAction","target":{"@type":"EntryPoint","urlTemplate":"https:\/\/www.schenk-tanktransport.com\/fr\/?s={search_term_string}"},"query-input":{"@type":"PropertyValueSpecification","valueRequired":true,"valueName":"search_term_string"}}],"inLanguage":"fr-FR"}]}},"_links":{"self":[{"href":"https:\/\/www.schenk-tanktransport.com\/fr\/wp-json\/wp\/v2\/pages\/355","targetHints":{"allow":["GET"]}}],"collection":[{"href":"https:\/\/www.schenk-tanktransport.com\/fr\/wp-json\/wp\/v2\/pages"}],"about":[{"href":"https:\/\/www.schenk-tanktransport.com\/fr\/wp-json\/wp\/v2\/types\/page"}],"author":[{"embeddable":true,"href":"https:\/\/www.schenk-tanktransport.com\/fr\/wp-json\/wp\/v2\/users\/26"}],"replies":[{"embeddable":true,"href":"https:\/\/www.schenk-tanktransport.com\/fr\/wp-json\/wp\/v2\/comments?post=355"}],"version-history":[{"count":64,"href":"https:\/\/www.schenk-tanktransport.com\/fr\/wp-json\/wp\/v2\/pages\/355\/revisions"}],"predecessor-version":[{"id":3637,"href":"https:\/\/www.schenk-tanktransport.com\/fr\/wp-json\/wp\/v2\/pages\/355\/revisions\/3637"}],"wp:attachment":[{"href":"https:\/\/www.schenk-tanktransport.com\/fr\/wp-json\/wp\/v2\/media?parent=355"}],"curies":[{"name":"wp","href":"https:\/\/api.w.org\/{rel}","templated":true}]}}