{"id":367,"date":"2024-03-14T09:20:01","date_gmt":"2024-03-14T08:20:01","guid":{"rendered":"https:\/\/www.schenk-tanktransport.com\/?page_id=367"},"modified":"2024-05-07T13:50:09","modified_gmt":"2024-05-07T11:50:09","slug":"road-transport-dedicated-fleet-transport","status":"publish","type":"page","link":"https:\/\/www.schenk-tanktransport.com\/fr\/road-transport-dedicated-fleet-transport\/","title":{"rendered":"Dedicated Fleet Transport"},"content":{"rendered":"\n<p class=\"col-md-10 offset-md-1\">We transport mission-critical liquids and gases for demanding clients. We have extensive knowledge of the product to be transported, the applicable safety and quality requirements and we guarantee the most efficient way of transport.<\/p>\n\n\n\n<figure class=\"wp-block-embed is-type-video is-provider-youtube wp-block-embed-youtube wp-embed-aspect-16-9 wp-has-aspect-ratio\"><div class=\"wp-block-embed__wrapper\">\n<iframe loading=\"lazy\" title=\"Road Transport   LNG Trucks im Einsatz\" width=\"500\" height=\"281\" src=\"https:\/\/www.youtube.com\/embed\/RodnWF0KyP4?feature=oembed\" frameborder=\"0\" allow=\"accelerometer; autoplay; clipboard-write; encrypted-media; gyroscope; picture-in-picture; web-share\" referrerpolicy=\"strict-origin-when-cross-origin\" allowfullscreen><\/iframe>\n<\/div><\/figure>\n\n\n\n<h2 class=\"wp-block-heading col-md-10 offset-md-1\">Solutions<\/h2>\n\n\n\n<p class=\"col-md-10 offset-md-1\">Schenk offers (inter)national tank transport solutions for mission critical (hazardous) liquids and gasses in the ARRRA region with specialized equipment for:<\/p>\n\n\n\n<ul class=\"col-md-10 offset-md-1 wp-block-list\">\n<li>Bulk Cryo gasses and packaged gas<\/li>\n\n\n\n<li>LNG<\/li>\n\n\n\n<li>Hydrogen<\/li>\n\n\n\n<li>Fuel to petrol stations and gas<\/li>\n\n\n\n<li>Chemicals and Lubricants<\/li>\n\n\n\n<li>Bitumen<\/li>\n\n\n\n<li>Food &amp; Feed<\/li>\n<\/ul>\n\n\n\n<hr class=\"wp-block-separator has-alpha-channel-opacity col-md-10 offset-md-1\" \/>\n\n\n\n<h2 class=\"wp-block-heading col-md-10 offset-md-1\">More solutions<\/h2>\n\n\n\n<p class=\"col-md-10 offset-md-1\">At Schenk we offer a diverse portfolio of transport solutions. Do you want to know more?<\/p>\n\n\n\n<div class=\"wp-block-buttons col-md-10 offset-md-1 is-layout-flex wp-block-buttons-is-layout-flex\">\n<div class=\"wp-block-button\"><a class=\"wp-block-button__link wp-element-button\">More solutions<\/a><\/div>\n<\/div>\n","protected":false},"excerpt":{"rendered":"<p>We transport mission-critical liquids and gases for demanding clients. We have extensive knowledge of the [&hellip;]<\/p>\n","protected":false},"author":26,"featured_media":0,"parent":0,"menu_order":0,"comment_status":"closed","ping_status":"closed","template":"","meta":{"_acf_changed":false,"editor_notices":[],"footnotes":""},"class_list":["post-367","page","type-page","status-publish","hentry"],"acf":[],"yoast_head":"<!-- This site is optimized with the Yoast SEO plugin v27.3 - https:\/\/yoast.com\/product\/yoast-seo-wordpress\/ -->\n<title>Dedicated Fleet Transport - Schenk Tanktransport (fr)<\/title>\n<meta name=\"robots\" content=\"index, follow, max-snippet:-1, max-image-preview:large, max-video-preview:-1\" \/>\n<link rel=\"canonical\" href=\"https:\/\/www.schenk-tanktransport.com\/fr\/road-transport-dedicated-fleet-transport\/\" \/>\n<meta property=\"og:locale\" content=\"fr_FR\" \/>\n<meta property=\"og:type\" content=\"article\" \/>\n<meta property=\"og:title\" content=\"Dedicated Fleet Transport - Schenk Tanktransport (fr)\" \/>\n<meta property=\"og:description\" content=\"We transport mission-critical liquids and gases for demanding clients. We have extensive knowledge of the [&hellip;]\" \/>\n<meta property=\"og:url\" content=\"https:\/\/www.schenk-tanktransport.com\/fr\/road-transport-dedicated-fleet-transport\/\" \/>\n<meta property=\"og:site_name\" content=\"Schenk Tanktransport (fr)\" \/>\n<meta property=\"article:modified_time\" content=\"2024-05-07T11:50:09+00:00\" \/>\n<meta name=\"twitter:card\" content=\"summary_large_image\" \/>\n<meta name=\"twitter:label1\" content=\"Dur\u00e9e de lecture estim\u00e9e\" \/>\n\t<meta name=\"twitter:data1\" content=\"1 minute\" \/>\n<script type=\"application\/ld+json\" class=\"yoast-schema-graph\">{\"@context\":\"https:\\\/\\\/schema.org\",\"@graph\":[{\"@type\":\"WebPage\",\"@id\":\"https:\\\/\\\/www.schenk-tanktransport.com\\\/fr\\\/road-transport-dedicated-fleet-transport\\\/\",\"url\":\"https:\\\/\\\/www.schenk-tanktransport.com\\\/fr\\\/road-transport-dedicated-fleet-transport\\\/\",\"name\":\"Dedicated Fleet Transport - Schenk Tanktransport (fr)\",\"isPartOf\":{\"@id\":\"https:\\\/\\\/www.schenk-tanktransport.com\\\/fr\\\/#website\"},\"datePublished\":\"2024-03-14T08:20:01+00:00\",\"dateModified\":\"2024-05-07T11:50:09+00:00\",\"inLanguage\":\"fr-FR\",\"potentialAction\":[{\"@type\":\"ReadAction\",\"target\":[\"https:\\\/\\\/www.schenk-tanktransport.com\\\/fr\\\/road-transport-dedicated-fleet-transport\\\/\"]}]},{\"@type\":\"WebSite\",\"@id\":\"https:\\\/\\\/www.schenk-tanktransport.com\\\/fr\\\/#website\",\"url\":\"https:\\\/\\\/www.schenk-tanktransport.com\\\/fr\\\/\",\"name\":\"Schenk Tanktransport (fr)\",\"description\":\"transport van brandstoffen, smeeroli\u00ebn, LPG, industri\u00eble gassen, LNG, bitumen en chemicali\u00ebn\",\"potentialAction\":[{\"@type\":\"SearchAction\",\"target\":{\"@type\":\"EntryPoint\",\"urlTemplate\":\"https:\\\/\\\/www.schenk-tanktransport.com\\\/fr\\\/?s={search_term_string}\"},\"query-input\":{\"@type\":\"PropertyValueSpecification\",\"valueRequired\":true,\"valueName\":\"search_term_string\"}}],\"inLanguage\":\"fr-FR\"}]}<\/script>\n<!-- \/ Yoast SEO plugin. -->","yoast_head_json":{"title":"Dedicated Fleet Transport - Schenk Tanktransport (fr)","robots":{"index":"index","follow":"follow","max-snippet":"max-snippet:-1","max-image-preview":"max-image-preview:large","max-video-preview":"max-video-preview:-1"},"canonical":"https:\/\/www.schenk-tanktransport.com\/fr\/road-transport-dedicated-fleet-transport\/","og_locale":"fr_FR","og_type":"article","og_title":"Dedicated Fleet Transport - Schenk Tanktransport (fr)","og_description":"We transport mission-critical liquids and gases for demanding clients. We have extensive knowledge of the [&hellip;]","og_url":"https:\/\/www.schenk-tanktransport.com\/fr\/road-transport-dedicated-fleet-transport\/","og_site_name":"Schenk Tanktransport (fr)","article_modified_time":"2024-05-07T11:50:09+00:00","twitter_card":"summary_large_image","twitter_misc":{"Dur\u00e9e de lecture estim\u00e9e":"1 minute"},"schema":{"@context":"https:\/\/schema.org","@graph":[{"@type":"WebPage","@id":"https:\/\/www.schenk-tanktransport.com\/fr\/road-transport-dedicated-fleet-transport\/","url":"https:\/\/www.schenk-tanktransport.com\/fr\/road-transport-dedicated-fleet-transport\/","name":"Dedicated Fleet Transport - Schenk Tanktransport (fr)","isPartOf":{"@id":"https:\/\/www.schenk-tanktransport.com\/fr\/#website"},"datePublished":"2024-03-14T08:20:01+00:00","dateModified":"2024-05-07T11:50:09+00:00","inLanguage":"fr-FR","potentialAction":[{"@type":"ReadAction","target":["https:\/\/www.schenk-tanktransport.com\/fr\/road-transport-dedicated-fleet-transport\/"]}]},{"@type":"WebSite","@id":"https:\/\/www.schenk-tanktransport.com\/fr\/#website","url":"https:\/\/www.schenk-tanktransport.com\/fr\/","name":"Schenk Tanktransport (fr)","description":"transport van brandstoffen, smeeroli\u00ebn, LPG, industri\u00eble gassen, LNG, bitumen en chemicali\u00ebn","potentialAction":[{"@type":"SearchAction","target":{"@type":"EntryPoint","urlTemplate":"https:\/\/www.schenk-tanktransport.com\/fr\/?s={search_term_string}"},"query-input":{"@type":"PropertyValueSpecification","valueRequired":true,"valueName":"search_term_string"}}],"inLanguage":"fr-FR"}]}},"_links":{"self":[{"href":"https:\/\/www.schenk-tanktransport.com\/fr\/wp-json\/wp\/v2\/pages\/367","targetHints":{"allow":["GET"]}}],"collection":[{"href":"https:\/\/www.schenk-tanktransport.com\/fr\/wp-json\/wp\/v2\/pages"}],"about":[{"href":"https:\/\/www.schenk-tanktransport.com\/fr\/wp-json\/wp\/v2\/types\/page"}],"author":[{"embeddable":true,"href":"https:\/\/www.schenk-tanktransport.com\/fr\/wp-json\/wp\/v2\/users\/26"}],"replies":[{"embeddable":true,"href":"https:\/\/www.schenk-tanktransport.com\/fr\/wp-json\/wp\/v2\/comments?post=367"}],"version-history":[{"count":15,"href":"https:\/\/www.schenk-tanktransport.com\/fr\/wp-json\/wp\/v2\/pages\/367\/revisions"}],"predecessor-version":[{"id":991,"href":"https:\/\/www.schenk-tanktransport.com\/fr\/wp-json\/wp\/v2\/pages\/367\/revisions\/991"}],"wp:attachment":[{"href":"https:\/\/www.schenk-tanktransport.com\/fr\/wp-json\/wp\/v2\/media?parent=367"}],"curies":[{"name":"wp","href":"https:\/\/api.w.org\/{rel}","templated":true}]}}