{"id":41,"date":"2023-12-01T10:59:43","date_gmt":"2023-12-01T10:59:43","guid":{"rendered":"https:\/\/www.schenk-tanktransport.com\/?page_id=41"},"modified":"2025-09-12T16:21:23","modified_gmt":"2025-09-12T14:21:23","slug":"home","status":"publish","type":"page","link":"https:\/\/www.schenk-tanktransport.com\/fr\/","title":{"rendered":"Schenk"},"content":{"rendered":"\n<p>Nous sommes Schenk. En tant qu\u2019entreprise internationale de premier plan dans le domaine du transport de citernes, nous nous concentrons sur la fourniture d\u2019une qualit\u00e9 sup\u00e9rieure, l\u2019exploration de nouveaux march\u00e9s et l\u2019expansion dans des cr\u00e9neaux \u00e9mergents. Avec plus de 2.600 sp\u00e9cialistes dans nos op\u00e9rations et nos bureaux r\u00e9partis dans quatre pays, nous relevons sans difficult\u00e9 les d\u00e9fis de l\u2019industrie europ\u00e9enne.<\/p>\n\n\n\n<div class=\"wp-block-buttons is-layout-flex wp-block-buttons-is-layout-flex\">\n<div class=\"wp-block-button\"><a class=\"wp-block-button__link wp-element-button\" href=\"https:\/\/www.schenk-tanktransport.com\/fr\/about-schenk\/\">\u00c0 propos de Schenk<\/a><\/div>\n\n\n\n<div class=\"wp-block-button\"><a class=\"wp-block-button__link wp-element-button\" href=\"https:\/\/www.schenk-tanktransport.com\/fr\/jobs\/\">Postes vacants<\/a><\/div>\n<\/div>\n\n\n\n<p><\/p>\n","protected":false},"excerpt":{"rendered":"<p>Nous sommes Schenk. En tant qu\u2019entreprise internationale de premier plan dans le domaine du transport [&hellip;]<\/p>\n","protected":false},"author":26,"featured_media":0,"parent":0,"menu_order":0,"comment_status":"closed","ping_status":"closed","template":"","meta":{"_acf_changed":false,"editor_notices":[],"footnotes":""},"class_list":["post-41","page","type-page","status-publish","hentry"],"acf":[],"yoast_head":"<!-- This site is optimized with the Yoast SEO plugin v27.3 - https:\/\/yoast.com\/product\/yoast-seo-wordpress\/ -->\n<title>Services de transport sp\u00e9cialis\u00e9 \u2013 Schenk Tanktransport<\/title>\n<meta name=\"description\" content=\"D\u00e9couvrez nos services de transport sp\u00e9cialis\u00e9 pour tous types de produits. Fiable, s\u00fbr et professionnel, Schenk Tanktransport.\" \/>\n<meta name=\"robots\" content=\"index, follow, max-snippet:-1, max-image-preview:large, max-video-preview:-1\" \/>\n<link rel=\"canonical\" href=\"https:\/\/www.schenk-tanktransport.com\/fr\/\" \/>\n<meta property=\"og:locale\" content=\"fr_FR\" \/>\n<meta property=\"og:type\" content=\"article\" \/>\n<meta property=\"og:title\" content=\"Services de transport sp\u00e9cialis\u00e9 \u2013 Schenk Tanktransport\" \/>\n<meta property=\"og:description\" content=\"D\u00e9couvrez nos services de transport sp\u00e9cialis\u00e9 pour tous types de produits. Fiable, s\u00fbr et professionnel, Schenk Tanktransport.\" \/>\n<meta property=\"og:url\" content=\"https:\/\/www.schenk-tanktransport.com\/fr\/\" \/>\n<meta property=\"og:site_name\" content=\"Schenk Tanktransport (fr)\" \/>\n<meta property=\"article:modified_time\" content=\"2025-09-12T14:21:23+00:00\" \/>\n<meta name=\"twitter:card\" content=\"summary_large_image\" \/>\n<meta name=\"twitter:label1\" content=\"Dur\u00e9e de lecture estim\u00e9e\" \/>\n\t<meta name=\"twitter:data1\" content=\"1 minute\" \/>\n<script type=\"application\/ld+json\" class=\"yoast-schema-graph\">{\"@context\":\"https:\\\/\\\/schema.org\",\"@graph\":[{\"@type\":\"WebPage\",\"@id\":\"https:\\\/\\\/www.schenk-tanktransport.com\\\/fr\\\/\",\"url\":\"https:\\\/\\\/www.schenk-tanktransport.com\\\/fr\\\/\",\"name\":\"Services de transport sp\u00e9cialis\u00e9 \u2013 Schenk Tanktransport\",\"isPartOf\":{\"@id\":\"https:\\\/\\\/www.schenk-tanktransport.com\\\/fr\\\/#website\"},\"datePublished\":\"2023-12-01T10:59:43+00:00\",\"dateModified\":\"2025-09-12T14:21:23+00:00\",\"description\":\"D\u00e9couvrez nos services de transport sp\u00e9cialis\u00e9 pour tous types de produits. Fiable, s\u00fbr et professionnel, Schenk Tanktransport.\",\"inLanguage\":\"fr-FR\",\"potentialAction\":[{\"@type\":\"ReadAction\",\"target\":[\"https:\\\/\\\/www.schenk-tanktransport.com\\\/fr\\\/\"]}]},{\"@type\":\"WebSite\",\"@id\":\"https:\\\/\\\/www.schenk-tanktransport.com\\\/fr\\\/#website\",\"url\":\"https:\\\/\\\/www.schenk-tanktransport.com\\\/fr\\\/\",\"name\":\"Schenk Tanktransport (fr)\",\"description\":\"transport van brandstoffen, smeeroli\u00ebn, LPG, industri\u00eble gassen, LNG, bitumen en chemicali\u00ebn\",\"potentialAction\":[{\"@type\":\"SearchAction\",\"target\":{\"@type\":\"EntryPoint\",\"urlTemplate\":\"https:\\\/\\\/www.schenk-tanktransport.com\\\/fr\\\/?s={search_term_string}\"},\"query-input\":{\"@type\":\"PropertyValueSpecification\",\"valueRequired\":true,\"valueName\":\"search_term_string\"}}],\"inLanguage\":\"fr-FR\"}]}<\/script>\n<!-- \/ Yoast SEO plugin. -->","yoast_head_json":{"title":"Services de transport sp\u00e9cialis\u00e9 \u2013 Schenk Tanktransport","description":"D\u00e9couvrez nos services de transport sp\u00e9cialis\u00e9 pour tous types de produits. Fiable, s\u00fbr et professionnel, Schenk Tanktransport.","robots":{"index":"index","follow":"follow","max-snippet":"max-snippet:-1","max-image-preview":"max-image-preview:large","max-video-preview":"max-video-preview:-1"},"canonical":"https:\/\/www.schenk-tanktransport.com\/fr\/","og_locale":"fr_FR","og_type":"article","og_title":"Services de transport sp\u00e9cialis\u00e9 \u2013 Schenk Tanktransport","og_description":"D\u00e9couvrez nos services de transport sp\u00e9cialis\u00e9 pour tous types de produits. Fiable, s\u00fbr et professionnel, Schenk Tanktransport.","og_url":"https:\/\/www.schenk-tanktransport.com\/fr\/","og_site_name":"Schenk Tanktransport (fr)","article_modified_time":"2025-09-12T14:21:23+00:00","twitter_card":"summary_large_image","twitter_misc":{"Dur\u00e9e de lecture estim\u00e9e":"1 minute"},"schema":{"@context":"https:\/\/schema.org","@graph":[{"@type":"WebPage","@id":"https:\/\/www.schenk-tanktransport.com\/fr\/","url":"https:\/\/www.schenk-tanktransport.com\/fr\/","name":"Services de transport sp\u00e9cialis\u00e9 \u2013 Schenk Tanktransport","isPartOf":{"@id":"https:\/\/www.schenk-tanktransport.com\/fr\/#website"},"datePublished":"2023-12-01T10:59:43+00:00","dateModified":"2025-09-12T14:21:23+00:00","description":"D\u00e9couvrez nos services de transport sp\u00e9cialis\u00e9 pour tous types de produits. Fiable, s\u00fbr et professionnel, Schenk Tanktransport.","inLanguage":"fr-FR","potentialAction":[{"@type":"ReadAction","target":["https:\/\/www.schenk-tanktransport.com\/fr\/"]}]},{"@type":"WebSite","@id":"https:\/\/www.schenk-tanktransport.com\/fr\/#website","url":"https:\/\/www.schenk-tanktransport.com\/fr\/","name":"Schenk Tanktransport (fr)","description":"transport van brandstoffen, smeeroli\u00ebn, LPG, industri\u00eble gassen, LNG, bitumen en chemicali\u00ebn","potentialAction":[{"@type":"SearchAction","target":{"@type":"EntryPoint","urlTemplate":"https:\/\/www.schenk-tanktransport.com\/fr\/?s={search_term_string}"},"query-input":{"@type":"PropertyValueSpecification","valueRequired":true,"valueName":"search_term_string"}}],"inLanguage":"fr-FR"}]}},"_links":{"self":[{"href":"https:\/\/www.schenk-tanktransport.com\/fr\/wp-json\/wp\/v2\/pages\/41","targetHints":{"allow":["GET"]}}],"collection":[{"href":"https:\/\/www.schenk-tanktransport.com\/fr\/wp-json\/wp\/v2\/pages"}],"about":[{"href":"https:\/\/www.schenk-tanktransport.com\/fr\/wp-json\/wp\/v2\/types\/page"}],"author":[{"embeddable":true,"href":"https:\/\/www.schenk-tanktransport.com\/fr\/wp-json\/wp\/v2\/users\/26"}],"replies":[{"embeddable":true,"href":"https:\/\/www.schenk-tanktransport.com\/fr\/wp-json\/wp\/v2\/comments?post=41"}],"version-history":[{"count":44,"href":"https:\/\/www.schenk-tanktransport.com\/fr\/wp-json\/wp\/v2\/pages\/41\/revisions"}],"predecessor-version":[{"id":3574,"href":"https:\/\/www.schenk-tanktransport.com\/fr\/wp-json\/wp\/v2\/pages\/41\/revisions\/3574"}],"wp:attachment":[{"href":"https:\/\/www.schenk-tanktransport.com\/fr\/wp-json\/wp\/v2\/media?parent=41"}],"curies":[{"name":"wp","href":"https:\/\/api.w.org\/{rel}","templated":true}]}}