{"id":851,"date":"2024-04-25T11:30:37","date_gmt":"2024-04-25T09:30:37","guid":{"rendered":"https:\/\/www.schenk-tanktransport.com\/?page_id=851"},"modified":"2024-05-02T14:17:50","modified_gmt":"2024-05-02T12:17:50","slug":"transport-planning-scheduling","status":"publish","type":"page","link":"https:\/\/www.schenk-tanktransport.com\/fr\/transport-planning-scheduling\/","title":{"rendered":"Transport Planning &amp; Scheduling"},"content":{"rendered":"\n<p>Schenk offers planning solutions for liquids and gas transportation<\/p>\n","protected":false},"excerpt":{"rendered":"<p>Schenk offers planning solutions for liquids and gas transportation<\/p>\n","protected":false},"author":30,"featured_media":0,"parent":0,"menu_order":0,"comment_status":"closed","ping_status":"closed","template":"","meta":{"_acf_changed":false,"editor_notices":[],"footnotes":""},"class_list":["post-851","page","type-page","status-publish","hentry"],"acf":[],"yoast_head":"<!-- This site is optimized with the Yoast SEO plugin v27.3 - https:\/\/yoast.com\/product\/yoast-seo-wordpress\/ -->\n<title>Transport Planning &amp; Scheduling - Schenk Tanktransport (fr)<\/title>\n<meta name=\"robots\" content=\"index, follow, max-snippet:-1, max-image-preview:large, max-video-preview:-1\" \/>\n<link rel=\"canonical\" href=\"https:\/\/www.schenk-tanktransport.com\/fr\/transport-planning-scheduling\/\" \/>\n<meta property=\"og:locale\" content=\"fr_FR\" \/>\n<meta property=\"og:type\" content=\"article\" \/>\n<meta property=\"og:title\" content=\"Transport Planning &amp; Scheduling - Schenk Tanktransport (fr)\" \/>\n<meta property=\"og:description\" content=\"Schenk offers planning solutions for liquids and gas transportation\" \/>\n<meta property=\"og:url\" content=\"https:\/\/www.schenk-tanktransport.com\/fr\/transport-planning-scheduling\/\" \/>\n<meta property=\"og:site_name\" content=\"Schenk Tanktransport (fr)\" \/>\n<meta property=\"article:modified_time\" content=\"2024-05-02T12:17:50+00:00\" \/>\n<meta name=\"twitter:card\" content=\"summary_large_image\" \/>\n<meta name=\"twitter:label1\" content=\"Dur\u00e9e de lecture estim\u00e9e\" \/>\n\t<meta name=\"twitter:data1\" content=\"1 minute\" \/>\n<script type=\"application\/ld+json\" class=\"yoast-schema-graph\">{\"@context\":\"https:\\\/\\\/schema.org\",\"@graph\":[{\"@type\":\"WebPage\",\"@id\":\"https:\\\/\\\/www.schenk-tanktransport.com\\\/fr\\\/transport-planning-scheduling\\\/\",\"url\":\"https:\\\/\\\/www.schenk-tanktransport.com\\\/fr\\\/transport-planning-scheduling\\\/\",\"name\":\"Transport Planning &amp; Scheduling - Schenk Tanktransport (fr)\",\"isPartOf\":{\"@id\":\"https:\\\/\\\/www.schenk-tanktransport.com\\\/fr\\\/#website\"},\"datePublished\":\"2024-04-25T09:30:37+00:00\",\"dateModified\":\"2024-05-02T12:17:50+00:00\",\"inLanguage\":\"fr-FR\",\"potentialAction\":[{\"@type\":\"ReadAction\",\"target\":[\"https:\\\/\\\/www.schenk-tanktransport.com\\\/fr\\\/transport-planning-scheduling\\\/\"]}]},{\"@type\":\"WebSite\",\"@id\":\"https:\\\/\\\/www.schenk-tanktransport.com\\\/fr\\\/#website\",\"url\":\"https:\\\/\\\/www.schenk-tanktransport.com\\\/fr\\\/\",\"name\":\"Schenk Tanktransport (fr)\",\"description\":\"transport van brandstoffen, smeeroli\u00ebn, LPG, industri\u00eble gassen, LNG, bitumen en chemicali\u00ebn\",\"potentialAction\":[{\"@type\":\"SearchAction\",\"target\":{\"@type\":\"EntryPoint\",\"urlTemplate\":\"https:\\\/\\\/www.schenk-tanktransport.com\\\/fr\\\/?s={search_term_string}\"},\"query-input\":{\"@type\":\"PropertyValueSpecification\",\"valueRequired\":true,\"valueName\":\"search_term_string\"}}],\"inLanguage\":\"fr-FR\"}]}<\/script>\n<!-- \/ Yoast SEO plugin. -->","yoast_head_json":{"title":"Transport Planning &amp; Scheduling - Schenk Tanktransport (fr)","robots":{"index":"index","follow":"follow","max-snippet":"max-snippet:-1","max-image-preview":"max-image-preview:large","max-video-preview":"max-video-preview:-1"},"canonical":"https:\/\/www.schenk-tanktransport.com\/fr\/transport-planning-scheduling\/","og_locale":"fr_FR","og_type":"article","og_title":"Transport Planning &amp; Scheduling - Schenk Tanktransport (fr)","og_description":"Schenk offers planning solutions for liquids and gas transportation","og_url":"https:\/\/www.schenk-tanktransport.com\/fr\/transport-planning-scheduling\/","og_site_name":"Schenk Tanktransport (fr)","article_modified_time":"2024-05-02T12:17:50+00:00","twitter_card":"summary_large_image","twitter_misc":{"Dur\u00e9e de lecture estim\u00e9e":"1 minute"},"schema":{"@context":"https:\/\/schema.org","@graph":[{"@type":"WebPage","@id":"https:\/\/www.schenk-tanktransport.com\/fr\/transport-planning-scheduling\/","url":"https:\/\/www.schenk-tanktransport.com\/fr\/transport-planning-scheduling\/","name":"Transport Planning &amp; Scheduling - Schenk Tanktransport (fr)","isPartOf":{"@id":"https:\/\/www.schenk-tanktransport.com\/fr\/#website"},"datePublished":"2024-04-25T09:30:37+00:00","dateModified":"2024-05-02T12:17:50+00:00","inLanguage":"fr-FR","potentialAction":[{"@type":"ReadAction","target":["https:\/\/www.schenk-tanktransport.com\/fr\/transport-planning-scheduling\/"]}]},{"@type":"WebSite","@id":"https:\/\/www.schenk-tanktransport.com\/fr\/#website","url":"https:\/\/www.schenk-tanktransport.com\/fr\/","name":"Schenk Tanktransport (fr)","description":"transport van brandstoffen, smeeroli\u00ebn, LPG, industri\u00eble gassen, LNG, bitumen en chemicali\u00ebn","potentialAction":[{"@type":"SearchAction","target":{"@type":"EntryPoint","urlTemplate":"https:\/\/www.schenk-tanktransport.com\/fr\/?s={search_term_string}"},"query-input":{"@type":"PropertyValueSpecification","valueRequired":true,"valueName":"search_term_string"}}],"inLanguage":"fr-FR"}]}},"_links":{"self":[{"href":"https:\/\/www.schenk-tanktransport.com\/fr\/wp-json\/wp\/v2\/pages\/851","targetHints":{"allow":["GET"]}}],"collection":[{"href":"https:\/\/www.schenk-tanktransport.com\/fr\/wp-json\/wp\/v2\/pages"}],"about":[{"href":"https:\/\/www.schenk-tanktransport.com\/fr\/wp-json\/wp\/v2\/types\/page"}],"author":[{"embeddable":true,"href":"https:\/\/www.schenk-tanktransport.com\/fr\/wp-json\/wp\/v2\/users\/30"}],"replies":[{"embeddable":true,"href":"https:\/\/www.schenk-tanktransport.com\/fr\/wp-json\/wp\/v2\/comments?post=851"}],"version-history":[{"count":4,"href":"https:\/\/www.schenk-tanktransport.com\/fr\/wp-json\/wp\/v2\/pages\/851\/revisions"}],"predecessor-version":[{"id":993,"href":"https:\/\/www.schenk-tanktransport.com\/fr\/wp-json\/wp\/v2\/pages\/851\/revisions\/993"}],"wp:attachment":[{"href":"https:\/\/www.schenk-tanktransport.com\/fr\/wp-json\/wp\/v2\/media?parent=851"}],"curies":[{"name":"wp","href":"https:\/\/api.w.org\/{rel}","templated":true}]}}