{"id":1164,"date":"2024-09-24T15:11:32","date_gmt":"2024-09-24T13:11:32","guid":{"rendered":"https:\/\/www.schenk-tanktransport.com\/nl\/?page_id=1164"},"modified":"2025-08-28T15:25:52","modified_gmt":"2025-08-28T13:25:52","slug":"schenk-recruitment-team","status":"publish","type":"page","link":"https:\/\/www.schenk-tanktransport.com\/nl\/schenk-recruitment-team\/","title":{"rendered":"Schenk Recruitment Team"},"content":{"rendered":"","protected":false},"excerpt":{"rendered":"","protected":false},"author":30,"featured_media":0,"parent":0,"menu_order":0,"comment_status":"closed","ping_status":"closed","template":"","meta":{"_acf_changed":false,"editor_notices":[],"footnotes":""},"class_list":["post-1164","page","type-page","status-publish","hentry"],"acf":{"contactpersoon_related_titel":"Neem contact op met het recruitment team.","contactpersoon_related_content":"","contactpersoon_related":[1051,903,1056,1480,904,2370]},"yoast_head":"<!-- This site is optimized with the Yoast SEO plugin v27.3 - https:\/\/yoast.com\/product\/yoast-seo-wordpress\/ -->\n<title>Schenk Recruitment Team - Schenk Tanktransport (nl)<\/title>\n<meta name=\"description\" content=\"Maak kennis met het Recruitment Team van Schenk Tanktransport: Jarik, Kiek, Milou, Johanna en Shelly staan klaar om jouw carri\u00e8re te versnellen.\" \/>\n<meta name=\"robots\" content=\"index, follow, max-snippet:-1, max-image-preview:large, max-video-preview:-1\" \/>\n<link rel=\"canonical\" href=\"https:\/\/www.schenk-tanktransport.com\/nl\/schenk-recruitment-team\/\" \/>\n<meta property=\"og:locale\" content=\"nl_NL\" \/>\n<meta property=\"og:type\" content=\"article\" \/>\n<meta property=\"og:title\" content=\"Schenk Recruitment Team - Schenk Tanktransport (nl)\" \/>\n<meta property=\"og:description\" content=\"Maak kennis met het Recruitment Team van Schenk Tanktransport: Jarik, Kiek, Milou, Johanna en Shelly staan klaar om jouw carri\u00e8re te versnellen.\" \/>\n<meta property=\"og:url\" content=\"https:\/\/www.schenk-tanktransport.com\/nl\/schenk-recruitment-team\/\" \/>\n<meta property=\"og:site_name\" content=\"Schenk Tanktransport (nl)\" \/>\n<meta property=\"article:modified_time\" content=\"2025-08-28T13:25:52+00:00\" \/>\n<meta name=\"twitter:card\" content=\"summary_large_image\" \/>\n<script type=\"application\/ld+json\" class=\"yoast-schema-graph\">{\"@context\":\"https:\\\/\\\/schema.org\",\"@graph\":[{\"@type\":\"WebPage\",\"@id\":\"https:\\\/\\\/www.schenk-tanktransport.com\\\/nl\\\/schenk-recruitment-team\\\/\",\"url\":\"https:\\\/\\\/www.schenk-tanktransport.com\\\/nl\\\/schenk-recruitment-team\\\/\",\"name\":\"Schenk Recruitment Team - Schenk Tanktransport (nl)\",\"isPartOf\":{\"@id\":\"https:\\\/\\\/www.schenk-tanktransport.com\\\/nl\\\/#website\"},\"datePublished\":\"2024-09-24T13:11:32+00:00\",\"dateModified\":\"2025-08-28T13:25:52+00:00\",\"description\":\"Maak kennis met het Recruitment Team van Schenk Tanktransport: Jarik, Kiek, Milou, Johanna en Shelly staan klaar om jouw carri\u00e8re te versnellen.\",\"inLanguage\":\"nl-NL\",\"potentialAction\":[{\"@type\":\"ReadAction\",\"target\":[\"https:\\\/\\\/www.schenk-tanktransport.com\\\/nl\\\/schenk-recruitment-team\\\/\"]}]},{\"@type\":\"WebSite\",\"@id\":\"https:\\\/\\\/www.schenk-tanktransport.com\\\/nl\\\/#website\",\"url\":\"https:\\\/\\\/www.schenk-tanktransport.com\\\/nl\\\/\",\"name\":\"Schenk Tanktransport (nl)\",\"description\":\"transport van brandstoffen, smeeroli\u00ebn, LPG, industri\u00eble gassen, LNG, bitumen en chemicali\u00ebn\",\"potentialAction\":[{\"@type\":\"SearchAction\",\"target\":{\"@type\":\"EntryPoint\",\"urlTemplate\":\"https:\\\/\\\/www.schenk-tanktransport.com\\\/nl\\\/?s={search_term_string}\"},\"query-input\":{\"@type\":\"PropertyValueSpecification\",\"valueRequired\":true,\"valueName\":\"search_term_string\"}}],\"inLanguage\":\"nl-NL\"}]}<\/script>\n<!-- \/ Yoast SEO plugin. -->","yoast_head_json":{"title":"Schenk Recruitment Team - Schenk Tanktransport (nl)","description":"Maak kennis met het Recruitment Team van Schenk Tanktransport: Jarik, Kiek, Milou, Johanna en Shelly staan klaar om jouw carri\u00e8re te versnellen.","robots":{"index":"index","follow":"follow","max-snippet":"max-snippet:-1","max-image-preview":"max-image-preview:large","max-video-preview":"max-video-preview:-1"},"canonical":"https:\/\/www.schenk-tanktransport.com\/nl\/schenk-recruitment-team\/","og_locale":"nl_NL","og_type":"article","og_title":"Schenk Recruitment Team - Schenk Tanktransport (nl)","og_description":"Maak kennis met het Recruitment Team van Schenk Tanktransport: Jarik, Kiek, Milou, Johanna en Shelly staan klaar om jouw carri\u00e8re te versnellen.","og_url":"https:\/\/www.schenk-tanktransport.com\/nl\/schenk-recruitment-team\/","og_site_name":"Schenk Tanktransport (nl)","article_modified_time":"2025-08-28T13:25:52+00:00","twitter_card":"summary_large_image","schema":{"@context":"https:\/\/schema.org","@graph":[{"@type":"WebPage","@id":"https:\/\/www.schenk-tanktransport.com\/nl\/schenk-recruitment-team\/","url":"https:\/\/www.schenk-tanktransport.com\/nl\/schenk-recruitment-team\/","name":"Schenk Recruitment Team - Schenk Tanktransport (nl)","isPartOf":{"@id":"https:\/\/www.schenk-tanktransport.com\/nl\/#website"},"datePublished":"2024-09-24T13:11:32+00:00","dateModified":"2025-08-28T13:25:52+00:00","description":"Maak kennis met het Recruitment Team van Schenk Tanktransport: Jarik, Kiek, Milou, Johanna en Shelly staan klaar om jouw carri\u00e8re te versnellen.","inLanguage":"nl-NL","potentialAction":[{"@type":"ReadAction","target":["https:\/\/www.schenk-tanktransport.com\/nl\/schenk-recruitment-team\/"]}]},{"@type":"WebSite","@id":"https:\/\/www.schenk-tanktransport.com\/nl\/#website","url":"https:\/\/www.schenk-tanktransport.com\/nl\/","name":"Schenk Tanktransport (nl)","description":"transport van brandstoffen, smeeroli\u00ebn, LPG, industri\u00eble gassen, LNG, bitumen en chemicali\u00ebn","potentialAction":[{"@type":"SearchAction","target":{"@type":"EntryPoint","urlTemplate":"https:\/\/www.schenk-tanktransport.com\/nl\/?s={search_term_string}"},"query-input":{"@type":"PropertyValueSpecification","valueRequired":true,"valueName":"search_term_string"}}],"inLanguage":"nl-NL"}]}},"_links":{"self":[{"href":"https:\/\/www.schenk-tanktransport.com\/nl\/wp-json\/wp\/v2\/pages\/1164","targetHints":{"allow":["GET"]}}],"collection":[{"href":"https:\/\/www.schenk-tanktransport.com\/nl\/wp-json\/wp\/v2\/pages"}],"about":[{"href":"https:\/\/www.schenk-tanktransport.com\/nl\/wp-json\/wp\/v2\/types\/page"}],"author":[{"embeddable":true,"href":"https:\/\/www.schenk-tanktransport.com\/nl\/wp-json\/wp\/v2\/users\/30"}],"replies":[{"embeddable":true,"href":"https:\/\/www.schenk-tanktransport.com\/nl\/wp-json\/wp\/v2\/comments?post=1164"}],"version-history":[{"count":9,"href":"https:\/\/www.schenk-tanktransport.com\/nl\/wp-json\/wp\/v2\/pages\/1164\/revisions"}],"predecessor-version":[{"id":2372,"href":"https:\/\/www.schenk-tanktransport.com\/nl\/wp-json\/wp\/v2\/pages\/1164\/revisions\/2372"}],"acf:post":[{"embeddable":true,"href":"https:\/\/www.schenk-tanktransport.com\/nl\/wp-json\/wp\/v2\/contactpersonen\/2370"},{"embeddable":true,"href":"https:\/\/www.schenk-tanktransport.com\/nl\/wp-json\/wp\/v2\/contactpersonen\/904"},{"embeddable":true,"href":"https:\/\/www.schenk-tanktransport.com\/nl\/wp-json\/wp\/v2\/contactpersonen\/1480"},{"embeddable":true,"href":"https:\/\/www.schenk-tanktransport.com\/nl\/wp-json\/wp\/v2\/contactpersonen\/1056"},{"embeddable":true,"href":"https:\/\/www.schenk-tanktransport.com\/nl\/wp-json\/wp\/v2\/contactpersonen\/903"},{"embeddable":true,"href":"https:\/\/www.schenk-tanktransport.com\/nl\/wp-json\/wp\/v2\/contactpersonen\/1051"}],"wp:attachment":[{"href":"https:\/\/www.schenk-tanktransport.com\/nl\/wp-json\/wp\/v2\/media?parent=1164"}],"curies":[{"name":"wp","href":"https:\/\/api.w.org\/{rel}","templated":true}]}}