{"id":2534,"date":"2025-10-10T14:35:37","date_gmt":"2025-10-10T12:35:37","guid":{"rendered":"https:\/\/www.schenk-tanktransport.com\/nl\/?page_id=2534"},"modified":"2025-12-09T16:17:35","modified_gmt":"2025-12-09T15:17:35","slug":"veelgestelde-vragen-over-schenk-bedrijfskleding-online-bestelportaal","status":"publish","type":"page","link":"https:\/\/www.schenk-tanktransport.com\/nl\/veelgestelde-vragen-over-schenk-bedrijfskleding-online-bestelportaal\/","title":{"rendered":"Veelgestelde vragen over Schenk Bedrijfskleding Online Bestelportaal"},"content":{"rendered":"\n<p>Heb je vragen over het kledingpakket zelf? Klik dan <a href=\"https:\/\/www.schenk-tanktransport.com\/nl\/faq-nieuwe-bedrijfskleding-ppe\/\">hier<\/a>!<\/p>\n\n\n\n<h2 class=\"wp-block-heading\">Hoe bestel ik mijn bedrijfskleding?<\/h2>\n\n\n\n<details class=\"wp-block-details is-layout-flow wp-block-details-is-layout-flow\"><summary><strong>Hoe werkt het bestellen van mijn bedrijfskleding?<\/strong><\/summary>\n<div class=\"wp-block-buttons is-layout-flex wp-block-buttons-is-layout-flex\">\n<div class=\"wp-block-button\"><a class=\"wp-block-button__link wp-element-button\" href=\"https:\/\/www.schenk-tanktransport.com\/nl\/wp-content\/uploads\/sites\/5\/2025\/10\/HANDLEIDING-FAQ-pagina-NL.pdf\" target=\"_blank\" rel=\"noreferrer noopener\">Klik hier voor de handleiding<\/a><\/div>\n<\/div>\n<\/details>\n\n\n\n<details class=\"wp-block-details is-layout-flow wp-block-details-is-layout-flow\"><summary><strong>Waarom zie ik in het kledingportaal niet de producten die ik daadwerkelijk in bezit heb?<\/strong><\/summary>\n<p>We hebben de bestelhistorie van onze vorige leverancier, Veilig Goed, overgenomen en z\u00f3 ingelezen dat het saldo per product op het juiste moment vrijvalt. Dit is zorgvuldig afgestemd in overleg met Schenk en Wiltec.<\/p>\n\n\n\n<p><strong>Wat betekent dit voor jou?<\/strong><\/p>\n\n\n\n<p>De producten uit je oude pakket \u2013 zoals je huidige jas van Veilig Goed \u2013 zijn in het systeem gekoppeld aan de nieuwe producten van Wiltec. Als de draagtermijn van je oude jas nog niet is verlopen, toont het portaal dat je de nieuwe jas al in bezit hebt. In werkelijkheid gaat het dan nog om je oude jas. Pas wanneer de draagtermijn afloopt, komt het nieuwe product vrij om te bestellen.<\/p>\n\n\n\n<p><strong>Let op de besteldatum:<\/strong><\/p>\n\n\n\n<p>Omdat artikelen bij Veilig Goed een andere levensduur hebben dan die van Wiltec, is de besteldatum in het systeem aangepast. Deze datum is vaak verder in het verleden gezet dan wanneer je het artikel daadwerkelijk hebt ontvangen. Dit is gedaan om de juiste vervaltermijn te kunnen berekenen en het nieuwe pakket goed te laten aansluiten.<\/p>\n\n\n\n<p><strong>Samengevat:<\/strong><\/p>\n\n\n\n<p>Je ziet in het portaal dus niet letterlijk wat je fysiek bezit, maar wat er op basis van je eerdere bestellingen en draagtermijnen is gekoppeld aan het nieuwe kledingpakket. Zo voorkomen we dubbele uitgiften en zorgen we voor een gestroomlijnde overgang.<\/p>\n\n\n\n<p>Heb je vragen over je saldo of zie je een artikel dat je niet bezit? Neem dan contact op met het PPE-team van Schenk via <a href=\"mailto:ppe@schenk-tanktransport.eu\">ppe@schenk-tanktransport.eu<\/a>.<\/p>\n<\/details>\n\n\n\n<details class=\"wp-block-details is-layout-flow wp-block-details-is-layout-flow\"><summary><strong>Maak je bestelling compleet!<\/strong><\/summary>\n<p>Zie je dat je meerdere artikelen mag bestellen en heb je die producten ook echt nodig? <strong>Plaats je bestelling dan in \u00e9\u00e9n keer<\/strong> en niet in twee of meerdere losse bestellingen op dezelfde dag. Zo beperken we de handling- en verzendkosten \u00e9n wordt je bestelling sneller en effici\u00ebnter verwerkt.<\/p>\n<\/details>\n\n\n\n<h2 class=\"wp-block-heading\">Vragen rondom bestellen<\/h2>\n\n\n\n<details class=\"wp-block-details is-layout-flow wp-block-details-is-layout-flow\"><summary><strong>Wat is Wiltec Online?<\/strong><\/summary>\n<p>Wiltec Online is het online platform van Wiltec waar jij zelf jouw Schenk bedrijfskleding en -schoenen kunt bestellen.<\/p>\n<\/details>\n\n\n\n<div class=\"wp-block-group\"><div class=\"wp-block-group__inner-container is-layout-constrained wp-block-group-is-layout-constrained\">\n<div class=\"wp-block-group\"><div class=\"wp-block-group__inner-container is-layout-constrained wp-block-group-is-layout-constrained\">\n<details class=\"wp-block-details is-layout-flow wp-block-details-is-layout-flow\"><summary><strong>Ik kan niet inloggen op Wiltec Online. Wat moet ik doen?<\/strong><\/summary>\n<p>Ga naar <a href=\"http:\/\/www.wilteconline.nl\/schenk\">www.wilteconline.nl\/schenk<\/a> . Dan kom je rechtstreeks op het Schenk bestelportaal bij Wiltec Online. Hier log je in met jouw Schenk emailadres en wachtwoord.<br><br>Log je voor het eerst in? Vul dan als gebruikersnaam je <strong>Schenk emailadres<\/strong> in en klik op <strong>Wachtwoord vergeten<\/strong>.<br>Je ontvangt vervolgens in je mailbox een eenmalig wachtwoord waarmee je kunt inloggen.<br>Bij de eerste keer inloggen word je gevraagd om direct een nieuw wachtwoord aan te maken. Onthoud dit goed voor toekomstig gebruik.<\/p>\n\n\n\n<p>Om veiligheidsredenen en goede beheersbaarheid is ervoor gekozen dat het <strong>alleen<\/strong> mogelijk is je bedrijfskleding in het portaal te bestellen met jouw eigen zakelijke Schenk e-mailadres.&nbsp;<br><br><strong>Heb je jouw Schenk emailadres nog niet geactiveerd of lukt inloggen niet?<\/strong><\/p>\n\n\n\n<p>Neem dan contact op met de Schenk IT Servicedesk. Dat kan:<\/p>\n\n\n\n<p>of telefonisch. Hier vind je de telefoonnummers en de openingstijden van de servicedesks:<br><br><strong>Servicedesk NL (BeNeLux) &#8211; <\/strong>&nbsp;Tel: +31 78 30 36 360<br>Bereikbaar van maandag t\/m vrijdag, 08:00 \u2013 18:00 uur<br><br><strong>Servicedesk DE&nbsp; <\/strong>Tel<strong>: <\/strong>+49 209 88001 115<br>Bereikbaar van maandag t\/m vrijdag, 07:00 \u2013 17:00 uur<\/p>\n\n\n\n<p>via de mail:&nbsp;<a href=\"mailto:ict_servicedesk@schenk-tanktransport.eu\">ict_servicedesk@schenk-tanktransport.eu<\/a>&nbsp;<\/p>\n<\/details>\n<\/div><\/div>\n<\/div><\/div>\n\n\n\n<details class=\"wp-block-details is-layout-flow wp-block-details-is-layout-flow\"><summary><strong>Ik wil mijn gegevens in het portaal aanpassen, hoe doe ik dat?<br><\/strong><\/summary>\n<p>Ontdek jij een fout in jouw gegevens? Neem hiervoor contact op met de afdeling HR van Schenk op jouw locatie, zodat zij in ons personeel-systeem eventueel benodigde aanpassingen kunnen doorvoeren.<\/p>\n<\/details>\n\n\n\n<details class=\"wp-block-details is-layout-flow wp-block-details-is-layout-flow\"><summary><strong>Ik heb \u00e9\u00e9n of meerdere artikelen met spoed nodig. Wat moet ik doen?<\/strong><\/summary>\n<p>Het kan voorkomen dat je een essentieel artikel met spoed nodig hebt.<\/p>\n\n\n\n<ol class=\"wp-block-list\">\n<li>Plaats dan eerst je bestelling via Wiltec Online zoals je gewend bent.<\/li>\n\n\n\n<li><strong>Bel<\/strong> vervolgens met Wiltec via 0413 &#8211; 2444 24 om je spoedorder door te geven, en bespreek samen de mogelijkheden.<\/li>\n<\/ol>\n<\/details>\n\n\n\n<details class=\"wp-block-details is-layout-flow wp-block-details-is-layout-flow\"><summary><strong>Ik wil een artikel bestellen maar deze staat niet in mijn bestellijst. Wat moet ik doen?<\/strong><\/summary>\n<p>De Schenk kledingpakketten in Wiltec Online zijn door Schenk i.s.m. Wiltec\u2019s productspecialisten zorgvuldig samengesteld om iedere collega in elke discipline veilig en comfortabel zijn\/haar werkzaamheden uit te kunnen laten uitvoeren. In onze HR systemen sta jij gekoppeld aan het werk wat jij doet. Op basis van die gegevens koppelen we je automatisch aan het juiste pakket kleding en schoenen.<\/p>\n\n\n\n<p>Sta je toch niet gekoppeld aan het juiste pakket voor jouw werk of ontbreekt er een artikel aan jouw selectie omdat je bijvoorbeeld specialistische werkzaamheden hebt? Neem dan contact op met het PPE-team op jouw locatie. Indien jouw verzoek wordt goedgekeurd zal het artikel in Wiltec Online geplaatst worden, waarna je het artikel alsnog kunt bestellen.<\/p>\n\n\n\n<p>Contactgegevens PPE team per locatie:<\/p>\n\n\n\n<p><strong>DE:<\/strong> <a href=\"mailto:PPE-DE@schenk-tanktransport.eu\">PPE-DE@schenk-tanktransport.eu<\/a><\/p>\n\n\n\n<p><strong>Nederland:<\/strong> <a href=\"mailto:ppe@schenk-tanktransport.eu\">ppe@schenk-tanktransport.eu<\/a><\/p>\n\n\n\n<p><strong>BELUX:<\/strong> <a href=\"mailto:PPE-BELUX@schenk-tanktransport.eu\">PPE-BELUX@schenk-tanktransport.eu<\/a><\/p>\n<\/details>\n\n\n\n<h2 class=\"wp-block-heading\">Bestelrechten<\/h2>\n\n\n\n<details class=\"wp-block-details is-layout-flow wp-block-details-is-layout-flow\"><summary><strong>Hoe zijn de maximale aantallen per product(groep) bepaald?<\/strong><\/summary>\n<p>Iedereen krijgt een pakket met werkkleding passend bij zijn of haar werk. Een uitgebreide delegatie van Schenk en Wiltec heeft gekeken naar de juiste samenstelling en het aantal kledingstukken dat je nodig hebt. De samenstelling van de pakketten is gebaseerd op de jarenlange ervaring van Wiltec, waarbij rekening is gehouden met de wascyclus en levensduur van de werkkleding.<\/p>\n<\/details>\n\n\n\n<details class=\"wp-block-details is-layout-flow wp-block-details-is-layout-flow\"><summary><strong>Geen saldo, toch een artikel nodig?<\/strong><\/summary>\n<p>Heb jij nog geen recht op een nieuw artikel, maar heb je vanwege bijvoorbeeld onvoorziene slijtage toch een nieuw artikel nodig? Mail dan jouw aanvraag naar jouw ppe team &nbsp;op het volgende mailadres:<\/p>\n\n\n\n<p>Nederland: <a href=\"mailto:ppe@schenk-tanktransport.eu\">ppe@schenk-tanktransport.eu<\/a> &#8211;<\/p>\n\n\n\n<p>BELUX: <a href=\"mailto:PPE-BELUX@schenk-tanktransport.eu\">PPE-BELUX@schenk-tanktransport.eu<\/a> &#8211;<\/p>\n\n\n\n<p>DE: <a href=\"mailto:PPE-DE@schenk-tanktransport.eu\">PPE-DE@schenk-tanktransport.eu<\/a><\/p>\n\n\n\n<p>Jouw bestelling wordt dan beoordeeld door een interne fiatteur binnen Schenk. Bij een positieve beoordeling door de Schenk fiatteur neemt Wiltec de bestelling in behandeling.<\/p>\n<\/details>\n\n\n\n<h2 class=\"wp-block-heading\">Maatbepaling<\/h2>\n\n\n\n<details class=\"wp-block-details is-layout-flow wp-block-details-is-layout-flow\"><summary><strong>Hoe weet ik of ik de juiste maat bestel?<\/strong><\/summary>\n<p>Met de overgang naar Wiltec stappen we over op een geheel nieuwe productlijn van een andere leverancier. Zoals je weet van als je zelf ergens kleding koopt, verschillen maten per merk. Dat is ook hier het geval. Om de overgang zo soepel mogelijk te maken heeft het team van Wiltec de maten van alle artikelen van onze oude leverancier vergeleken met de maten van de nieuwe kledinglijnen.<\/p>\n\n\n\n<p>Als je inlogt zie je (in de meeste gevallen) een voorstel voor een maat staan bij ieder artikel gebaseerd op die meetsessie van Wiltec. MAAR\u2026..<\/p>\n\n\n\n<ul class=\"wp-block-list\">\n<li>Bestel je een artikel voor de eerste keer of is het lang geleden, meet jezelf dan goed op en verzeker je ervan dat je de juiste maat kiest! Zo voorkomen we onnodige tijdrovende en kostbare retourstromen en heb jij het snelst jouw juiste maat in huis.\n<ul class=\"wp-block-list\">\n<li><strong>NIEUW<\/strong>: De nieuwe collectie bevat ook <strong><u>broeken in<\/u><\/strong> <strong>lengtematen<\/strong>. Binnen de beschikbare breedte en lengtematen van kort tot lang, kunnen we iedereen voorzien van een perfect passende broek. Maak hier gebruik van!<\/li>\n<\/ul>\n<\/li>\n<\/ul>\n\n\n\n<p><strong>NB &gt;&gt;&gt;&gt; <\/strong>Dat betekent wel dat we geen vermaak-service meer aanbieden en\/of vermaak-kosten vergoeden.<\/p>\n\n\n\n<p>Vind jouw perfecte lengtemaat met behulp van de informatie in het portaal.<\/p>\n\n\n\n<p>Bij voorkeur meet je jezelf op aan de hand&nbsp;van de maattabellen. Wil je passen in Papendrecht? Dan is dat mogelijk, maar alleen op afspraak. Neem hiervoor contact op met het PPE team op <a href=\"mailto:ppe@schenk-tanktransport.eu\">ppe@schenk-tanktransport.eu<\/a><\/p>\n<\/details>\n\n\n\n<h2 class=\"wp-block-heading\">Leveringen<\/h2>\n\n\n\n<details class=\"wp-block-details is-layout-flow wp-block-details-is-layout-flow\"><summary><strong>Wanneer wordt mijn bestelling geleverd?<\/strong><\/summary>\n<p>Voor Schenk houdt Wiltec eigen voorraad aan.<\/p>\n\n\n\n<ul class=\"wp-block-list\">\n<li>Artikelen uit deze voorraad worden binnen 5 werkdagen geleverd.<\/li>\n\n\n\n<li>Overige artikelen leveren wij doorgaans binnen 15 werkdagen.<\/li>\n\n\n\n<li>Bestellingen voor Schenk worden dagelijks verzonden.<\/li>\n\n\n\n<li>Bestellingen worden aan huis geleverd door DHL.<\/li>\n\n\n\n<li>Leveringen vinden plaats tussen 08:00 en 17:00 uur.<\/li>\n<\/ul>\n\n\n\n<p>Bestellingen worden bij voorkeur in \u00e9\u00e9n keer compleet geleverd. Op verzoek kan een bestelling in delen geleverd worden.<br><br><strong>Let op: tijdelijke langere levertijd<\/strong><br>In de eerste weken na de start op <strong>15 oktober<\/strong>&nbsp;kan de levertijd tijdelijk langer zijn i.v.m. het opbouwen van de <strong>bedrukte voorraad.<\/strong><\/p>\n\n\n\n<p>We verwachten midden tot eind november de volledige voorraden op orde te hebben. In die eerste periode geldt een <strong>levertijd van maximaal 15 werkdagen<\/strong>. Na deze periode leveren wij <strong>binnen 5 werkdagen<\/strong>.&nbsp;<\/p>\n\n\n\n<p>Bedankt voor je begrip! &nbsp;<\/p>\n<\/details>\n\n\n\n<details class=\"wp-block-details is-layout-flow wp-block-details-is-layout-flow\"><summary><strong>Waar wordt mijn bestelling geleverd?<\/strong><\/summary>\n<p>Alle bestellingen worden afgeleverd op huisadres. Jouw huisadres staat al voor je ingevuld. Klopt het adres niet, neem dan contact op jouw HR afdeling.<\/p>\n<\/details>\n\n\n\n<details class=\"wp-block-details is-layout-flow wp-block-details-is-layout-flow\"><summary><strong>Welke bezorger levert mijn bestelling?<\/strong><\/summary>\n<p>Jouw bestelling wordt afgeleverd door transporteur DHL.<strong><br><br><\/strong><\/p>\n<\/details>\n\n\n\n<details class=\"wp-block-details is-layout-flow wp-block-details-is-layout-flow\"><summary><strong>Kan ik mijn bestelling volgen via track &amp; trace?<\/strong><\/summary>\n<p>Dit kan. Op het e-mailadres geregistreerd in jouw account op Wiltec Online ontvang je vanuit DHL een e-mail met track &amp; trace link zodra jouw bestelling bij Wiltec is verzonden.<\/p>\n<\/details>\n\n\n\n<details class=\"wp-block-details is-layout-flow wp-block-details-is-layout-flow\"><summary><strong>Mijn pakket wordt geleverd maar ik ben niet thuis, wat nu?<\/strong><\/summary>\n<p>Zodra je bestelling door Wiltec is verzonden, ontvang je van DHL een e-mail met een track &amp; trace-link. Via deze link kun je eenvoudig volgen wanneer je pakket wordt bezorgd.<\/p>\n\n\n\n<p>Wil je het bezorgmoment aanpassen? Doe dit dan zo snel mogelijk. Zodra je pakket onderweg is met de chauffeur, kun je geen wijzigingen meer doorvoeren. Je kunt doorgaans een nieuw tijdslot kiezen op dezelfde of volgende werkdag.<\/p>\n\n\n\n<p>Liever afhalen bij een DHL-servicepunt? Dat kan ook! Je pakket blijft daar nog 5 dagen voor je klaarliggen. Kun je het pakket zelf niet ophalen? Geen probleem \u2014 iemand anders kan het pakket namens jou meenemen met de per mail ontvangen QR-code.<\/p>\n\n\n\n<p>In Nederland, Luxemburg en Belgi\u00eb kun je jouw pakket ook bij de buren af laten leveren. In Duitsland is dit helaas niet mogelijk.<\/p>\n<\/details>\n\n\n\n<h2 class=\"wp-block-heading\">Ruilen\/retourneren<\/h2>\n\n\n\n<details class=\"wp-block-details is-layout-flow wp-block-details-is-layout-flow\"><summary><strong>Ik wil een bestelling retourneren of ruilen. Wat moet ik doen?<\/strong><\/summary>\n<p>Per 22 december 2025 passen we het retourproces aan.<\/p>\n\n\n\n<p>Onder bepaalde voorwaarden kun jij jouw bestelling retourneren of ruilen. Het artikel:<\/p>\n\n\n\n<ul class=\"wp-block-list\">\n<li>heeft een leverdatum van maximaal 1 maand terug<\/li>\n\n\n\n<li>is ongebruikt. Het artikel is in verkoopbare staat<\/li>\n\n\n\n<li>wordt geretourneerd in de originele verpakking<\/li>\n\n\n\n<li>is niet vermaakt of op maat gemaakt (maatforc\u00e9)<\/li>\n<\/ul>\n\n\n\n<p>Voldoet jouw retour\/ruiling aan bovenstaande voorwaarden, vraag dan zelf een retourzending aan in het Wiltec Online Bestelportal.<\/p>\n\n\n\n<p><strong>Hoe vraag ik een retour aan?<\/strong><\/p>\n\n\n\n<p><strong>Stap 1:<\/strong> Klik links in het keuzemenu op <strong>Bestellingen &gt; Registreer retour &gt; Voor mijzelf<\/strong>.<br><strong>Stap 2: <\/strong>Klik op <strong>Ophalen<\/strong>.<br><strong>Stap 3:<\/strong> Klik op een willekeurig artikel binnen de bestelling waarvan je \u00e9\u00e9n of meerdere artikelen wilt retourneren.<\/p>\n\n\n\n<p><strong>Stap 4:<\/strong> Vul per artikel het aantal in dat je wilt terugsturen en de reden voor je retour.<br><strong>Stap 5:<\/strong> Klik op <strong>Bevestigen<\/strong>.<br><strong>Stap 6: <\/strong>De retour is daadwerkelijk aangevraagd als je een bestelcode op je beeldscherm ziet. Ook ontvang je een bevestiging van je retouraanvraag per e-mail.<\/p>\n\n\n\n<p><strong>Stap 7: <\/strong>Wiltec beoordeelt jouw retouraanvraag binnen 5 werkdagen.<\/p>\n\n\n\n<p><strong>Stap 8: <\/strong>Indien jouw retour aan de voorwaarden voldoet ontvang je een retourformulier per e-mail waarmee je de artikel(en) kunt retourneren. Je ontvangt je saldo terug in je account en kan desgewenst een nieuwe bestelling plaatsen. Voldoet de retour niet aan de voorwaarden dan ontvang je daar bericht over.<\/p>\n\n\n\n<p>LET OP:<\/p>\n\n\n\n<ul class=\"wp-block-list\">\n<li>Betreft het een klacht, meldt dit dan bij het PPE-team en wacht op een terugkoppeling en verdere instructies.<\/li>\n<\/ul>\n\n\n\n<p><strong><u>We vragen jullie aandacht voor het zorgvuldig bestellen en vooral het zorgvuldig opmeten van jouw maat v\u00f3\u00f3r je bestelt. Zo voorkomen we onnodige, tijdrovende en kostbare retouren.<\/u><\/strong><\/p>\n<\/details>\n\n\n\n<h2 class=\"wp-block-heading\">Klachten<\/h2>\n\n\n\n<details class=\"wp-block-details is-layout-flow wp-block-details-is-layout-flow\"><summary><strong>Mijn bestelling is niet compleet\/correct, wat nu?<\/strong><\/summary>\n<p>Controleer bij ontvangst altijd goed of de artikelen in de doos overeenkomen met de artikelen op de pakbon. (LET OP: Is het artikel dat je besteld niet op voorraad en wordt dat nageleverd dat staat dat op de pakbon met de tekst \u2018backorder\u2019 Dit betekent dat jouw artikel wordt nageleverd en dat het dus klopt dat ie niet bij deze levering zit).<\/p>\n\n\n\n<p>Klopt jouw levering niet, meld dit dan bij jouw PPE-team.<\/p>\n\n\n\n<p>&nbsp;Contactgegevens PPE team per locatie:<\/p>\n\n\n\n<ul class=\"wp-block-list\">\n<li>Nederland: <a href=\"mailto:ppe@schenk-tanktransport.eu\">ppe@schenk-tanktransport.eu<\/a><\/li>\n\n\n\n<li>BELUX: <a href=\"mailto:PPE-BELUX@schenk-tanktransport.eu\">PPE-BELUX@schenk-tanktransport.eu<\/a><\/li>\n\n\n\n<li>DE: <a href=\"mailto:PPE-DE@schenk-tanktransport.eu\">PPE-DE@schenk-tanktransport.eu<\/a><\/li>\n<\/ul>\n\n\n\n<p>Zij nemen contact op met Wiltec.<\/p>\n<\/details>\n\n\n\n<details class=\"wp-block-details is-layout-flow wp-block-details-is-layout-flow\"><summary><strong>Ik heb een vraag of klacht over mijn bedrijfskleding en\/of schoenen. Waar kan ik terecht?<\/strong><\/summary>\n<p>Hiervoor kun je terecht bij jouw PPE team. Zij nemen indien nodig contact op met Wiltec.&nbsp;<\/p>\n\n\n\n<p>Contactgegevens PPE team per locatie:<\/p>\n\n\n\n<p>DE: <a href=\"mailto:PPE-DE@schenk-tanktransport.eu\">PPE-DE@schenk-tanktransport.eu<\/a><\/p>\n\n\n\n<p>Nederland: <a href=\"mailto:ppe@schenk-tanktransport.eu\">ppe@schenk-tanktransport.eu<\/a><\/p>\n\n\n\n<p>BELUX: <a href=\"mailto:PPE-BELUX@schenk-tanktransport.eu\">PPE-BELUX@schenk-tanktransport.eu<\/a><\/p>\n<\/details>\n\n\n\n<h2 class=\"wp-block-heading\">Contact<\/h2>\n\n\n\n<details class=\"wp-block-details is-layout-flow wp-block-details-is-layout-flow\"><summary><strong>Hoe kan ik Wiltec bereiken?<\/strong><\/summary>\n<p>Contact met Wiltec verloopt via jouw PPE team. Zij nemen indien nodig contact op met Wiltec.&nbsp;<\/p>\n\n\n\n<p>Contactgegevens PPE team per locatie:<\/p>\n\n\n\n<p>DE: <a href=\"mailto:PPE-DE@schenk-tanktransport.eu\">PPE-DE@schenk-tanktransport.eu<\/a><\/p>\n\n\n\n<p>Nederland: <a href=\"mailto:ppe@schenk-tanktransport.eu\">ppe@schenk-tanktransport.eu<\/a><\/p>\n\n\n\n<p>BELUX: <a href=\"mailto:PPE-BELUX@schenk-tanktransport.eu\">PPE-BELUX@schenk-tanktransport.eu<\/a><\/p>\n<\/details>\n","protected":false},"excerpt":{"rendered":"<p>Heb je vragen over het kledingpakket zelf? Klik dan hier! Hoe bestel ik mijn bedrijfskleding? [&hellip;]<\/p>\n","protected":false},"author":38,"featured_media":0,"parent":0,"menu_order":0,"comment_status":"closed","ping_status":"closed","template":"","meta":{"_acf_changed":false,"editor_notices":[],"footnotes":""},"class_list":["post-2534","page","type-page","status-publish","hentry"],"acf":{"contactpersoon_related_titel":"Questions about this vacancy?","contactpersoon_related_content":"Lorem ipsum dolor sit amet, consectetur adipiscing elit. Curabitur aliquam vitae dolor at eleifend. Sed et dignissim est. Aliquam in dolor finibus, commodo quam vitae, aliquet justo.","contactpersoon_related":""},"yoast_head":"<!-- This site is optimized with the Yoast SEO plugin v27.3 - https:\/\/yoast.com\/product\/yoast-seo-wordpress\/ -->\n<title>Veelgestelde vragen over Schenk Bedrijfskleding Online Bestelportaal - Schenk Tanktransport (nl)<\/title>\n<meta name=\"robots\" content=\"index, follow, max-snippet:-1, max-image-preview:large, max-video-preview:-1\" \/>\n<link rel=\"canonical\" href=\"https:\/\/www.schenk-tanktransport.com\/nl\/veelgestelde-vragen-over-schenk-bedrijfskleding-online-bestelportaal\/\" \/>\n<meta property=\"og:locale\" content=\"nl_NL\" \/>\n<meta property=\"og:type\" content=\"article\" \/>\n<meta property=\"og:title\" content=\"Veelgestelde vragen over Schenk Bedrijfskleding Online Bestelportaal - Schenk Tanktransport (nl)\" \/>\n<meta property=\"og:description\" content=\"Heb je vragen over het kledingpakket zelf? Klik dan hier! Hoe bestel ik mijn bedrijfskleding? [&hellip;]\" \/>\n<meta property=\"og:url\" content=\"https:\/\/www.schenk-tanktransport.com\/nl\/veelgestelde-vragen-over-schenk-bedrijfskleding-online-bestelportaal\/\" \/>\n<meta property=\"og:site_name\" content=\"Schenk Tanktransport (nl)\" \/>\n<meta property=\"article:modified_time\" content=\"2025-12-09T15:17:35+00:00\" \/>\n<meta name=\"twitter:card\" content=\"summary_large_image\" \/>\n<meta name=\"twitter:label1\" content=\"Geschatte leestijd\" \/>\n\t<meta name=\"twitter:data1\" content=\"10 minuten\" \/>\n<script type=\"application\/ld+json\" class=\"yoast-schema-graph\">{\"@context\":\"https:\\\/\\\/schema.org\",\"@graph\":[{\"@type\":\"WebPage\",\"@id\":\"https:\\\/\\\/www.schenk-tanktransport.com\\\/nl\\\/veelgestelde-vragen-over-schenk-bedrijfskleding-online-bestelportaal\\\/\",\"url\":\"https:\\\/\\\/www.schenk-tanktransport.com\\\/nl\\\/veelgestelde-vragen-over-schenk-bedrijfskleding-online-bestelportaal\\\/\",\"name\":\"Veelgestelde vragen over Schenk Bedrijfskleding Online Bestelportaal - Schenk Tanktransport (nl)\",\"isPartOf\":{\"@id\":\"https:\\\/\\\/www.schenk-tanktransport.com\\\/nl\\\/#website\"},\"datePublished\":\"2025-10-10T12:35:37+00:00\",\"dateModified\":\"2025-12-09T15:17:35+00:00\",\"inLanguage\":\"nl-NL\",\"potentialAction\":[{\"@type\":\"ReadAction\",\"target\":[\"https:\\\/\\\/www.schenk-tanktransport.com\\\/nl\\\/veelgestelde-vragen-over-schenk-bedrijfskleding-online-bestelportaal\\\/\"]}]},{\"@type\":\"WebSite\",\"@id\":\"https:\\\/\\\/www.schenk-tanktransport.com\\\/nl\\\/#website\",\"url\":\"https:\\\/\\\/www.schenk-tanktransport.com\\\/nl\\\/\",\"name\":\"Schenk Tanktransport (nl)\",\"description\":\"transport van brandstoffen, smeeroli\u00ebn, LPG, industri\u00eble gassen, LNG, bitumen en chemicali\u00ebn\",\"potentialAction\":[{\"@type\":\"SearchAction\",\"target\":{\"@type\":\"EntryPoint\",\"urlTemplate\":\"https:\\\/\\\/www.schenk-tanktransport.com\\\/nl\\\/?s={search_term_string}\"},\"query-input\":{\"@type\":\"PropertyValueSpecification\",\"valueRequired\":true,\"valueName\":\"search_term_string\"}}],\"inLanguage\":\"nl-NL\"}]}<\/script>\n<!-- \/ Yoast SEO plugin. -->","yoast_head_json":{"title":"Veelgestelde vragen over Schenk Bedrijfskleding Online Bestelportaal - Schenk Tanktransport (nl)","robots":{"index":"index","follow":"follow","max-snippet":"max-snippet:-1","max-image-preview":"max-image-preview:large","max-video-preview":"max-video-preview:-1"},"canonical":"https:\/\/www.schenk-tanktransport.com\/nl\/veelgestelde-vragen-over-schenk-bedrijfskleding-online-bestelportaal\/","og_locale":"nl_NL","og_type":"article","og_title":"Veelgestelde vragen over Schenk Bedrijfskleding Online Bestelportaal - Schenk Tanktransport (nl)","og_description":"Heb je vragen over het kledingpakket zelf? Klik dan hier! Hoe bestel ik mijn bedrijfskleding? [&hellip;]","og_url":"https:\/\/www.schenk-tanktransport.com\/nl\/veelgestelde-vragen-over-schenk-bedrijfskleding-online-bestelportaal\/","og_site_name":"Schenk Tanktransport (nl)","article_modified_time":"2025-12-09T15:17:35+00:00","twitter_card":"summary_large_image","twitter_misc":{"Geschatte leestijd":"10 minuten"},"schema":{"@context":"https:\/\/schema.org","@graph":[{"@type":"WebPage","@id":"https:\/\/www.schenk-tanktransport.com\/nl\/veelgestelde-vragen-over-schenk-bedrijfskleding-online-bestelportaal\/","url":"https:\/\/www.schenk-tanktransport.com\/nl\/veelgestelde-vragen-over-schenk-bedrijfskleding-online-bestelportaal\/","name":"Veelgestelde vragen over Schenk Bedrijfskleding Online Bestelportaal - Schenk Tanktransport (nl)","isPartOf":{"@id":"https:\/\/www.schenk-tanktransport.com\/nl\/#website"},"datePublished":"2025-10-10T12:35:37+00:00","dateModified":"2025-12-09T15:17:35+00:00","inLanguage":"nl-NL","potentialAction":[{"@type":"ReadAction","target":["https:\/\/www.schenk-tanktransport.com\/nl\/veelgestelde-vragen-over-schenk-bedrijfskleding-online-bestelportaal\/"]}]},{"@type":"WebSite","@id":"https:\/\/www.schenk-tanktransport.com\/nl\/#website","url":"https:\/\/www.schenk-tanktransport.com\/nl\/","name":"Schenk Tanktransport (nl)","description":"transport van brandstoffen, smeeroli\u00ebn, LPG, industri\u00eble gassen, LNG, bitumen en chemicali\u00ebn","potentialAction":[{"@type":"SearchAction","target":{"@type":"EntryPoint","urlTemplate":"https:\/\/www.schenk-tanktransport.com\/nl\/?s={search_term_string}"},"query-input":{"@type":"PropertyValueSpecification","valueRequired":true,"valueName":"search_term_string"}}],"inLanguage":"nl-NL"}]}},"_links":{"self":[{"href":"https:\/\/www.schenk-tanktransport.com\/nl\/wp-json\/wp\/v2\/pages\/2534","targetHints":{"allow":["GET"]}}],"collection":[{"href":"https:\/\/www.schenk-tanktransport.com\/nl\/wp-json\/wp\/v2\/pages"}],"about":[{"href":"https:\/\/www.schenk-tanktransport.com\/nl\/wp-json\/wp\/v2\/types\/page"}],"author":[{"embeddable":true,"href":"https:\/\/www.schenk-tanktransport.com\/nl\/wp-json\/wp\/v2\/users\/38"}],"replies":[{"embeddable":true,"href":"https:\/\/www.schenk-tanktransport.com\/nl\/wp-json\/wp\/v2\/comments?post=2534"}],"version-history":[{"count":18,"href":"https:\/\/www.schenk-tanktransport.com\/nl\/wp-json\/wp\/v2\/pages\/2534\/revisions"}],"predecessor-version":[{"id":2713,"href":"https:\/\/www.schenk-tanktransport.com\/nl\/wp-json\/wp\/v2\/pages\/2534\/revisions\/2713"}],"wp:attachment":[{"href":"https:\/\/www.schenk-tanktransport.com\/nl\/wp-json\/wp\/v2\/media?parent=2534"}],"curies":[{"name":"wp","href":"https:\/\/api.w.org\/{rel}","templated":true}]}}