{"id":271,"date":"2024-03-13T11:27:54","date_gmt":"2024-03-13T10:27:54","guid":{"rendered":"https:\/\/www.schenk-tanktransport.com\/?page_id=271"},"modified":"2026-03-27T10:53:27","modified_gmt":"2026-03-27T09:53:27","slug":"over-schenk","status":"publish","type":"page","link":"https:\/\/www.schenk-tanktransport.com\/nl\/over-schenk\/","title":{"rendered":"Over Schenk"},"content":{"rendered":"\n<p class=\"col-md-10 offset-md-1\"><strong>Wij zijn Schenk. Als toonaangevend internationaal tanktransportbedrijf richten we ons op het leveren van topkwaliteit, het verkennen van nieuwe markten en het uitbreiden naar opkomende niches. Met meer dan 2.600 specialisten in onze operaties en kantoren in vijf landen, navigeren we moeiteloos door de uitdagingen van de Europese industrie.<\/strong><\/p>\n\n\n\n<p class=\"col-md-10 offset-md-1\">Onze werkwijze is gebaseerd op een vooruitstrevende aanpak waarin veiligheid vooropstaat, uitstekende prestaties onze belofte aan de klant zijn, een lerende organisatie de norm is en duurzaamheid onze verantwoordelijkheid. Deze principes helpen ons om langdurige samenwerkingen met onze partners op te bouwen, die zich over vele decennia uitstrekken en de hoge kwaliteit van onze dienstverlening waarborgen.<\/p>\n\n\n\n<div style=\"height:66px\" aria-hidden=\"true\" class=\"wp-block-spacer\"><\/div>\n\n\n\n<div class=\"wp-block-columns col-md-10 offset-md-1 is-layout-flex wp-container-core-columns-is-layout-9d6595d7 wp-block-columns-is-layout-flex\">\n<div class=\"wp-block-column is-layout-flow wp-block-column-is-layout-flow\">\n<figure class=\"wp-block-image size-large\"><img decoding=\"async\" src=\"https:\/\/www.schenk-tanktransport.com\/wp-content\/uploads\/2024\/03\/Afbeelding-Gasses-1024x683.jpg\" alt=\"\" class=\"wp-image-1577\" \/><\/figure>\n<\/div>\n\n\n\n<div class=\"wp-block-column is-layout-flow wp-block-column-is-layout-flow\">\n<p><strong>Onze toewijding aan veiligheid<\/strong><\/p>\n\n\n\n<p>Verantwoordelijkheid nemen staat centraal in alles wat we doen\u2014dag en nacht, overal. Veiligheid heeft voor ons de hoogste prioriteit, en als we niet veilig kunnen werken, stoppen we het werk. Onze toewijding aan veiligheid geldt niet alleen voor ons team en de mensen met wie we samenwerken, maar ook voor onze gehele vloot.<\/p>\n<\/div>\n<\/div>\n\n\n\n<div style=\"height:100px\" aria-hidden=\"true\" class=\"wp-block-spacer\"><\/div>\n\n\n\n<div class=\"wp-block-columns col-md-10 offset-md-1 is-layout-flex wp-container-core-columns-is-layout-9d6595d7 wp-block-columns-is-layout-flex\">\n<div class=\"wp-block-column is-layout-flow wp-block-column-is-layout-flow\">\n<figure class=\"wp-block-image size-full\"><img decoding=\"async\" src=\"https:\/\/www.schenk-tanktransport.com\/wp-content\/uploads\/2024\/05\/2021_06_LNG_Bernard-Riphagen_B0010030_LQ-scaled.jpg\" alt=\"\" class=\"wp-image-1334\" style=\"aspect-ratio:3\/2;object-fit:cover\" \/><\/figure>\n<\/div>\n\n\n\n<div class=\"wp-block-column is-layout-flow wp-block-column-is-layout-flow\">\n<p><strong>Diepgaande kennis<\/strong><\/p>\n\n\n\n<p>Wij rijden met een moderne vloot die is uitgerust met de nieuwste technologie\u00ebn, zodat elke rit voldoet aan de hoogste veiligheidsnormen en de beste oplossingen voor onze klanten biedt. Door onze diepgaande kennis, het delen van ervaringen, continu leren en het gebruik van geavanceerde apparatuur, werken we aan een toekomst waarin veilig transport de standaard is.<\/p>\n<\/div>\n<\/div>\n\n\n\n<div style=\"height:100px\" aria-hidden=\"true\" class=\"wp-block-spacer\"><\/div>\n\n\n\n<div class=\"wp-block-columns col-md-10 offset-md-1 is-layout-flex wp-container-core-columns-is-layout-9d6595d7 wp-block-columns-is-layout-flex\">\n<div class=\"wp-block-column is-layout-flow wp-block-column-is-layout-flow\">\n<figure class=\"wp-block-image size-large\"><img loading=\"lazy\" decoding=\"async\" width=\"1024\" height=\"597\" src=\"https:\/\/www.schenk-tanktransport.com\/nl\/wp-content\/uploads\/sites\/5\/2024\/09\/slide-4-1024x597.jpg\" alt=\"\" class=\"wp-image-1174\" style=\"aspect-ratio:3\/2;object-fit:cover\" srcset=\"https:\/\/www.schenk-tanktransport.com\/nl\/wp-content\/uploads\/sites\/5\/2024\/09\/slide-4-1024x597.jpg 1024w, https:\/\/www.schenk-tanktransport.com\/nl\/wp-content\/uploads\/sites\/5\/2024\/09\/slide-4-300x175.jpg 300w, https:\/\/www.schenk-tanktransport.com\/nl\/wp-content\/uploads\/sites\/5\/2024\/09\/slide-4-768x448.jpg 768w, https:\/\/www.schenk-tanktransport.com\/nl\/wp-content\/uploads\/sites\/5\/2024\/09\/slide-4.jpg 1200w\" sizes=\"auto, (max-width: 1024px) 100vw, 1024px\" \/><\/figure>\n<\/div>\n\n\n\n<div class=\"wp-block-column is-layout-flow wp-block-column-is-layout-flow\">\n<p><strong>De geschiedenis van Schenk Tanktransport<\/strong><\/p>\n\n\n\n<p>Schenk is een trots familiebedrijf, opgericht in 1925, dat aanvankelijk gespecialiseerd was in het vervoer van zand en grind. Onder leiding van Harry en Arjan Schenk werd in 1980 de focus volledig verlegd naar tanktransport, waarmee het bedrijf zich als betrouwbare speler in deze sector vestigde. In 2024, met het oog op de toekomst en het ontbreken van een opvolger binnen de familie, is besloten om op zoek te gaan naar nieuw leiderschap. Met de komst van de nieuwe CEO, Marcel Claessen, begint een nieuw hoofdstuk voor Schenk, waarbij de kernwaarden behouden blijven en tegelijkertijd nieuwe kansen in de markt worden omarmd.<\/p>\n<\/div>\n<\/div>\n\n\n\n<div id=\"know-more\" class=\"wp-block-group col-md-10 offset-md-1\"><div class=\"wp-block-group__inner-container is-layout-constrained wp-block-group-is-layout-constrained\">\n<hr class=\"wp-block-separator has-alpha-channel-opacity\" \/>\n\n\n\n<h2 class=\"wp-block-heading\">Neem contact op met Schenk<\/h2>\n\n\n\n<p>Heb je vragen over Schenk of ben je ge\u00efnteresseerd in carri\u00e8remogelijkheden? Neem gerust contact met ons op! We maken graag tijd voor je vrij.<\/p>\n\n\n\n<div class=\"wp-block-buttons is-layout-flex wp-block-buttons-is-layout-flex\">\n<div class=\"wp-block-button\"><a class=\"wp-block-button__link wp-element-button\" href=\"https:\/\/www.schenk-tanktransport.com\/nl\/contact\/\">Neem contact op<\/a><\/div>\n<\/div>\n<\/div><\/div>\n\n\n\n<div style=\"height:100px\" aria-hidden=\"true\" class=\"wp-block-spacer\"><\/div>\n","protected":false},"excerpt":{"rendered":"<p>Wij zijn Schenk. Als toonaangevend internationaal tanktransportbedrijf richten we ons op het leveren van topkwaliteit, [&hellip;]<\/p>\n","protected":false},"author":26,"featured_media":0,"parent":0,"menu_order":0,"comment_status":"closed","ping_status":"closed","template":"","meta":{"_acf_changed":false,"editor_notices":[],"footnotes":""},"class_list":["post-271","page","type-page","status-publish","hentry"],"acf":{"contactpersoon_related_titel":"","contactpersoon_related_content":"","contactpersoon_related":""},"yoast_head":"<!-- This site is optimized with the Yoast SEO plugin v27.3 - https:\/\/yoast.com\/product\/yoast-seo-wordpress\/ -->\n<title>Over Schenk - Schenk Tanktransport (nl)<\/title>\n<meta name=\"description\" content=\"Schenk Tanktransport: toonaangevend in tanktransport. Meer dan 2.600 specialisten, met meerdere vestigingen verdeeld over Europa, met focus op veiligheid, kwaliteit en duurzaamheid.\" \/>\n<meta name=\"robots\" content=\"index, follow, max-snippet:-1, max-image-preview:large, max-video-preview:-1\" \/>\n<link rel=\"canonical\" href=\"https:\/\/www.schenk-tanktransport.com\/nl\/over-schenk\/\" \/>\n<meta property=\"og:locale\" content=\"nl_NL\" \/>\n<meta property=\"og:type\" content=\"article\" \/>\n<meta property=\"og:title\" content=\"Over Schenk - Schenk Tanktransport (nl)\" \/>\n<meta property=\"og:description\" content=\"Schenk Tanktransport: toonaangevend in tanktransport. Meer dan 2.600 specialisten, met meerdere vestigingen verdeeld over Europa, met focus op veiligheid, kwaliteit en duurzaamheid.\" \/>\n<meta property=\"og:url\" content=\"https:\/\/www.schenk-tanktransport.com\/nl\/over-schenk\/\" \/>\n<meta property=\"og:site_name\" content=\"Schenk Tanktransport (nl)\" \/>\n<meta property=\"article:modified_time\" content=\"2026-03-27T09:53:27+00:00\" \/>\n<meta name=\"twitter:card\" content=\"summary_large_image\" \/>\n<meta name=\"twitter:label1\" content=\"Geschatte leestijd\" \/>\n\t<meta name=\"twitter:data1\" content=\"3 minuten\" \/>\n<script type=\"application\/ld+json\" class=\"yoast-schema-graph\">{\"@context\":\"https:\\\/\\\/schema.org\",\"@graph\":[{\"@type\":\"WebPage\",\"@id\":\"https:\\\/\\\/www.schenk-tanktransport.com\\\/nl\\\/over-schenk\\\/\",\"url\":\"https:\\\/\\\/www.schenk-tanktransport.com\\\/nl\\\/over-schenk\\\/\",\"name\":\"Over Schenk - Schenk Tanktransport (nl)\",\"isPartOf\":{\"@id\":\"https:\\\/\\\/www.schenk-tanktransport.com\\\/nl\\\/#website\"},\"primaryImageOfPage\":{\"@id\":\"https:\\\/\\\/www.schenk-tanktransport.com\\\/nl\\\/over-schenk\\\/#primaryimage\"},\"image\":{\"@id\":\"https:\\\/\\\/www.schenk-tanktransport.com\\\/nl\\\/over-schenk\\\/#primaryimage\"},\"thumbnailUrl\":\"https:\\\/\\\/www.schenk-tanktransport.com\\\/wp-content\\\/uploads\\\/2024\\\/03\\\/Afbeelding-Gasses-1024x683.jpg\",\"datePublished\":\"2024-03-13T10:27:54+00:00\",\"dateModified\":\"2026-03-27T09:53:27+00:00\",\"description\":\"Schenk Tanktransport: toonaangevend in tanktransport. Meer dan 2.600 specialisten, met meerdere vestigingen verdeeld over Europa, met focus op veiligheid, kwaliteit en duurzaamheid.\",\"inLanguage\":\"nl-NL\",\"potentialAction\":[{\"@type\":\"ReadAction\",\"target\":[\"https:\\\/\\\/www.schenk-tanktransport.com\\\/nl\\\/over-schenk\\\/\"]}]},{\"@type\":\"ImageObject\",\"inLanguage\":\"nl-NL\",\"@id\":\"https:\\\/\\\/www.schenk-tanktransport.com\\\/nl\\\/over-schenk\\\/#primaryimage\",\"url\":\"https:\\\/\\\/www.schenk-tanktransport.com\\\/wp-content\\\/uploads\\\/2024\\\/03\\\/Afbeelding-Gasses-1024x683.jpg\",\"contentUrl\":\"https:\\\/\\\/www.schenk-tanktransport.com\\\/wp-content\\\/uploads\\\/2024\\\/03\\\/Afbeelding-Gasses-1024x683.jpg\"},{\"@type\":\"WebSite\",\"@id\":\"https:\\\/\\\/www.schenk-tanktransport.com\\\/nl\\\/#website\",\"url\":\"https:\\\/\\\/www.schenk-tanktransport.com\\\/nl\\\/\",\"name\":\"Schenk Tanktransport (nl)\",\"description\":\"transport van brandstoffen, smeeroli\u00ebn, LPG, industri\u00eble gassen, LNG, bitumen en chemicali\u00ebn\",\"potentialAction\":[{\"@type\":\"SearchAction\",\"target\":{\"@type\":\"EntryPoint\",\"urlTemplate\":\"https:\\\/\\\/www.schenk-tanktransport.com\\\/nl\\\/?s={search_term_string}\"},\"query-input\":{\"@type\":\"PropertyValueSpecification\",\"valueRequired\":true,\"valueName\":\"search_term_string\"}}],\"inLanguage\":\"nl-NL\"}]}<\/script>\n<!-- \/ Yoast SEO plugin. -->","yoast_head_json":{"title":"Over Schenk - Schenk Tanktransport (nl)","description":"Schenk Tanktransport: toonaangevend in tanktransport. Meer dan 2.600 specialisten, met meerdere vestigingen verdeeld over Europa, met focus op veiligheid, kwaliteit en duurzaamheid.","robots":{"index":"index","follow":"follow","max-snippet":"max-snippet:-1","max-image-preview":"max-image-preview:large","max-video-preview":"max-video-preview:-1"},"canonical":"https:\/\/www.schenk-tanktransport.com\/nl\/over-schenk\/","og_locale":"nl_NL","og_type":"article","og_title":"Over Schenk - Schenk Tanktransport (nl)","og_description":"Schenk Tanktransport: toonaangevend in tanktransport. Meer dan 2.600 specialisten, met meerdere vestigingen verdeeld over Europa, met focus op veiligheid, kwaliteit en duurzaamheid.","og_url":"https:\/\/www.schenk-tanktransport.com\/nl\/over-schenk\/","og_site_name":"Schenk Tanktransport (nl)","article_modified_time":"2026-03-27T09:53:27+00:00","twitter_card":"summary_large_image","twitter_misc":{"Geschatte leestijd":"3 minuten"},"schema":{"@context":"https:\/\/schema.org","@graph":[{"@type":"WebPage","@id":"https:\/\/www.schenk-tanktransport.com\/nl\/over-schenk\/","url":"https:\/\/www.schenk-tanktransport.com\/nl\/over-schenk\/","name":"Over Schenk - Schenk Tanktransport (nl)","isPartOf":{"@id":"https:\/\/www.schenk-tanktransport.com\/nl\/#website"},"primaryImageOfPage":{"@id":"https:\/\/www.schenk-tanktransport.com\/nl\/over-schenk\/#primaryimage"},"image":{"@id":"https:\/\/www.schenk-tanktransport.com\/nl\/over-schenk\/#primaryimage"},"thumbnailUrl":"https:\/\/www.schenk-tanktransport.com\/wp-content\/uploads\/2024\/03\/Afbeelding-Gasses-1024x683.jpg","datePublished":"2024-03-13T10:27:54+00:00","dateModified":"2026-03-27T09:53:27+00:00","description":"Schenk Tanktransport: toonaangevend in tanktransport. Meer dan 2.600 specialisten, met meerdere vestigingen verdeeld over Europa, met focus op veiligheid, kwaliteit en duurzaamheid.","inLanguage":"nl-NL","potentialAction":[{"@type":"ReadAction","target":["https:\/\/www.schenk-tanktransport.com\/nl\/over-schenk\/"]}]},{"@type":"ImageObject","inLanguage":"nl-NL","@id":"https:\/\/www.schenk-tanktransport.com\/nl\/over-schenk\/#primaryimage","url":"https:\/\/www.schenk-tanktransport.com\/wp-content\/uploads\/2024\/03\/Afbeelding-Gasses-1024x683.jpg","contentUrl":"https:\/\/www.schenk-tanktransport.com\/wp-content\/uploads\/2024\/03\/Afbeelding-Gasses-1024x683.jpg"},{"@type":"WebSite","@id":"https:\/\/www.schenk-tanktransport.com\/nl\/#website","url":"https:\/\/www.schenk-tanktransport.com\/nl\/","name":"Schenk Tanktransport (nl)","description":"transport van brandstoffen, smeeroli\u00ebn, LPG, industri\u00eble gassen, LNG, bitumen en chemicali\u00ebn","potentialAction":[{"@type":"SearchAction","target":{"@type":"EntryPoint","urlTemplate":"https:\/\/www.schenk-tanktransport.com\/nl\/?s={search_term_string}"},"query-input":{"@type":"PropertyValueSpecification","valueRequired":true,"valueName":"search_term_string"}}],"inLanguage":"nl-NL"}]}},"_links":{"self":[{"href":"https:\/\/www.schenk-tanktransport.com\/nl\/wp-json\/wp\/v2\/pages\/271","targetHints":{"allow":["GET"]}}],"collection":[{"href":"https:\/\/www.schenk-tanktransport.com\/nl\/wp-json\/wp\/v2\/pages"}],"about":[{"href":"https:\/\/www.schenk-tanktransport.com\/nl\/wp-json\/wp\/v2\/types\/page"}],"author":[{"embeddable":true,"href":"https:\/\/www.schenk-tanktransport.com\/nl\/wp-json\/wp\/v2\/users\/26"}],"replies":[{"embeddable":true,"href":"https:\/\/www.schenk-tanktransport.com\/nl\/wp-json\/wp\/v2\/comments?post=271"}],"version-history":[{"count":12,"href":"https:\/\/www.schenk-tanktransport.com\/nl\/wp-json\/wp\/v2\/pages\/271\/revisions"}],"predecessor-version":[{"id":2870,"href":"https:\/\/www.schenk-tanktransport.com\/nl\/wp-json\/wp\/v2\/pages\/271\/revisions\/2870"}],"wp:attachment":[{"href":"https:\/\/www.schenk-tanktransport.com\/nl\/wp-json\/wp\/v2\/media?parent=271"}],"curies":[{"name":"wp","href":"https:\/\/api.w.org\/{rel}","templated":true}]}}