{"id":2768,"date":"2026-03-09T16:14:42","date_gmt":"2026-03-09T15:14:42","guid":{"rendered":"https:\/\/www.schenk-tanktransport.com\/nl\/?page_id=2768"},"modified":"2026-03-09T17:02:40","modified_gmt":"2026-03-09T16:02:40","slug":"schenk-versterkt-positie-in-de-dach-regio-met-de-overname-van-franz-fischer-spedition-gmbh","status":"publish","type":"page","link":"https:\/\/www.schenk-tanktransport.com\/nl\/schenk-versterkt-positie-in-de-dach-regio-met-de-overname-van-franz-fischer-spedition-gmbh\/","title":{"rendered":"Schenk versterkt positie in de DACH-regio met de overname van Franz Fischer Spedition GmbH"},"content":{"rendered":"\n<figure class=\"wp-block-image size-large\"><img loading=\"lazy\" decoding=\"async\" width=\"1024\" height=\"768\" src=\"https:\/\/www.schenk-tanktransport.com\/nl\/wp-content\/uploads\/sites\/5\/2026\/03\/2026_March_Schenk-Tanktransport-x-Franz-Fischer-GmbH-1024x768.png\" alt=\"\" class=\"wp-image-2769\" srcset=\"https:\/\/www.schenk-tanktransport.com\/nl\/wp-content\/uploads\/sites\/5\/2026\/03\/2026_March_Schenk-Tanktransport-x-Franz-Fischer-GmbH-1024x768.png 1024w, https:\/\/www.schenk-tanktransport.com\/nl\/wp-content\/uploads\/sites\/5\/2026\/03\/2026_March_Schenk-Tanktransport-x-Franz-Fischer-GmbH-300x225.png 300w, https:\/\/www.schenk-tanktransport.com\/nl\/wp-content\/uploads\/sites\/5\/2026\/03\/2026_March_Schenk-Tanktransport-x-Franz-Fischer-GmbH-768x576.png 768w, https:\/\/www.schenk-tanktransport.com\/nl\/wp-content\/uploads\/sites\/5\/2026\/03\/2026_March_Schenk-Tanktransport-x-Franz-Fischer-GmbH-1536x1152.png 1536w, https:\/\/www.schenk-tanktransport.com\/nl\/wp-content\/uploads\/sites\/5\/2026\/03\/2026_March_Schenk-Tanktransport-x-Franz-Fischer-GmbH.png 1938w\" sizes=\"auto, (max-width: 1024px) 100vw, 1024px\" \/><\/figure>\n\n\n\n<p>Papendrecht, 9 maart 2026<\/p>\n\n\n\n<h4 class=\"wp-block-heading\"><strong>Schenk Tanktransport, een van de toonaangevende tanktransportbedrijven in Noord-West-Europa, heeft Franz Fischer Spedition GmbH overgenomen, een gerenommeerde Duitse specialist in tanktransport. Met deze strategische overname breidt Schenk zijn Europese aanwezigheid verder uit en versterkt het zijn dienstverlening binnen de chemische logistiek.<br>Na de overname realiseert Schenk een omzet van circa \u20ac500 miljoen en heeft het bedrijf meer dan 2.900 medewerkers in dienst. De gezamenlijke vloot bestaat uit meer dan 1.500 trucks, 1.750 eigen trailers en 1.000 tankcontainers.<\/strong><\/h4>\n\n\n\n<p><\/p>\n\n\n\n<p>De overname versterkt Schenks marktpositie in het chemisch tanktransport in de DACH-regio aanzienlijk en sluit aan bij de strategie om te groeien in kernmarkten en gespecialiseerde productsegmenten. Franz Fischer Spedition GmbH is een familiebedrijf met meer dan 75 jaar ervaring en een sterke reputatie in het chemisch tanktransport in Duitsland en daarbuiten. De focus op veiligheid, kwaliteit en operational excellence sluit nauw aan bij de kernwaarden van Schenk.<\/p>\n\n\n\n<p>Franz Fischer Spedition GmbH is gespecialiseerd in het vervoer van vloeibare en droge bulkchemicali\u00ebn binnen continentaal Europa en het Verenigd Koninkrijk en bedient toonaangevende klanten. De sterke regionale aanwezigheid en het goed ontwikkelde Europese netwerk vormen een solide basis voor verdere groei binnen de Schenk Group, met behoud van continu\u00efteit voor bestaande klanten.<\/p>\n\n\n\n<h4 class=\"wp-block-heading\">Soepele Transitie<\/h4>\n\n\n\n<p>Het bedrijf blijft onder leiding van het huidige managementteam, onder aanvoering van algemeen directeur Franz Fischer. Dit waarborgt een soepele overgang en een ononderbroken dienstverlening voor klanten.<\/p>\n\n\n\n<p><em>\u201cWij zijn trots het team van Franz Fischer Spedition te mogen verwelkomen binnen de Schenk Group<\/em>,\u201d aldus Marcel Claessen, CEO van Schenk Tanktransport. \u201c<em>Deze overname versterkt onze positie in het chemisch wegtransport in de DACH-regio en stelt ons in staat onze krachten en expertise te bundelen. Wij hebben alle vertrouwen in Franz Fischer en zijn managementteam en kijken uit naar een nauwe samenwerking om continu\u00efteit te waarborgen, voort te bouwen op het sterke fundament van het bedrijf en onze dienstverlening in Europa en het Verenigd Koninkrijk verder te versterken. Samen zijn wij uitstekend gepositioneerd voor duurzame groei en innovatie.\u201d<\/em><\/p>\n\n\n\n<p><em>\u201cDe toetreding tot de Schenk Group markeert een belangrijke volgende fase voor ons bedrijf<\/em>,\u201d zegt Franz Fischer, algemeen directeur en eigenaar van Franz Fischer Spedition. \u201c<em>Schenk deelt onze waarden, onze focus op veiligheid en kwaliteit en onze langetermijnvisie. Deze samenwerking biedt continu\u00efteit voor onze medewerkers en klanten en<br>cre\u00ebert tegelijkertijd nieuwe kansen voor groei en ontwikkeling. Ik kijk er zeer naar uit om samen met Marcel en het Schenk-team voort te bouwen op onze sterke basis en onze gezamenlijke positie verder te versterke<\/em>n.\u201d<\/p>\n\n\n\n<h4 class=\"wp-block-heading\">Over Schenk<\/h4>\n\n\n\n<p>Schenk is een toonaangevend tanktransportbedrijf in Noord-West-Europa, gespecialiseerd in het vervoer van vloeibare voedingsmiddelen, vloeibare chemicali\u00ebn, gassen en (bio)brandstoffen. Het bedrijf heeft nu meer dan 2.900 medewerkers, realiseert een jaaromzet van circa \u20ac500 miljoen en is actief op locaties verspreid over Europa. Het hoofdkantoor is gevestigd in Papendrecht, met vestigingen in Belgi\u00eb, Luxemburg, Duitsland en het Verenigd Koninkrijk. In 2021 verwierf de onafhankelijke private-equitymaatschappij Argos een meerderheidsbelang in Schenk als onderdeel van een opvolgingsplan. Schenk blijft zowel autonoom als via gerichte overnames verder groeien<\/p>\n\n\n\n<h4 class=\"wp-block-heading\">Over Franz Fischer Spedition GmbH<\/h4>\n\n\n\n<p>Franz Fischer Spedition GmbH is een familiebedrijf met meer dan 75 jaar ervaring in het tanktransport van vloeibare en droge bulkchemicali\u00ebn binnen continentaal Europa en het Verenigd Koninkrijk. Het bedrijf heeft vestigingen in Duitsland en Zwitserland, telt meer dan 220 medewerkers en beschikt over ruim 100 trekkers, 160 trailers en 45 containers. Daarnaast beschikt het bedrijf over een eigen werkplaats en een tankreinigingsinstallatie die gecertificeerd is voor zowel chemische als voedingsmiddelenproducten.<\/p>\n\n\n\n<h2 class=\"wp-block-heading\">Voor meer informatie kunt u contact opnemen met:<\/h2>\n\n\n\n<p><strong>Marcel Claessen<\/strong><br>CEO Schenk Tanktransport<br>m.claessen@schenk-tanktransport.eu<br>+31 6 53 917 140<\/p>\n\n\n\n<p><strong>Franz Fischer<\/strong><br>Managing Director<br>F.Fischer@schenk-tanktransport.eu<br>+49 5021 9797-13<\/p>\n\n\n\n<p><\/p>\n","protected":false},"excerpt":{"rendered":"<p>Papendrecht, 9 maart 2026 Schenk Tanktransport, een van de toonaangevende tanktransportbedrijven in Noord-West-Europa, heeft Franz [&hellip;]<\/p>\n","protected":false},"author":39,"featured_media":2769,"parent":0,"menu_order":0,"comment_status":"closed","ping_status":"closed","template":"","meta":{"_acf_changed":false,"editor_notices":[],"footnotes":""},"class_list":["post-2768","page","type-page","status-publish","has-post-thumbnail","hentry"],"acf":{"contactpersoon_related_titel":"Voor meer informatie kunt u contact opnemen met:","contactpersoon_related_content":"Marcel Claessen\r\nCEO Schenk Tanktransport\r\nm.claessen@schenk-tanktransport.eu\r\n+31 6 53 917 140\r\n\r\nFranz Fischer\r\nManaging Director\r\nF.Fischer@schenk-tanktransport.eu\r\n+49 5021 9797-13","contactpersoon_related":""},"yoast_head":"<!-- This site is optimized with the Yoast SEO plugin v27.3 - https:\/\/yoast.com\/product\/yoast-seo-wordpress\/ -->\n<title>Schenk versterkt positie in de DACH-regio met de overname van Franz Fischer Spedition GmbH - Schenk Tanktransport (nl)<\/title>\n<meta name=\"robots\" content=\"index, follow, max-snippet:-1, max-image-preview:large, max-video-preview:-1\" \/>\n<link rel=\"canonical\" href=\"https:\/\/www.schenk-tanktransport.com\/nl\/schenk-versterkt-positie-in-de-dach-regio-met-de-overname-van-franz-fischer-spedition-gmbh\/\" \/>\n<meta property=\"og:locale\" content=\"nl_NL\" \/>\n<meta property=\"og:type\" content=\"article\" \/>\n<meta property=\"og:title\" content=\"Schenk versterkt positie in de DACH-regio met de overname van Franz Fischer Spedition GmbH - Schenk Tanktransport (nl)\" \/>\n<meta property=\"og:description\" content=\"Papendrecht, 9 maart 2026 Schenk Tanktransport, een van de toonaangevende tanktransportbedrijven in Noord-West-Europa, heeft Franz [&hellip;]\" \/>\n<meta property=\"og:url\" content=\"https:\/\/www.schenk-tanktransport.com\/nl\/schenk-versterkt-positie-in-de-dach-regio-met-de-overname-van-franz-fischer-spedition-gmbh\/\" \/>\n<meta property=\"og:site_name\" content=\"Schenk Tanktransport (nl)\" \/>\n<meta property=\"article:modified_time\" content=\"2026-03-09T16:02:40+00:00\" \/>\n<meta property=\"og:image\" content=\"\/wp-content\/themes\/buro26\/assets\/images\/og-schenk-tankstransport.jpg\" \/>\n\t<meta property=\"og:image:width\" content=\"1024\" \/>\n\t<meta property=\"og:image:height\" content=\"768\" \/>\n\t<meta property=\"og:image:type\" content=\"image\/png\" \/>\n<meta name=\"twitter:card\" content=\"summary_large_image\" \/>\n<meta name=\"twitter:label1\" content=\"Geschatte leestijd\" \/>\n\t<meta name=\"twitter:data1\" content=\"4 minuten\" \/>\n<script type=\"application\/ld+json\" class=\"yoast-schema-graph\">{\"@context\":\"https:\\\/\\\/schema.org\",\"@graph\":[{\"@type\":\"WebPage\",\"@id\":\"https:\\\/\\\/www.schenk-tanktransport.com\\\/nl\\\/schenk-versterkt-positie-in-de-dach-regio-met-de-overname-van-franz-fischer-spedition-gmbh\\\/\",\"url\":\"https:\\\/\\\/www.schenk-tanktransport.com\\\/nl\\\/schenk-versterkt-positie-in-de-dach-regio-met-de-overname-van-franz-fischer-spedition-gmbh\\\/\",\"name\":\"Schenk versterkt positie in de DACH-regio met de overname van Franz Fischer Spedition GmbH - Schenk Tanktransport (nl)\",\"isPartOf\":{\"@id\":\"https:\\\/\\\/www.schenk-tanktransport.com\\\/nl\\\/#website\"},\"primaryImageOfPage\":{\"@id\":\"https:\\\/\\\/www.schenk-tanktransport.com\\\/nl\\\/schenk-versterkt-positie-in-de-dach-regio-met-de-overname-van-franz-fischer-spedition-gmbh\\\/#primaryimage\"},\"image\":{\"@id\":\"https:\\\/\\\/www.schenk-tanktransport.com\\\/nl\\\/schenk-versterkt-positie-in-de-dach-regio-met-de-overname-van-franz-fischer-spedition-gmbh\\\/#primaryimage\"},\"thumbnailUrl\":\"https:\\\/\\\/www.schenk-tanktransport.com\\\/nl\\\/wp-content\\\/uploads\\\/sites\\\/5\\\/2026\\\/03\\\/2026_March_Schenk-Tanktransport-x-Franz-Fischer-GmbH.png\",\"datePublished\":\"2026-03-09T15:14:42+00:00\",\"dateModified\":\"2026-03-09T16:02:40+00:00\",\"inLanguage\":\"nl-NL\",\"potentialAction\":[{\"@type\":\"ReadAction\",\"target\":[\"https:\\\/\\\/www.schenk-tanktransport.com\\\/nl\\\/schenk-versterkt-positie-in-de-dach-regio-met-de-overname-van-franz-fischer-spedition-gmbh\\\/\"]}]},{\"@type\":\"ImageObject\",\"inLanguage\":\"nl-NL\",\"@id\":\"https:\\\/\\\/www.schenk-tanktransport.com\\\/nl\\\/schenk-versterkt-positie-in-de-dach-regio-met-de-overname-van-franz-fischer-spedition-gmbh\\\/#primaryimage\",\"url\":\"https:\\\/\\\/www.schenk-tanktransport.com\\\/nl\\\/wp-content\\\/uploads\\\/sites\\\/5\\\/2026\\\/03\\\/2026_March_Schenk-Tanktransport-x-Franz-Fischer-GmbH.png\",\"contentUrl\":\"https:\\\/\\\/www.schenk-tanktransport.com\\\/nl\\\/wp-content\\\/uploads\\\/sites\\\/5\\\/2026\\\/03\\\/2026_March_Schenk-Tanktransport-x-Franz-Fischer-GmbH.png\",\"width\":1938,\"height\":1454},{\"@type\":\"WebSite\",\"@id\":\"https:\\\/\\\/www.schenk-tanktransport.com\\\/nl\\\/#website\",\"url\":\"https:\\\/\\\/www.schenk-tanktransport.com\\\/nl\\\/\",\"name\":\"Schenk Tanktransport (nl)\",\"description\":\"transport van brandstoffen, smeeroli\u00ebn, LPG, industri\u00eble gassen, LNG, bitumen en chemicali\u00ebn\",\"potentialAction\":[{\"@type\":\"SearchAction\",\"target\":{\"@type\":\"EntryPoint\",\"urlTemplate\":\"https:\\\/\\\/www.schenk-tanktransport.com\\\/nl\\\/?s={search_term_string}\"},\"query-input\":{\"@type\":\"PropertyValueSpecification\",\"valueRequired\":true,\"valueName\":\"search_term_string\"}}],\"inLanguage\":\"nl-NL\"}]}<\/script>\n<!-- \/ Yoast SEO plugin. -->","yoast_head_json":{"title":"Schenk versterkt positie in de DACH-regio met de overname van Franz Fischer Spedition GmbH - Schenk Tanktransport (nl)","robots":{"index":"index","follow":"follow","max-snippet":"max-snippet:-1","max-image-preview":"max-image-preview:large","max-video-preview":"max-video-preview:-1"},"canonical":"https:\/\/www.schenk-tanktransport.com\/nl\/schenk-versterkt-positie-in-de-dach-regio-met-de-overname-van-franz-fischer-spedition-gmbh\/","og_locale":"nl_NL","og_type":"article","og_title":"Schenk versterkt positie in de DACH-regio met de overname van Franz Fischer Spedition GmbH - Schenk Tanktransport (nl)","og_description":"Papendrecht, 9 maart 2026 Schenk Tanktransport, een van de toonaangevende tanktransportbedrijven in Noord-West-Europa, heeft Franz [&hellip;]","og_url":"https:\/\/www.schenk-tanktransport.com\/nl\/schenk-versterkt-positie-in-de-dach-regio-met-de-overname-van-franz-fischer-spedition-gmbh\/","og_site_name":"Schenk Tanktransport (nl)","article_modified_time":"2026-03-09T16:02:40+00:00","og_image":[{"width":1024,"height":768,"url":"\/wp-content\/themes\/buro26\/assets\/images\/og-schenk-tankstransport.jpg","type":"image\/png"}],"twitter_card":"summary_large_image","twitter_misc":{"Geschatte leestijd":"4 minuten"},"schema":{"@context":"https:\/\/schema.org","@graph":[{"@type":"WebPage","@id":"https:\/\/www.schenk-tanktransport.com\/nl\/schenk-versterkt-positie-in-de-dach-regio-met-de-overname-van-franz-fischer-spedition-gmbh\/","url":"https:\/\/www.schenk-tanktransport.com\/nl\/schenk-versterkt-positie-in-de-dach-regio-met-de-overname-van-franz-fischer-spedition-gmbh\/","name":"Schenk versterkt positie in de DACH-regio met de overname van Franz Fischer Spedition GmbH - Schenk Tanktransport (nl)","isPartOf":{"@id":"https:\/\/www.schenk-tanktransport.com\/nl\/#website"},"primaryImageOfPage":{"@id":"https:\/\/www.schenk-tanktransport.com\/nl\/schenk-versterkt-positie-in-de-dach-regio-met-de-overname-van-franz-fischer-spedition-gmbh\/#primaryimage"},"image":{"@id":"https:\/\/www.schenk-tanktransport.com\/nl\/schenk-versterkt-positie-in-de-dach-regio-met-de-overname-van-franz-fischer-spedition-gmbh\/#primaryimage"},"thumbnailUrl":"https:\/\/www.schenk-tanktransport.com\/nl\/wp-content\/uploads\/sites\/5\/2026\/03\/2026_March_Schenk-Tanktransport-x-Franz-Fischer-GmbH.png","datePublished":"2026-03-09T15:14:42+00:00","dateModified":"2026-03-09T16:02:40+00:00","inLanguage":"nl-NL","potentialAction":[{"@type":"ReadAction","target":["https:\/\/www.schenk-tanktransport.com\/nl\/schenk-versterkt-positie-in-de-dach-regio-met-de-overname-van-franz-fischer-spedition-gmbh\/"]}]},{"@type":"ImageObject","inLanguage":"nl-NL","@id":"https:\/\/www.schenk-tanktransport.com\/nl\/schenk-versterkt-positie-in-de-dach-regio-met-de-overname-van-franz-fischer-spedition-gmbh\/#primaryimage","url":"https:\/\/www.schenk-tanktransport.com\/nl\/wp-content\/uploads\/sites\/5\/2026\/03\/2026_March_Schenk-Tanktransport-x-Franz-Fischer-GmbH.png","contentUrl":"https:\/\/www.schenk-tanktransport.com\/nl\/wp-content\/uploads\/sites\/5\/2026\/03\/2026_March_Schenk-Tanktransport-x-Franz-Fischer-GmbH.png","width":1938,"height":1454},{"@type":"WebSite","@id":"https:\/\/www.schenk-tanktransport.com\/nl\/#website","url":"https:\/\/www.schenk-tanktransport.com\/nl\/","name":"Schenk Tanktransport (nl)","description":"transport van brandstoffen, smeeroli\u00ebn, LPG, industri\u00eble gassen, LNG, bitumen en chemicali\u00ebn","potentialAction":[{"@type":"SearchAction","target":{"@type":"EntryPoint","urlTemplate":"https:\/\/www.schenk-tanktransport.com\/nl\/?s={search_term_string}"},"query-input":{"@type":"PropertyValueSpecification","valueRequired":true,"valueName":"search_term_string"}}],"inLanguage":"nl-NL"}]}},"_links":{"self":[{"href":"https:\/\/www.schenk-tanktransport.com\/nl\/wp-json\/wp\/v2\/pages\/2768","targetHints":{"allow":["GET"]}}],"collection":[{"href":"https:\/\/www.schenk-tanktransport.com\/nl\/wp-json\/wp\/v2\/pages"}],"about":[{"href":"https:\/\/www.schenk-tanktransport.com\/nl\/wp-json\/wp\/v2\/types\/page"}],"author":[{"embeddable":true,"href":"https:\/\/www.schenk-tanktransport.com\/nl\/wp-json\/wp\/v2\/users\/39"}],"replies":[{"embeddable":true,"href":"https:\/\/www.schenk-tanktransport.com\/nl\/wp-json\/wp\/v2\/comments?post=2768"}],"version-history":[{"count":12,"href":"https:\/\/www.schenk-tanktransport.com\/nl\/wp-json\/wp\/v2\/pages\/2768\/revisions"}],"predecessor-version":[{"id":2794,"href":"https:\/\/www.schenk-tanktransport.com\/nl\/wp-json\/wp\/v2\/pages\/2768\/revisions\/2794"}],"wp:featuredmedia":[{"embeddable":true,"href":"https:\/\/www.schenk-tanktransport.com\/nl\/wp-json\/wp\/v2\/media\/2769"}],"wp:attachment":[{"href":"https:\/\/www.schenk-tanktransport.com\/nl\/wp-json\/wp\/v2\/media?parent=2768"}],"curies":[{"name":"wp","href":"https:\/\/api.w.org\/{rel}","templated":true}]}}