{"id":367,"date":"2024-03-14T09:20:01","date_gmt":"2024-03-14T08:20:01","guid":{"rendered":"https:\/\/www.schenk-tanktransport.com\/?page_id=367"},"modified":"2024-03-14T09:20:01","modified_gmt":"2024-03-14T08:20:01","slug":"verhuur","status":"publish","type":"page","link":"https:\/\/www.schenk-tanktransport.com\/nl\/verhuur\/","title":{"rendered":"Verhuur"},"content":{"rendered":"","protected":false},"excerpt":{"rendered":"","protected":false},"author":26,"featured_media":0,"parent":0,"menu_order":0,"comment_status":"closed","ping_status":"closed","template":"","meta":{"_acf_changed":false,"editor_notices":[],"footnotes":""},"class_list":["post-367","page","type-page","status-publish","hentry"],"acf":{"contactpersoon_related_titel":"Questions about this vacancy?","contactpersoon_related_content":"Lorem ipsum dolor sit amet, consectetur adipiscing elit. Curabitur aliquam vitae dolor at eleifend. Sed et dignissim est. Aliquam in dolor finibus, commodo quam vitae, aliquet justo.","contactpersoon_related":null},"yoast_head":"<!-- This site is optimized with the Yoast SEO plugin v27.3 - https:\/\/yoast.com\/product\/yoast-seo-wordpress\/ -->\n<title>Verhuur - Schenk Tanktransport (nl)<\/title>\n<meta name=\"robots\" content=\"index, follow, max-snippet:-1, max-image-preview:large, max-video-preview:-1\" \/>\n<link rel=\"canonical\" href=\"https:\/\/www.schenk-tanktransport.com\/nl\/verhuur\/\" \/>\n<meta property=\"og:locale\" content=\"nl_NL\" \/>\n<meta property=\"og:type\" content=\"article\" \/>\n<meta property=\"og:title\" content=\"Verhuur - Schenk Tanktransport (nl)\" \/>\n<meta property=\"og:url\" content=\"https:\/\/www.schenk-tanktransport.com\/nl\/verhuur\/\" \/>\n<meta property=\"og:site_name\" content=\"Schenk Tanktransport (nl)\" \/>\n<meta name=\"twitter:card\" content=\"summary_large_image\" \/>\n<script type=\"application\/ld+json\" class=\"yoast-schema-graph\">{\"@context\":\"https:\\\/\\\/schema.org\",\"@graph\":[{\"@type\":\"WebPage\",\"@id\":\"https:\\\/\\\/www.schenk-tanktransport.com\\\/nl\\\/verhuur\\\/\",\"url\":\"https:\\\/\\\/www.schenk-tanktransport.com\\\/nl\\\/verhuur\\\/\",\"name\":\"Verhuur - Schenk Tanktransport (nl)\",\"isPartOf\":{\"@id\":\"https:\\\/\\\/www.schenk-tanktransport.com\\\/nl\\\/#website\"},\"datePublished\":\"2024-03-14T08:20:01+00:00\",\"inLanguage\":\"nl-NL\",\"potentialAction\":[{\"@type\":\"ReadAction\",\"target\":[\"https:\\\/\\\/www.schenk-tanktransport.com\\\/nl\\\/verhuur\\\/\"]}]},{\"@type\":\"WebSite\",\"@id\":\"https:\\\/\\\/www.schenk-tanktransport.com\\\/nl\\\/#website\",\"url\":\"https:\\\/\\\/www.schenk-tanktransport.com\\\/nl\\\/\",\"name\":\"Schenk Tanktransport (nl)\",\"description\":\"transport van brandstoffen, smeeroli\u00ebn, LPG, industri\u00eble gassen, LNG, bitumen en chemicali\u00ebn\",\"potentialAction\":[{\"@type\":\"SearchAction\",\"target\":{\"@type\":\"EntryPoint\",\"urlTemplate\":\"https:\\\/\\\/www.schenk-tanktransport.com\\\/nl\\\/?s={search_term_string}\"},\"query-input\":{\"@type\":\"PropertyValueSpecification\",\"valueRequired\":true,\"valueName\":\"search_term_string\"}}],\"inLanguage\":\"nl-NL\"}]}<\/script>\n<!-- \/ Yoast SEO plugin. -->","yoast_head_json":{"title":"Verhuur - Schenk Tanktransport (nl)","robots":{"index":"index","follow":"follow","max-snippet":"max-snippet:-1","max-image-preview":"max-image-preview:large","max-video-preview":"max-video-preview:-1"},"canonical":"https:\/\/www.schenk-tanktransport.com\/nl\/verhuur\/","og_locale":"nl_NL","og_type":"article","og_title":"Verhuur - Schenk Tanktransport (nl)","og_url":"https:\/\/www.schenk-tanktransport.com\/nl\/verhuur\/","og_site_name":"Schenk Tanktransport (nl)","twitter_card":"summary_large_image","schema":{"@context":"https:\/\/schema.org","@graph":[{"@type":"WebPage","@id":"https:\/\/www.schenk-tanktransport.com\/nl\/verhuur\/","url":"https:\/\/www.schenk-tanktransport.com\/nl\/verhuur\/","name":"Verhuur - Schenk Tanktransport (nl)","isPartOf":{"@id":"https:\/\/www.schenk-tanktransport.com\/nl\/#website"},"datePublished":"2024-03-14T08:20:01+00:00","inLanguage":"nl-NL","potentialAction":[{"@type":"ReadAction","target":["https:\/\/www.schenk-tanktransport.com\/nl\/verhuur\/"]}]},{"@type":"WebSite","@id":"https:\/\/www.schenk-tanktransport.com\/nl\/#website","url":"https:\/\/www.schenk-tanktransport.com\/nl\/","name":"Schenk Tanktransport (nl)","description":"transport van brandstoffen, smeeroli\u00ebn, LPG, industri\u00eble gassen, LNG, bitumen en chemicali\u00ebn","potentialAction":[{"@type":"SearchAction","target":{"@type":"EntryPoint","urlTemplate":"https:\/\/www.schenk-tanktransport.com\/nl\/?s={search_term_string}"},"query-input":{"@type":"PropertyValueSpecification","valueRequired":true,"valueName":"search_term_string"}}],"inLanguage":"nl-NL"}]}},"_links":{"self":[{"href":"https:\/\/www.schenk-tanktransport.com\/nl\/wp-json\/wp\/v2\/pages\/367","targetHints":{"allow":["GET"]}}],"collection":[{"href":"https:\/\/www.schenk-tanktransport.com\/nl\/wp-json\/wp\/v2\/pages"}],"about":[{"href":"https:\/\/www.schenk-tanktransport.com\/nl\/wp-json\/wp\/v2\/types\/page"}],"author":[{"embeddable":true,"href":"https:\/\/www.schenk-tanktransport.com\/nl\/wp-json\/wp\/v2\/users\/26"}],"replies":[{"embeddable":true,"href":"https:\/\/www.schenk-tanktransport.com\/nl\/wp-json\/wp\/v2\/comments?post=367"}],"version-history":[{"count":1,"href":"https:\/\/www.schenk-tanktransport.com\/nl\/wp-json\/wp\/v2\/pages\/367\/revisions"}],"predecessor-version":[{"id":368,"href":"https:\/\/www.schenk-tanktransport.com\/nl\/wp-json\/wp\/v2\/pages\/367\/revisions\/368"}],"wp:attachment":[{"href":"https:\/\/www.schenk-tanktransport.com\/nl\/wp-json\/wp\/v2\/media?parent=367"}],"curies":[{"name":"wp","href":"https:\/\/api.w.org\/{rel}","templated":true}]}}