{"id":41,"date":"2023-12-01T10:59:43","date_gmt":"2023-12-01T10:59:43","guid":{"rendered":"https:\/\/www.schenk-tanktransport.com\/?page_id=41"},"modified":"2025-09-12T15:41:36","modified_gmt":"2025-09-12T13:41:36","slug":"home","status":"publish","type":"page","link":"https:\/\/www.schenk-tanktransport.com\/nl\/","title":{"rendered":"Schenk"},"content":{"rendered":"\n<p>Wij zijn Schenk. Als toonaangevend internationaal tanktransportbedrijf richten we ons op het leveren van topkwaliteit, het verkennen van nieuwe markten en het uitbreiden naar opkomende niches. Met meer dan 2.600 specialisten in onze operaties en kantoren in vijf landen, navigeren we moeiteloos door de uitdagingen van de Europese industrie.<\/p>\n\n\n\n<div class=\"wp-block-buttons is-layout-flex wp-block-buttons-is-layout-flex\">\n<div class=\"wp-block-button\"><a class=\"wp-block-button__link wp-element-button\" href=\"https:\/\/www.schenk-tanktransport.com\/nl\/about-schenk\/\">Over ons<\/a><\/div>\n\n\n\n<div class=\"wp-block-button\"><a class=\"wp-block-button__link wp-element-button\" href=\"https:\/\/www.schenk-tanktransport.com\/nl\/vacatures\/\">Vacatures<\/a><\/div>\n<\/div>\n","protected":false},"excerpt":{"rendered":"<p>Wij zijn Schenk. Als toonaangevend internationaal tanktransportbedrijf richten we ons op het leveren van topkwaliteit, [&hellip;]<\/p>\n","protected":false},"author":26,"featured_media":0,"parent":0,"menu_order":0,"comment_status":"closed","ping_status":"closed","template":"","meta":{"_acf_changed":false,"editor_notices":[],"footnotes":""},"class_list":["post-41","page","type-page","status-publish","hentry"],"acf":{"contactpersoon_related_titel":"Questions about this vacancy?","contactpersoon_related_content":"Lorem ipsum dolor sit amet, consectetur adipiscing elit. Curabitur aliquam vitae dolor at eleifend. Sed et dignissim est. Aliquam in dolor finibus, commodo quam vitae, aliquet justo.","contactpersoon_related":""},"yoast_head":"<!-- This site is optimized with the Yoast SEO plugin v27.3 - https:\/\/yoast.com\/product\/yoast-seo-wordpress\/ -->\n<title>Duurzaam Tanktransport \u2013 Schenk Tanktransport<\/title>\n<meta name=\"description\" content=\"Schenk Tanktransport biedt veilig, effici\u00ebnt en duurzaam tanktransport in Nederland en Europa met gespecialiseerde voertuigen en ervaren chauffeurs.\" \/>\n<meta name=\"robots\" content=\"index, follow, max-snippet:-1, max-image-preview:large, max-video-preview:-1\" \/>\n<link rel=\"canonical\" href=\"https:\/\/www.schenk-tanktransport.com\/nl\/\" \/>\n<meta property=\"og:locale\" content=\"nl_NL\" \/>\n<meta property=\"og:type\" content=\"article\" \/>\n<meta property=\"og:title\" content=\"Duurzaam Tanktransport \u2013 Schenk Tanktransport\" \/>\n<meta property=\"og:description\" content=\"Schenk Tanktransport biedt veilig, effici\u00ebnt en duurzaam tanktransport in Nederland en Europa met gespecialiseerde voertuigen en ervaren chauffeurs.\" \/>\n<meta property=\"og:url\" content=\"https:\/\/www.schenk-tanktransport.com\/nl\/\" \/>\n<meta property=\"og:site_name\" content=\"Schenk Tanktransport (nl)\" \/>\n<meta property=\"article:modified_time\" content=\"2025-09-12T13:41:36+00:00\" \/>\n<meta name=\"twitter:card\" content=\"summary_large_image\" \/>\n<meta name=\"twitter:label1\" content=\"Geschatte leestijd\" \/>\n\t<meta name=\"twitter:data1\" content=\"1 minuut\" \/>\n<script type=\"application\/ld+json\" class=\"yoast-schema-graph\">{\"@context\":\"https:\\\/\\\/schema.org\",\"@graph\":[{\"@type\":\"WebPage\",\"@id\":\"https:\\\/\\\/www.schenk-tanktransport.com\\\/nl\\\/\",\"url\":\"https:\\\/\\\/www.schenk-tanktransport.com\\\/nl\\\/\",\"name\":\"Duurzaam Tanktransport \u2013 Schenk Tanktransport\",\"isPartOf\":{\"@id\":\"https:\\\/\\\/www.schenk-tanktransport.com\\\/nl\\\/#website\"},\"datePublished\":\"2023-12-01T10:59:43+00:00\",\"dateModified\":\"2025-09-12T13:41:36+00:00\",\"description\":\"Schenk Tanktransport biedt veilig, effici\u00ebnt en duurzaam tanktransport in Nederland en Europa met gespecialiseerde voertuigen en ervaren chauffeurs.\",\"inLanguage\":\"nl-NL\",\"potentialAction\":[{\"@type\":\"ReadAction\",\"target\":[\"https:\\\/\\\/www.schenk-tanktransport.com\\\/nl\\\/\"]}]},{\"@type\":\"WebSite\",\"@id\":\"https:\\\/\\\/www.schenk-tanktransport.com\\\/nl\\\/#website\",\"url\":\"https:\\\/\\\/www.schenk-tanktransport.com\\\/nl\\\/\",\"name\":\"Schenk Tanktransport (nl)\",\"description\":\"transport van brandstoffen, smeeroli\u00ebn, LPG, industri\u00eble gassen, LNG, bitumen en chemicali\u00ebn\",\"potentialAction\":[{\"@type\":\"SearchAction\",\"target\":{\"@type\":\"EntryPoint\",\"urlTemplate\":\"https:\\\/\\\/www.schenk-tanktransport.com\\\/nl\\\/?s={search_term_string}\"},\"query-input\":{\"@type\":\"PropertyValueSpecification\",\"valueRequired\":true,\"valueName\":\"search_term_string\"}}],\"inLanguage\":\"nl-NL\"}]}<\/script>\n<!-- \/ Yoast SEO plugin. -->","yoast_head_json":{"title":"Duurzaam Tanktransport \u2013 Schenk Tanktransport","description":"Schenk Tanktransport biedt veilig, effici\u00ebnt en duurzaam tanktransport in Nederland en Europa met gespecialiseerde voertuigen en ervaren chauffeurs.","robots":{"index":"index","follow":"follow","max-snippet":"max-snippet:-1","max-image-preview":"max-image-preview:large","max-video-preview":"max-video-preview:-1"},"canonical":"https:\/\/www.schenk-tanktransport.com\/nl\/","og_locale":"nl_NL","og_type":"article","og_title":"Duurzaam Tanktransport \u2013 Schenk Tanktransport","og_description":"Schenk Tanktransport biedt veilig, effici\u00ebnt en duurzaam tanktransport in Nederland en Europa met gespecialiseerde voertuigen en ervaren chauffeurs.","og_url":"https:\/\/www.schenk-tanktransport.com\/nl\/","og_site_name":"Schenk Tanktransport (nl)","article_modified_time":"2025-09-12T13:41:36+00:00","twitter_card":"summary_large_image","twitter_misc":{"Geschatte leestijd":"1 minuut"},"schema":{"@context":"https:\/\/schema.org","@graph":[{"@type":"WebPage","@id":"https:\/\/www.schenk-tanktransport.com\/nl\/","url":"https:\/\/www.schenk-tanktransport.com\/nl\/","name":"Duurzaam Tanktransport \u2013 Schenk Tanktransport","isPartOf":{"@id":"https:\/\/www.schenk-tanktransport.com\/nl\/#website"},"datePublished":"2023-12-01T10:59:43+00:00","dateModified":"2025-09-12T13:41:36+00:00","description":"Schenk Tanktransport biedt veilig, effici\u00ebnt en duurzaam tanktransport in Nederland en Europa met gespecialiseerde voertuigen en ervaren chauffeurs.","inLanguage":"nl-NL","potentialAction":[{"@type":"ReadAction","target":["https:\/\/www.schenk-tanktransport.com\/nl\/"]}]},{"@type":"WebSite","@id":"https:\/\/www.schenk-tanktransport.com\/nl\/#website","url":"https:\/\/www.schenk-tanktransport.com\/nl\/","name":"Schenk Tanktransport (nl)","description":"transport van brandstoffen, smeeroli\u00ebn, LPG, industri\u00eble gassen, LNG, bitumen en chemicali\u00ebn","potentialAction":[{"@type":"SearchAction","target":{"@type":"EntryPoint","urlTemplate":"https:\/\/www.schenk-tanktransport.com\/nl\/?s={search_term_string}"},"query-input":{"@type":"PropertyValueSpecification","valueRequired":true,"valueName":"search_term_string"}}],"inLanguage":"nl-NL"}]}},"_links":{"self":[{"href":"https:\/\/www.schenk-tanktransport.com\/nl\/wp-json\/wp\/v2\/pages\/41","targetHints":{"allow":["GET"]}}],"collection":[{"href":"https:\/\/www.schenk-tanktransport.com\/nl\/wp-json\/wp\/v2\/pages"}],"about":[{"href":"https:\/\/www.schenk-tanktransport.com\/nl\/wp-json\/wp\/v2\/types\/page"}],"author":[{"embeddable":true,"href":"https:\/\/www.schenk-tanktransport.com\/nl\/wp-json\/wp\/v2\/users\/26"}],"replies":[{"embeddable":true,"href":"https:\/\/www.schenk-tanktransport.com\/nl\/wp-json\/wp\/v2\/comments?post=41"}],"version-history":[{"count":31,"href":"https:\/\/www.schenk-tanktransport.com\/nl\/wp-json\/wp\/v2\/pages\/41\/revisions"}],"predecessor-version":[{"id":2442,"href":"https:\/\/www.schenk-tanktransport.com\/nl\/wp-json\/wp\/v2\/pages\/41\/revisions\/2442"}],"wp:attachment":[{"href":"https:\/\/www.schenk-tanktransport.com\/nl\/wp-json\/wp\/v2\/media?parent=41"}],"curies":[{"name":"wp","href":"https:\/\/api.w.org\/{rel}","templated":true}]}}